{"id":678,"date":"2020-06-18T15:16:37","date_gmt":"2020-06-18T20:16:37","guid":{"rendered":"https:\/\/www.drscholls.ca\/fr\/?page_id=678"},"modified":"2020-11-24T11:22:26","modified_gmt":"2020-11-24T16:22:26","slug":"inconforts-lies-au-port-de-chaussures","status":"publish","type":"page","link":"https:\/\/www.drscholls.ca\/fr\/ca\/symptomes-et-problemes\/douleur-aux-pieds-et-problemes-de-sante\/inconforts-lies-au-port-de-chaussures\/","title":{"rendered":"L\u2019INCONFORT CAUS\u00c9 PAR LES CHAUSSURES"},"content":{"rendered":"<div class=\"wpb-content-wrapper\">[vc_section full_width=&#8221;stretch_row&#8221; content_placement=&#8221;middle&#8221; el_class=&#8221;blue-gradient pt-5 pb-3 mb-5&#8243;][vc_row content_placement=&#8221;middle&#8221;][vc_column width=&#8221;2\/3&#8243;][vc_raw_html]JTNDaDElMjBjbGFzcyUzRCUyMnRleHQtdXBwZXJjYXNlJTIwbWItMCUyMiUzRUxFJTIwUE9JTlQlMjBTVVIlMjBMJUUyJTgwJTk5SU5DT05GT1JUJTIwQ0FVUyVDMyU4OSUyMFBBUiUyMExFUyUyMENIQVVTU1VSRVMlM0NzcGFuJTIwY2xhc3MlM0QlMjJ5ZWxsb3clMjIlM0UlM0ElM0MlMkZzcGFuJTNFJTNDJTJGaDElM0U=[\/vc_raw_html][\/vc_column][vc_column width=&#8221;1\/3&#8243;][vc_raw_html el_class=&#8221;yellow&#8221;]JTNDcCUzRSUzQ2ElMjBocmVmJTNEJTIyJTIzZGVmaW5pdGlvbiUyMiUyMGNsYXNzJTNEJTIyYW5jaG9yJTIyJTNFRGUlMjBxdW9pJTIwcyVFMiU4MCU5OWFnaXQtaWwlM0YlM0MlMkZhJTNFJTNDJTJGcCUzRSUwQSUzQ3AlM0UlM0NhJTIwaHJlZiUzRCUyMiUyM2NhdXNlcyUyMiUyMGNsYXNzJTNEJTIyYW5jaG9yJTIyJTNFUXVlbGxlcyUyMGVuJTIwc29udCUyMGxlcyUyMGNhdXNlcyUzRiUzQyUyRmElM0UlM0MlMkZwJTNFJTBBJTNDcCUzRSUzQ2ElMjBocmVmJTNEJTIyJTIzc29sdXRpb25zJTIyJTIwY2xhc3MlM0QlMjJhbmNob3IlMjIlM0VRdWUlMjBwdWlzLWplJTIwZmFpcmUlM0YlM0MlMkZhJTNFJTNDJTJGcCUzRSUwQSUwQQ==[\/vc_raw_html][\/vc_column][\/vc_row][\/vc_section][vc_section el_id=&#8221;definition&#8221; el_class=&#8221;mt-4 mb-5&#8243;][vc_row][vc_column width=&#8221;1\/12&#8243;][\/vc_column][vc_column width=&#8221;5\/6&#8243;][vc_custom_heading text=&#8221;POURQUOI L\u2019INCONFORT LI\u00c9 AUX CHAUSSURES PEUT \u00caTRE PLUS QU\u2019UNE SIMPLE NUISANCE&#8221; font_container=&#8221;tag:h2|text_align:center&#8221; use_theme_fonts=&#8221;yes&#8221; el_class=&#8221;text-uppercase&#8221;][vc_column_text el_class=&#8221;lg&#8221;]\r\n<p style=\"text-align: center;\">Tout le monde a eu l\u2019exp\u00e9rience d\u2019acheter une paire de chaussures qu\u2019il aimait, pour se rendre compte plus tard qu\u2019elles n\u2019\u00e9taient pas confortables. Parfois, la pointure n\u2019est pas tout \u00e0 fait la bonne, la chaussure ne perd pas sa rigidit\u00e9 et demeure inconfortable, et certains mod\u00e8les, par exemple les chaussures habill\u00e9es, avec talon ou des sandales, ne donnent tout simplement pas le support requis. Ainsi, on a un dilemme\u00a0: endurer l\u2019inconfort ou se d\u00e9barrasser des chaussures?<\/p>\r\n[\/vc_column_text][\/vc_column][vc_column width=&#8221;1\/12&#8243;][\/vc_column][\/vc_row][\/vc_section][vc_section full_width=&#8221;stretch_row&#8221; el_class=&#8221;mb-5&#8243;][vc_row equal_height=&#8221;yes&#8221; content_placement=&#8221;middle&#8221; el_class=&#8221;no-padding&#8221;][vc_column width=&#8221;1\/2&#8243;][vc_single_image image=&#8221;679&#8243; img_size=&#8221;full&#8221; alignment=&#8221;centre&#8221; el_class=&#8221;no-padding&#8221; css=&#8221;.vc_custom_1592510746320{margin-bottom: 0px !important;}&#8221;][\/vc_column][vc_column width=&#8221;1\/2&#8243; el_class=&#8221;yellow-gradient&#8221;][vc_column_text el_class=&#8221;px-5 pt-5 pb-3&#8243;]Mais parfois, <a href=\"\/fr\/ca\/symptomes-et-problemes\/douleur-aux-pieds-et-problemes-de-sante\/inconforts-lies-au-port-de-chaussures\/\">l\u2019inconfort des chaussures<\/a> peut \u00eatre plus qu\u2019une simple nuisance. Il peut en fait conduire \u00e0 une panoplie de probl\u00e8mes, notamment\u00a0:\r\n<ul class=\"listPara-blue\">\r\n \t<li><strong><a href=\"https:\/\/www.drscholls.ca\/fr\/ca\/symptomes-et-problemes\/affections-cutanees-du-pied\/cors\/\">Cors <\/a>:<\/strong> petites bosses de la taille d\u2019un petit pois faites d\u2019une peau dure et \u00e9paisse<\/li>\r\n \t<li><strong><a href=\"https:\/\/www.drscholls.ca\/fr\/ca\/symptomes-et-problemes\/affections-cutanees-du-pied\/oignons\/\">Oignons\u00a0<\/a>:<\/strong> bosse ou enflure sur l\u2019articulation du gros orteil qui doit \u00eatre enlev\u00e9e par chirurgie.<\/li>\r\n \t<li><strong><a href=\"https:\/\/www.drscholls.ca\/fr\/ca\/symptomes-et-problemes\/affections-cutanees-du-pied\/ampoules\/\">Ampoules <\/a>:<\/strong> formation d\u2019une bulle remplie de liquide sur la peau.<\/li>\r\n<\/ul>\r\nHeureusement, beaucoup de ces probl\u00e8mes ne sont pas graves et peuvent \u00eatre trait\u00e9s, mais ils rendent tout de m\u00eame difficile le d\u00e9placement confortable et avec assurance.[\/vc_column_text][\/vc_column][\/vc_row][\/vc_section][vc_section el_id=&#8221;causes&#8221; el_class=&#8221;mt-4&#8243;][vc_row][vc_column width=&#8221;1\/12&#8243;][\/vc_column][vc_column width=&#8221;5\/6&#8243;][vc_custom_heading text=&#8221;POURQUOI L\u2019INCONFORT LI\u00c9 \u00c0 LA CHAUSSURE EST L\u2019ENNEMI&#8221; font_container=&#8221;tag:h2|text_align:center&#8221; use_theme_fonts=&#8221;yes&#8221; el_class=&#8221;text-uppercase&#8221;][vc_column_text]\r\n<p style=\"text-align: center;\">Vous vous souvenez peut-\u00eatre, dans les cours de sciences, que la friction est ce qui se produit lorsque deux surfaces se frottent l\u2019une contre l\u2019autre. Pour \u00eatre confortable dans nos d\u00e9placements, il faut \u00e9viter la friction. Ce frottement peut \u00eatre le r\u00e9sultat de l\u2019usure d\u2019une nouvelle paire de chaussures ou d\u2019une mauvaise pointure. Vos pieds changent \u00e0 mesure que vous vous promenez au cours de la journ\u00e9e et ont tendance \u00e0 \u00eatre plus grands le soir.<\/p>\r\n<p style=\"text-align: center;\">En plus d\u2019\u00eatre inconfortable, ce frottement &#8211; ou cette friction &#8211; des chaussures peut limiter vos mouvements. Difficiles d\u2019\u00eatre soi-m\u00eame lorsqu\u2019on est limit\u00e9 dans nos mouvements.<\/p>\r\n[\/vc_column_text][\/vc_column][vc_column width=&#8221;1\/12&#8243;][\/vc_column][\/vc_row][\/vc_section][vc_row full_width=&#8221;stretch_row&#8221; el_class=&#8221;my-5&#8243;][vc_column][vc_separator][\/vc_column][\/vc_row][vc_section][vc_row content_placement=&#8221;top&#8221;][vc_column][vc_custom_heading text=&#8221;TROUVER DES PRODUITS POUR TRAITER L\u2019INCONFORT DES CHAUSSURES&#8221; font_container=&#8221;tag:h2|text_align:center&#8221; use_theme_fonts=&#8221;yes&#8221; el_class=&#8221;text-uppercase&#8221;][vc_raw_html]JTVCcHJvZHVjdHNfc2xpZGVyJTIwY2F0cyUzRCUyMjE3MiUyQzMyNCUyMiUyMGF1dG9wbGF5JTNEJUUyJTgwJTlEZmFsc2UlRTIlODAlOUQlMjBvcmRlcmJ5JTNEJTIybWVudV9vcmRlciUyMiU1RA==[\/vc_raw_html][\/vc_column][\/vc_row][\/vc_section][vc_section el_class=&#8221;mt-5&#8243; el_id=&#8221;solutions&#8221;][vc_row][vc_column width=&#8221;1\/12&#8243;][\/vc_column][vc_column width=&#8221;5\/6&#8243;][vc_custom_heading text=&#8221;QUE PUIS-JE FAIRE EN CAS D\u2019INCONFORT LI\u00c9 AUX CHAUSSURES?&#8221; font_container=&#8221;tag:h2|text_align:center&#8221; use_theme_fonts=&#8221;yes&#8221; el_class=&#8221;text-uppercase&#8221;][vc_column_text]\r\n<p style=\"text-align: center;\">Pour vous aider \u00e0 porter les chaussures que vous aimez, ici \u00e0 Dr. Scholl\u2018s<sup>\u00ae <\/sup>nous disposons d\u2019une multitude de produits :<\/p>\r\n\r\n<ul class=\"listPara\">\r\n \t<li><strong><a href=\"\/fr\/pc\/confort-et-energie\/\">Semelles Comfort &amp; Energy<sup>\u00ae<\/sup><\/a>:<\/strong> maximiser le confort chaque jour pour se sentir plein d\u2019\u00e9nergie.<\/li>\r\n \t<li><strong><a href=\"\/fr\/pc\/stylish-step\/\">Semelles Stylish Step:<\/a><sup>\u2122<\/sup> <\/strong>un confort discret pour les chaussures de femmes \u00e9l\u00e9gantes.<\/li>\r\n \t<li><strong><a href=\"\/fr\/pc\/traitements-pour-la-peau\/\">Traitements des cors, callosit\u00e9s, oignons et ampoules<\/a>:<\/strong> bouger avec confort dans n\u2019importe quelle chaussure<\/li>\r\n<\/ul>\r\n<p class=\"legal-text legal-text-first\" style=\"text-align: center;\"><em>Ces renseignements ne remplacent pas un diagnostic m\u00e9dical. \u00c0 titre indicatif seulement. Si vous \u00eates diab\u00e9tique, avez une mauvaise circulation sanguine ou une peau fragile, ou si les sympt\u00f4mes sont graves ou persistent, consultez votre podologue ou votre m\u00e9decin avant d\u2019utiliser ces produits.<\/em><\/p>\r\n[\/vc_column_text][\/vc_column][vc_column width=&#8221;1\/12&#8243;][\/vc_column][\/vc_row][\/vc_section][vc_section el_class=&#8221;yellow-gradient wavy py-5 my-5&#8243;][vc_row][vc_column width=&#8221;1\/6&#8243;][\/vc_column][vc_column width=&#8221;2\/3&#8243;][vc_custom_heading text=&#8221;TROUBLES DE SANT\u00c9 LI\u00c9S \u00c0 L\u2019INCONFORT DES CHAUSSURES&#8221; font_container=&#8221;tag:h2|text_align:center&#8221; use_theme_fonts=&#8221;yes&#8221; el_class=&#8221;text-uppercase mb-4&#8243;][vc_row_inner equal_height=&#8221;yes&#8221; gap=&#8221;35&#8243; el_class=&#8221;mb-4&#8243;][vc_column_inner width=&#8221;1\/5&#8243; css=&#8221;.vc_custom_1592336241287{padding-top: 0px !important;background-color: #ffffff !important;}&#8221;][vc_single_image image=&#8221;448&#8243; img_size=&#8221;full&#8221; onclick=&#8221;custom_link&#8221; link=&#8221;https:\/\/www.drscholls.ca\/fr\/ca\/symptomes-et-problemes\/affections-cutanees-du-pied\/cors\/&#8221;][vc_separator][vc_column_text el_class=&#8221;lg&#8221;]\r\n<p style=\"text-align: center;\"><a href=\"https:\/\/www.drscholls.ca\/fr\/ca\/symptomes-et-problemes\/affections-cutanees-du-pied\/cors\/\">cors<\/a><\/p>\r\n[\/vc_column_text][\/vc_column_inner][vc_column_inner width=&#8221;1\/5&#8243; css=&#8221;.vc_custom_1592336262621{padding-top: 0px !important;background-color: #ffffff !important;}&#8221;][vc_single_image image=&#8221;662&#8243; img_size=&#8221;full&#8221; onclick=&#8221;custom_link&#8221; link=&#8221;https:\/\/www.drscholls.ca\/fr\/ca\/symptomes-et-problemes\/affections-cutanees-du-pied\/callosites\/&#8221;][vc_separator][vc_column_text el_class=&#8221;lg&#8221;]\r\n<p style=\"text-align: center;\"><a href=\"https:\/\/www.drscholls.ca\/fr\/ca\/symptomes-et-problemes\/affections-cutanees-du-pied\/callosites\/\">callosit\u00e9s<\/a><\/p>\r\n[\/vc_column_text][\/vc_column_inner][vc_column_inner width=&#8221;1\/5&#8243; css=&#8221;.vc_custom_1592517135517{padding-top: 0px !important;background-color: #ffffff !important;}&#8221;][vc_single_image image=&#8221;664&#8243; img_size=&#8221;full&#8221; onclick=&#8221;custom_link&#8221; link=&#8221;https:\/\/www.drscholls.ca\/fr\/ca\/symptomes-et-problemes\/affections-cutanees-du-pied\/ampoules\/&#8221;][vc_separator][vc_column_text el_class=&#8221;lg&#8221;]\r\n<p style=\"text-align: center;\"><a href=\"https:\/\/www.drscholls.ca\/fr\/ca\/symptomes-et-problemes\/affections-cutanees-du-pied\/ampoules\/\">ampoules<\/a><\/p>\r\n[\/vc_column_text][\/vc_column_inner][vc_column_inner width=&#8221;1\/5&#8243; css=&#8221;.vc_custom_1592517195611{padding-top: 0px !important;background-color: #ffffff !important;}&#8221;][vc_single_image image=&#8221;681&#8243; onclick=&#8221;custom_link&#8221; link=&#8221;https:\/\/www.drscholls.ca\/fr\/ca\/symptomes-et-problemes\/affections-cutanees-du-pied\/oignons\/&#8221; el_class=&#8221;foot-img&#8221;][vc_separator][vc_column_text el_class=&#8221;lg&#8221;]\r\n<p style=\"text-align: center;\"><a href=\"https:\/\/www.drscholls.ca\/fr\/ca\/symptomes-et-problemes\/affections-cutanees-du-pied\/oignons\/\">oignons<\/a><\/p>\r\n[\/vc_column_text][\/vc_column_inner][vc_column_inner width=&#8221;1\/5&#8243; css=&#8221;.vc_custom_1592517200119{padding-top: 0px !important;background-color: #ffffff !important;}&#8221;][vc_single_image image=&#8221;449&#8243; onclick=&#8221;custom_link&#8221; link=&#8221;https:\/\/www.drscholls.ca\/fr\/ca\/symptomes-et-problemes\/douleur-aux-pieds-et-problemes-de-sante\/fatigue-et-douleur-aux-pieds\/&#8221; el_class=&#8221;foot-img&#8221;][vc_separator][vc_column_text el_class=&#8221;lg sm-foot&#8221;]\r\n<p style=\"text-align: center;\"><a href=\"https:\/\/www.drscholls.ca\/fr\/ca\/symptomes-et-problemes\/douleur-aux-pieds-et-problemes-de-sante\/fatigue-et-douleur-aux-pieds\/\">pieds endoloris<\/a><\/p>\r\n[\/vc_column_text][\/vc_column_inner][\/vc_row_inner][vc_btn title=&#8221;Voir les autres sympt\u00f4mes et affections du pied&#8221; color=&#8221;btn-blue&#8221; colour=&#8221;btn-blue&#8221; el_class=&#8221;btn-wavy&#8221; link=&#8221;url:%2Ffr%2Fcc%2Fsymptomes-et-problemes-de-sante%2Fdouleur-aux-pieds-et-problemes-de-sante%2F|title:Foot%20Pain%20%26%20Conditions&#8221;][\/vc_column][vc_column width=&#8221;1\/6&#8243;][\/vc_column][\/vc_row][\/vc_section]<\/div>","protected":false},"excerpt":{"rendered":"<p>[vc_section full_width=&#8221;stretch_row&#8221; content_placement=&#8221;middle&#8221; el_class=&#8221;blue-gradient pt-5 pb-3 mb-5&#8243;][vc_row content_placement=&#8221;middle&#8221;][vc_column width=&#8221;2\/3&#8243;][vc_raw_html]JTNDaDElMjBjbGFzcyUzRCUyMnRleHQtdXBwZXJjYXNlJTIwbWItMCUyMiUzRUxFJTIwUE9JTlQlMjBTVVIlMjBMJUUyJTgwJTk5SU5DT05GT1JUJTIwQ0FVUyVDMyU4OSUyMFBBUiUyMExFUyUyMENIQVVTU1VSRVMlM0NzcGFuJTIwY2xhc3MlM0QlMjJ5ZWxsb3clMjIlM0UlM0ElM0MlMkZzcGFuJTNFJTNDJTJGaDElM0U=[\/vc_raw_html][\/vc_column][vc_column width=&#8221;1\/3&#8243;][vc_raw_html el_class=&#8221;yellow&#8221;]JTNDcCUzRSUzQ2ElMjBocmVmJTNEJTIyJTIzZGVmaW5pdGlvbiUyMiUyMGNsYXNzJTNEJTIyYW5jaG9yJTIyJTNFRGUlMjBxdW9pJTIwcyVFMiU4MCU5OWFnaXQtaWwlM0YlM0MlMkZhJTNFJTNDJTJGcCUzRSUwQSUzQ3AlM0UlM0NhJTIwaHJlZiUzRCUyMiUyM2NhdXNlcyUyMiUyMGNsYXNzJTNEJTIyYW5jaG9yJTIyJTNFUXVlbGxlcyUyMGVuJTIwc29udCUyMGxlcyUyMGNhdXNlcyUzRiUzQyUyRmElM0UlM0MlMkZwJTNFJTBBJTNDcCUzRSUzQ2ElMjBocmVmJTNEJTIyJTIzc29sdXRpb25zJTIyJTIwY2xhc3MlM0QlMjJhbmNob3IlMjIlM0VRdWUlMjBwdWlzLWplJTIwZmFpcmUlM0YlM0MlMkZhJTNFJTNDJTJGcCUzRSUwQSUwQQ==[\/vc_raw_html][\/vc_column][\/vc_row][\/vc_section][vc_section el_id=&#8221;definition&#8221; el_class=&#8221;mt-4 mb-5&#8243;][vc_row][vc_column width=&#8221;1\/12&#8243;][\/vc_column][vc_column width=&#8221;5\/6&#8243;][vc_custom_heading text=&#8221;POURQUOI L\u2019INCONFORT LI\u00c9 AUX CHAUSSURES PEUT \u00caTRE PLUS QU\u2019UNE SIMPLE NUISANCE&#8221; font_container=&#8221;tag:h2|text_align:center&#8221; use_theme_fonts=&#8221;yes&#8221; el_class=&#8221;text-uppercase&#8221;][vc_column_text el_class=&#8221;lg&#8221;] Tout le monde a eu l\u2019exp\u00e9rience d\u2019acheter une paire de chaussures qu\u2019il aimait, pour se rendre compte plus tard qu\u2019elles n\u2019\u00e9taient pas confortables. Parfois,&hellip;<\/p>\n","protected":false},"author":9,"featured_media":0,"parent":11625,"menu_order":0,"comment_status":"closed","ping_status":"closed","template":"","meta":{"_acf_changed":false,"footnotes":""},"class_list":["post-678","page","type-page","status-publish","hentry"],"acf":[],"_links":{"self":[{"href":"https:\/\/www.drscholls.ca\/fr\/wp-json\/wp\/v2\/pages\/678","targetHints":{"allow":["GET"]}}],"collection":[{"href":"https:\/\/www.drscholls.ca\/fr\/wp-json\/wp\/v2\/pages"}],"about":[{"href":"https:\/\/www.drscholls.ca\/fr\/wp-json\/wp\/v2\/types\/page"}],"author":[{"embeddable":true,"href":"https:\/\/www.drscholls.ca\/fr\/wp-json\/wp\/v2\/users\/9"}],"replies":[{"embeddable":true,"href":"https:\/\/www.drscholls.ca\/fr\/wp-json\/wp\/v2\/comments?post=678"}],"version-history":[{"count":0,"href":"https:\/\/www.drscholls.ca\/fr\/wp-json\/wp\/v2\/pages\/678\/revisions"}],"up":[{"embeddable":true,"href":"https:\/\/www.drscholls.ca\/fr\/wp-json\/wp\/v2\/pages\/11625"}],"wp:attachment":[{"href":"https:\/\/www.drscholls.ca\/fr\/wp-json\/wp\/v2\/media?parent=678"}],"curies":[{"name":"wp","href":"https:\/\/api.w.org\/{rel}","templated":true}]}}