{"id":675,"date":"2020-06-18T15:01:31","date_gmt":"2020-06-18T20:01:31","guid":{"rendered":"https:\/\/www.drscholls.ca\/fr\/?page_id=675"},"modified":"2020-11-24T11:23:15","modified_gmt":"2020-11-24T16:23:15","slug":"fatigue-musculaire","status":"publish","type":"page","link":"https:\/\/www.drscholls.ca\/fr\/ca\/symptomes-et-problemes\/douleur-aux-pieds-et-problemes-de-sante\/fatigue-musculaire\/","title":{"rendered":"Fatigue Musculaire"},"content":{"rendered":"<div class=\"wpb-content-wrapper\">[vc_section full_width=&#8221;stretch_row&#8221; content_placement=&#8221;middle&#8221; el_class=&#8221;blue-gradient pt-5 pb-3 mb-5&#8243;][vc_row content_placement=&#8221;middle&#8221;][vc_column width=&#8221;2\/3&#8243;][vc_raw_html]JTNDaDElMjBjbGFzcyUzRCUyMnRleHQtdXBwZXJjYXNlJTIwbWItMCUyMiUzRUxFJTIwUE9JTlQlMjBTVVIlMjBMQSUyMEZBVElHVUUlMjBNVVNDVUxBSVJFJTNDc3BhbiUyMGNsYXNzJTNEJTIyeWVsbG93JTIyJTNFJTNBJTNDJTJGc3BhbiUzRSUzQyUyRmgxJTNF[\/vc_raw_html][\/vc_column][vc_column width=&#8221;1\/3&#8243;][vc_raw_html el_class=&#8221;yellow&#8221;]JTNDcCUzRSUzQ2ElMjBocmVmJTNEJTIyJTIzZGVmaW5pdGlvbiUyMiUyMGNsYXNzJTNEJTIyYW5jaG9yJTIyJTNFRGUlMjBxdW9pJTIwcyVFMiU4MCU5OWFnaXQtaWwlM0YlM0MlMkZhJTNFJTNDJTJGcCUzRSUwQSUzQ3AlM0UlM0NhJTIwaHJlZiUzRCUyMiUyM2NhdXNlcyUyMiUyMGNsYXNzJTNEJTIyYW5jaG9yJTIyJTNFUXVlbGxlcyUyMGVuJTIwc29udCUyMGxlcyUyMGNhdXNlcyUzRiUzQyUyRmElM0UlM0MlMkZwJTNFJTBBJTNDcCUzRSUzQ2ElMjBocmVmJTNEJTIyJTIzc29sdXRpb25zJTIyJTIwY2xhc3MlM0QlMjJhbmNob3IlMjIlM0VRdWUlMjBwdWlzLWplJTIwZmFpcmUlM0YlM0MlMkZhJTNFJTNDJTJGcCUzRSUwQQ==[\/vc_raw_html][\/vc_column][\/vc_row][\/vc_section][vc_section el_id=&#8221;definition&#8221; el_class=&#8221;mt-4 mb-5&#8243;][vc_row][vc_column width=&#8221;1\/12&#8243;][\/vc_column][vc_column width=&#8221;5\/6&#8243;][vc_custom_heading text=&#8221;QU\u2019EST-CE QUE LA FATIGUE MUSCULAIRE?&#8221; font_container=&#8221;tag:h2|text_align:center&#8221; use_theme_fonts=&#8221;yes&#8221; el_class=&#8221;text-uppercase&#8221;][vc_column_text el_class=&#8221;lg&#8221;]\r\n<div id=\"main-1\" class=\"main-container\">\r\n<div class=\"symptoms-content\">\r\n<p class=\"symptoms-para\" style=\"text-align: center;\">Comme son nom l\u2019indique, la fatigue musculaire est un \u00e9tat g\u00e9n\u00e9ral dans lequel les pieds ou les jambes sont endoloris ou simplement fatigu\u00e9s. Ce n\u2019est peut-\u00eatre rien de grave, mais la fatigue musculaire peut devenir limitative.<\/p>\r\n\r\n<\/div>\r\n<\/div>\r\n[\/vc_column_text][\/vc_column][vc_column width=&#8221;1\/12&#8243;][\/vc_column][\/vc_row][\/vc_section][vc_section full_width=&#8221;stretch_row&#8221; el_class=&#8221;mb-5&#8243;][vc_row equal_height=&#8221;yes&#8221; content_placement=&#8221;middle&#8221; el_class=&#8221;no-padding&#8221;][vc_column width=&#8221;1\/2&#8243;][vc_single_image image=&#8221;676&#8243; img_size=&#8221;full&#8221; alignment=&#8221;centre&#8221; el_class=&#8221;no-padding&#8221; css=&#8221;.vc_custom_1592509997036{margin-bottom: 0px !important;}&#8221;][\/vc_column][vc_column width=&#8221;1\/2&#8243; el_class=&#8221;yellow-gradient&#8221;][vc_column_text el_class=&#8221;px-5 pt-5 pb-3&#8243;]\r\n<div class=\"whyitwork\">\r\n<div class=\"main-container primary-section\">\r\n<div class=\"wrapper\">\r\n<div class=\"txt\">\r\n<div class=\"inner\">\r\n<div class=\"abtTxt\">\r\n\r\nElle se manifeste par un ou plusieurs sympt\u00f4mes, notamment l\u2019enflure, de la douleur ou une sensation de malaise g\u00e9n\u00e9ral.\r\n\r\n<\/div>\r\n<\/div>\r\n<\/div>\r\n<\/div>\r\n<\/div>\r\n<\/div>\r\n[\/vc_column_text][\/vc_column][\/vc_row][\/vc_section][vc_section el_id=&#8221;causes&#8221; el_class=&#8221;mt-4&#8243;][vc_row][vc_column width=&#8221;1\/12&#8243;][\/vc_column][vc_column width=&#8221;5\/6&#8243;][vc_custom_heading text=&#8221;QUELLES SONT LES CAUSES DE LA FATIGUE MUSCULAIRE?&#8221; font_container=&#8221;tag:h2|text_align:center&#8221; use_theme_fonts=&#8221;yes&#8221; el_class=&#8221;text-uppercase&#8221;][vc_column_text]\r\n<p style=\"text-align: center;\">Une journ\u00e9e remplie avec beaucoup de d\u00e9placements et de longues p\u00e9riodes debout fatigue les muscles. C\u2019est aussi simple que cela! Oui, cette fatigue est courante surtout chez les athl\u00e8tes, en particulier les coureurs, mais elle n\u2019est pas r\u00e9serv\u00e9e aux sportifs.<\/p>\r\n<p style=\"text-align: left;\">EXEMPLES DE CAUSES\u00a0:<\/p>\r\n\r\n<ul class=\"listPara\">\r\n \t<li>Longues p\u00e9riodes debout.<\/li>\r\n \t<li>Surpoids.<\/li>\r\n \t<li>Chaussures mal adapt\u00e9es.<\/li>\r\n \t<li>D\u00e9shydratation.<\/li>\r\n \t<li>Anxi\u00e9t\u00e9.<\/li>\r\n \t<li>Une p\u00e9riode prolong\u00e9e d\u2019inactivit\u00e9 suivie d\u2019une activit\u00e9 vigoureuse.<\/li>\r\n<\/ul>\r\n[\/vc_column_text][\/vc_column][vc_column width=&#8221;1\/12&#8243;][\/vc_column][\/vc_row][vc_row][vc_column][vc_separator][\/vc_column][\/vc_row][\/vc_section][vc_section][vc_row content_placement=&#8221;top&#8221;][vc_column][vc_custom_heading text=&#8221;TROUVER DES PRODUITS POUR TRAITER LA FATIGUE MUSCULAIRE&#8221; font_container=&#8221;tag:h2|text_align:center&#8221; use_theme_fonts=&#8221;yes&#8221; el_class=&#8221;text-uppercase&#8221;][vc_raw_html]JTVCcHJvZHVjdHNfc2xpZGVyJTIwY2F0cyUzRCUyMjE4NSUyMiUyMGF1dG9wbGF5JTNEJTIyZmFsc2UlMjIlMjBvcmRlcmJ5JTNEJTIybWVudV9vcmRlciUyMiU1RA==[\/vc_raw_html][\/vc_column][\/vc_row][\/vc_section][vc_section el_class=&#8221;mt-5&#8243; el_id=&#8221;solutions&#8221;][vc_row][vc_column width=&#8221;1\/12&#8243;][\/vc_column][vc_column width=&#8221;5\/6&#8243;][vc_custom_heading text=&#8221;NE LAISSEZ PAS LA FATIGUE MUSCULAIRE VOUS RALENTIR&#8221; font_container=&#8221;tag:h2|text_align:center&#8221; use_theme_fonts=&#8221;yes&#8221; el_class=&#8221;text-uppercase&#8221;][vc_column_text]\r\n<p style=\"text-align: center;\">Si vous souffrez de fatigue musculaire aux pieds ou aux jambes, l\u2019une des choses les plus importantes que vous puissiez faire est de reposer vos pieds. En cas d\u2019enflure, appliquer de la glace pendant 20\u00a0minutes pour soulager. Autres conseils pour traiter la fatigue des pieds\u00a0:<\/p>\r\n\r\n<ul class=\"listPara\">\r\n \t<li>Porter des <a href=\"\/fr\/pc\/semelles\/\">semelles, des semelles orthop\u00e9diques ou des orth\u00e8ses<\/a> qui amortissent les chocs<\/li>\r\n \t<li>Maintenir un poids sant\u00e9<\/li>\r\n \t<li>Porter des chaussures appropri\u00e9es, confortables et bien ajust\u00e9es pendant l\u2019activit\u00e9, en particulier si vous \u00eates debout longtemps<\/li>\r\n \t<li>S\u2019\u00e9chauffer et s\u2019\u00e9tirer avant de faire de l\u2019exercice<\/li>\r\n \t<li>Se masser les pieds apr\u00e8s une longue journ\u00e9e<\/li>\r\n<\/ul>\r\n<p class=\"legal-text legal-text-first\" style=\"text-align: center;\"><em>Ces renseignements ne remplacent pas un diagnostic m\u00e9dical. \u00c0 titre indicatif seulement. Si vous \u00eates diab\u00e9tique, avez une mauvaise circulation sanguine ou une peau fragile, ou si les sympt\u00f4mes sont graves ou persistent, consultez votre podologue ou votre m\u00e9decin avant d\u2019utiliser ces produits..<\/em><\/p>\r\n[\/vc_column_text][\/vc_column][vc_column width=&#8221;1\/12&#8243;][\/vc_column][\/vc_row][\/vc_section][vc_section el_class=&#8221;yellow-gradient wavy py-5 my-5&#8243;][vc_row][vc_column width=&#8221;1\/6&#8243;][\/vc_column][vc_column width=&#8221;2\/3&#8243;][vc_custom_heading text=&#8221;TROUBLES DE SANT\u00c9 LI\u00c9S \u00c0 LA FATIGUE MUSCULAIRE&#8221; font_container=&#8221;tag:h2|text_align:center&#8221; use_theme_fonts=&#8221;yes&#8221; el_class=&#8221;text-uppercase mb-4&#8243;][vc_row_inner equal_height=&#8221;yes&#8221; gap=&#8221;35&#8243; el_class=&#8221;mb-4&#8243;][vc_column_inner width=&#8221;1\/3&#8243; css=&#8221;.vc_custom_1592336241287{padding-top: 0px !important;background-color: #ffffff !important;}&#8221;][vc_single_image image=&#8221;449&#8243; img_size=&#8221;full&#8221; onclick=&#8221;custom_link&#8221; link=&#8221;\/fr\/ca\/symptomes-et-problemes\/douleur-aux-pieds-et-problemes-de-sante\/fatigue-et-douleur-aux-pieds\/&#8221;][vc_separator][vc_column_text el_class=&#8221;lg&#8221;]\r\n<p style=\"text-align: center;\"><a href=\"https:\/\/www.drscholls.ca\/fr\/ca\/symptomes-et-problemes\/douleur-aux-pieds-et-problemes-de-sante\/fatigue-et-douleur-aux-pieds\/\">fatigue, pieds endoloris<\/a><\/p>\r\n[\/vc_column_text][\/vc_column_inner][vc_column_inner width=&#8221;1\/3&#8243; css=&#8221;.vc_custom_1592336262621{padding-top: 0px !important;background-color: #ffffff !important;}&#8221;][vc_single_image image=&#8221;671&#8243; img_size=&#8221;full&#8221; onclick=&#8221;custom_link&#8221; link=&#8221;\/fr\/ca\/symptomes-et-problemes\/douleur-aux-pieds-et-problemes-de-sante\/douleur-a-la-voute-plantaire\/&#8221;][vc_separator][vc_column_text el_class=&#8221;lg&#8221;]\r\n<p style=\"text-align: center;\"><a href=\"https:\/\/www.drscholls.ca\/fr\/ca\/symptomes-et-problemes\/douleur-aux-pieds-et-problemes-de-sante\/douleur-a-la-voute-plantaire\/\">douleur \u00e0 la vo\u00fbte plantaire<\/a><\/p>\r\n[\/vc_column_text][\/vc_column_inner][vc_column_inner width=&#8221;1\/3&#8243; css=&#8221;.vc_custom_1592336255537{padding-top: 0px !important;background-color: #ffffff !important;}&#8221;][vc_single_image image=&#8221;447&#8243; img_size=&#8221;full&#8221; onclick=&#8221;custom_link&#8221; link=&#8221;\/fr\/ca\/symptomes-et-problemes\/douleur-aux-pieds-et-problemes-de-sante\/douleur-aux-talons\/&#8221;][vc_separator][vc_column_text el_class=&#8221;lg&#8221;]\r\n<p style=\"text-align: center;\"><a href=\"https:\/\/www.drscholls.ca\/fr\/ca\/symptomes-et-problemes\/douleur-aux-pieds-et-problemes-de-sante\/douleur-aux-talons\/\">douleur au talon<\/a><\/p>\r\n[\/vc_column_text][\/vc_column_inner][\/vc_row_inner][vc_btn title=&#8221;Voir les autres sympt\u00f4mes et affections du pied&#8221; color=&#8221;btn-blue&#8221; colour=&#8221;btn-blue&#8221; el_class=&#8221;btn-wavy&#8221; link=&#8221;url:https%3A%2F%2Fwww.drscholls.ca%2Ffr%2Fcc%2Fsymptomes-et-problemes-de-sante-symptomes-et-problemes-de-sante%2Fdouleur-au-bas-du-dos-et-problemes-de-sante%2F|title:Foot%20Pain%20%26%20Conditions&#8221;][\/vc_column][vc_column width=&#8221;1\/6&#8243;][\/vc_column][\/vc_row][\/vc_section]<\/div>","protected":false},"excerpt":{"rendered":"<p>[vc_section full_width=&#8221;stretch_row&#8221; content_placement=&#8221;middle&#8221; el_class=&#8221;blue-gradient pt-5 pb-3 mb-5&#8243;][vc_row content_placement=&#8221;middle&#8221;][vc_column width=&#8221;2\/3&#8243;][vc_raw_html]JTNDaDElMjBjbGFzcyUzRCUyMnRleHQtdXBwZXJjYXNlJTIwbWItMCUyMiUzRUxFJTIwUE9JTlQlMjBTVVIlMjBMQSUyMEZBVElHVUUlMjBNVVNDVUxBSVJFJTNDc3BhbiUyMGNsYXNzJTNEJTIyeWVsbG93JTIyJTNFJTNBJTNDJTJGc3BhbiUzRSUzQyUyRmgxJTNF[\/vc_raw_html][\/vc_column][vc_column width=&#8221;1\/3&#8243;][vc_raw_html el_class=&#8221;yellow&#8221;]JTNDcCUzRSUzQ2ElMjBocmVmJTNEJTIyJTIzZGVmaW5pdGlvbiUyMiUyMGNsYXNzJTNEJTIyYW5jaG9yJTIyJTNFRGUlMjBxdW9pJTIwcyVFMiU4MCU5OWFnaXQtaWwlM0YlM0MlMkZhJTNFJTNDJTJGcCUzRSUwQSUzQ3AlM0UlM0NhJTIwaHJlZiUzRCUyMiUyM2NhdXNlcyUyMiUyMGNsYXNzJTNEJTIyYW5jaG9yJTIyJTNFUXVlbGxlcyUyMGVuJTIwc29udCUyMGxlcyUyMGNhdXNlcyUzRiUzQyUyRmElM0UlM0MlMkZwJTNFJTBBJTNDcCUzRSUzQ2ElMjBocmVmJTNEJTIyJTIzc29sdXRpb25zJTIyJTIwY2xhc3MlM0QlMjJhbmNob3IlMjIlM0VRdWUlMjBwdWlzLWplJTIwZmFpcmUlM0YlM0MlMkZhJTNFJTNDJTJGcCUzRSUwQQ==[\/vc_raw_html][\/vc_column][\/vc_row][\/vc_section][vc_section el_id=&#8221;definition&#8221; el_class=&#8221;mt-4 mb-5&#8243;][vc_row][vc_column width=&#8221;1\/12&#8243;][\/vc_column][vc_column width=&#8221;5\/6&#8243;][vc_custom_heading text=&#8221;QU\u2019EST-CE QUE LA FATIGUE MUSCULAIRE?&#8221; font_container=&#8221;tag:h2|text_align:center&#8221; use_theme_fonts=&#8221;yes&#8221; el_class=&#8221;text-uppercase&#8221;][vc_column_text el_class=&#8221;lg&#8221;] Comme son nom l\u2019indique, la fatigue musculaire est un \u00e9tat g\u00e9n\u00e9ral dans lequel les pieds ou les jambes sont endoloris ou simplement fatigu\u00e9s. Ce n\u2019est peut-\u00eatre rien de grave, mais&hellip;<\/p>\n","protected":false},"author":9,"featured_media":0,"parent":11625,"menu_order":0,"comment_status":"closed","ping_status":"closed","template":"","meta":{"_acf_changed":false,"footnotes":""},"class_list":["post-675","page","type-page","status-publish","hentry"],"acf":[],"_links":{"self":[{"href":"https:\/\/www.drscholls.ca\/fr\/wp-json\/wp\/v2\/pages\/675","targetHints":{"allow":["GET"]}}],"collection":[{"href":"https:\/\/www.drscholls.ca\/fr\/wp-json\/wp\/v2\/pages"}],"about":[{"href":"https:\/\/www.drscholls.ca\/fr\/wp-json\/wp\/v2\/types\/page"}],"author":[{"embeddable":true,"href":"https:\/\/www.drscholls.ca\/fr\/wp-json\/wp\/v2\/users\/9"}],"replies":[{"embeddable":true,"href":"https:\/\/www.drscholls.ca\/fr\/wp-json\/wp\/v2\/comments?post=675"}],"version-history":[{"count":0,"href":"https:\/\/www.drscholls.ca\/fr\/wp-json\/wp\/v2\/pages\/675\/revisions"}],"up":[{"embeddable":true,"href":"https:\/\/www.drscholls.ca\/fr\/wp-json\/wp\/v2\/pages\/11625"}],"wp:attachment":[{"href":"https:\/\/www.drscholls.ca\/fr\/wp-json\/wp\/v2\/media?parent=675"}],"curies":[{"name":"wp","href":"https:\/\/api.w.org\/{rel}","templated":true}]}}