{"id":656,"date":"2020-06-18T13:54:45","date_gmt":"2020-06-18T18:54:45","guid":{"rendered":"https:\/\/www.drscholls.ca\/fr\/?page_id=656"},"modified":"2020-11-24T13:45:02","modified_gmt":"2020-11-24T18:45:02","slug":"arthrose","status":"publish","type":"page","link":"https:\/\/www.drscholls.ca\/fr\/ca\/symptomes-et-problemes\/douleur-aux-pieds-et-problemes-de-sante\/arthrose\/","title":{"rendered":"Arthrose"},"content":{"rendered":"<div class=\"wpb-content-wrapper\">[vc_section full_width=&#8221;stretch_row&#8221; content_placement=&#8221;middle&#8221; el_class=&#8221;blue-gradient pt-5 pb-3 mb-5&#8243;][vc_row content_placement=&#8221;middle&#8221;][vc_column width=&#8221;2\/3&#8243;][vc_raw_html]JTNDaDElMjBjbGFzcyUzRCUyMnRleHQtdXBwZXJjYXNlJTIwbWItMCUyMiUzRUxFJTIwUE9JTlQlMjBTVVIlMjBMQSUyMERPVUxFVVIlMjBDQVVTJUMzJTg5RSUyMFBBUiUyMEwlRTIlODAlOTlBUlRIUk9TRSUzQ3NwYW4lMjBjbGFzcyUzRCUyMnllbGxvdyUyMiUzRSUzQSUzQyUyRnNwYW4lM0UlM0MlMkZoMSUzRQ==[\/vc_raw_html][\/vc_column][vc_column width=&#8221;1\/3&#8243;][vc_raw_html el_class=&#8221;yellow&#8221;]JTNDcCUzRSUzQ2ElMjBocmVmJTNEJTIyJTIzZGVmaW5pdGlvbiUyMiUyMGNsYXNzJTNEJTIyYW5jaG9yJTIyJTNFRGUlMjBxdW9pJTIwcyVFMiU4MCU5OWFnaXQtaWwlM0YlM0MlMkZhJTNFJTNDJTJGcCUzRSUwQSUzQ3AlM0UlM0NhJTIwaHJlZiUzRCUyMiUyM2NhdXNlcyUyMiUyMGNsYXNzJTNEJTIyYW5jaG9yJTIyJTNFUXVlbGxlcyUyMGVuJTIwc29udCUyMGxlcyUyMGNhdXNlcyUzRiUzQyUyRmElM0UlM0MlMkZwJTNFJTBBJTNDcCUzRSUzQ2ElMjBocmVmJTNEJTIyJTIzc29sdXRpb25zJTIyJTIwY2xhc3MlM0QlMjJhbmNob3IlMjIlM0VRdWUlMjBwdWlzLWplJTIwZmFpcmUlM0YlM0MlMkZhJTNFJTNDJTJGcCUzRSUwQSUwQQ==[\/vc_raw_html][\/vc_column][\/vc_row][\/vc_section][vc_section el_id=&#8221;definition&#8221; el_class=&#8221;mt-4 mb-5&#8243;][vc_row][vc_column width=&#8221;1\/12&#8243;][\/vc_column][vc_column width=&#8221;5\/6&#8243;][vc_custom_heading text=&#8221;QU\u2019EST-CE QUE L\u2019ARTHROSE?&#8221; font_container=&#8221;tag:h2|text_align:center&#8221; use_theme_fonts=&#8221;yes&#8221; el_class=&#8221;text-uppercase&#8221;][vc_column_text el_class=&#8221;lg&#8221;]\r\n<p style=\"text-align: center;\">Entre les articulations se trouve le cartilage, qui agit comme un coussin et donne de la fluidit\u00e9 aux mouvements entre les os. L\u2019arthrose s\u2019attaque au cartilage. Plus cet effet d\u2019amortissement diminue, plus la douleur aux articulations augmente.<\/p>\r\n[\/vc_column_text][\/vc_column][vc_column width=&#8221;1\/12&#8243;][\/vc_column][\/vc_row][\/vc_section][vc_section full_width=&#8221;stretch_row&#8221; el_class=&#8221;mb-5&#8243;][vc_row equal_height=&#8221;yes&#8221; content_placement=&#8221;middle&#8221; el_class=&#8221;no-padding&#8221;][vc_column width=&#8221;1\/2&#8243;][vc_single_image image=&#8221;657&#8243; img_size=&#8221;full&#8221; alignment=&#8221;centre&#8221; el_class=&#8221;no-padding&#8221; css=&#8221;.vc_custom_1592506108965{margin-bottom: 0px !important;}&#8221;][\/vc_column][vc_column width=&#8221;1\/2&#8243; el_class=&#8221;yellow-gradient&#8221;][vc_column_text el_class=&#8221;px-5 pt-5 pb-3&#8243;]L\u2019arthrose peut toucher n\u2019importe quelle articulation, mais elle se produit le plus souvent dans les mains, les genoux, les hanches et les pieds (plus pr\u00e9cis\u00e9ment l\u2019articulation du gros orteil). Il s\u2019agit de la \u00ab\u00a0maladie chronique des articulations la plus courante\u00a0: elle touche environ 27\u00a0millions d\u2019\u00c9tasuniens\u00a0\u00bb*.\r\n\r\nLes sympt\u00f4mes mineurs de l\u2019arthrose peuvent aller et venir et comprennent des douleurs, des raideurs et de l\u2019enflure, ainsi qu\u2019une diminution de l\u2019amplitude de mouvement. Les sympt\u00f4mes peuvent aller de l\u00e9gers \u00e0 graves et peuvent \u00e9voluer au fil du temps. Si vous ressentez des douleurs, consultez votre m\u00e9decin pour obtenir un diagnostic et suivez ses instructions.[\/vc_column_text][\/vc_column][\/vc_row][\/vc_section][vc_section el_id=&#8221;causes&#8221; el_class=&#8221;mt-4&#8243;][vc_row][vc_column width=&#8221;1\/12&#8243;][\/vc_column][vc_column width=&#8221;5\/6&#8243;][vc_custom_heading text=&#8221;QUELLES SONT LES CAUSES DE L\u2019ARTHROSE?&#8221; font_container=&#8221;tag:h2|text_align:center&#8221; use_theme_fonts=&#8221;yes&#8221; el_class=&#8221;text-uppercase&#8221;][vc_column_text]\r\n<p style=\"text-align: center;\">Les scientifiques croyaient autrefois que la cause de l\u2019arthrose \u00e9tait simplement le r\u00e9sultat d\u2019une usure des articulations. Mais des recherches r\u00e9centes ont conduit \u00e0 un changement de mentalit\u00e9; les m\u00e9decins pensent d\u00e9sormais que l\u2019arthrose est une maladie des articulations, dont les facteurs contributifs incluent\u00a0:<\/p>\r\n\r\n<ul class=\"listPara\">\r\n \t<li><strong>La g\u00e9n\u00e9tique:<\/strong> La recherche montre que certains g\u00e8nes sont li\u00e9s \u00e0 l\u2019apparition de l\u2019arthrose.<\/li>\r\n \t<li><strong>\u00catre en surpoids:<\/strong> la pression suppl\u00e9mentaire exerc\u00e9e sur les articulations use le cartilage<\/li>\r\n \t<li><strong>Blessures ou surmenage:<\/strong> Certains sports qui exigent des mouvements r\u00e9p\u00e9titifs, et certaines professions qui n\u00e9cessitent de se tenir debout ou de se pencher, de soulever des charges lourdes, etc. &#8211; peuvent entra\u00eener une usure des articulations<\/li>\r\n \t<li><strong>Autres troubles m\u00e9dicaux:<\/strong> La polyarthrite rhumato\u00efde et d\u2019autres maladies peuvent \u00e9galement provoquer l\u2019apparition de l\u2019arthrose.<\/li>\r\n<\/ul>\r\n[\/vc_column_text][\/vc_column][vc_column width=&#8221;1\/12&#8243;][\/vc_column][\/vc_row][vc_row][vc_column][vc_separator][\/vc_column][\/vc_row][\/vc_section][vc_section][vc_row content_placement=&#8221;top&#8221;][vc_column][vc_custom_heading text=&#8221;TROUVER DES PRODUITS POUR TRAITER L\u2019ARTHROSE&#8221; font_container=&#8221;tag:h2|text_align:center&#8221; use_theme_fonts=&#8221;yes&#8221; el_class=&#8221;text-uppercase&#8221;][vc_raw_html]JTVCcHJvZHVjdHNfc2xpZGVyJTIwY2F0cyUzRCUyMjE5MCUyMiUyMGF1dG9wbGF5JTNEJTIyZmFsc2UlMjIlMjBvcmRlcmJ5JTNEJTIybWVudV9vcmRlciUyMiU1RA==[\/vc_raw_html][\/vc_column][\/vc_row][\/vc_section][vc_section el_class=&#8221;mt-5&#8243; el_id=&#8221;solutions&#8221;][vc_row][vc_column width=&#8221;1\/12&#8243;][\/vc_column][vc_column width=&#8221;5\/6&#8243;][vc_custom_heading text=&#8221;TRAITER LA DOULEUR ARTHROSIQUE&#8221; font_container=&#8221;tag:h2|text_align:center&#8221; use_theme_fonts=&#8221;yes&#8221; el_class=&#8221;text-uppercase&#8221;][vc_column_text]\r\n<p style=\"text-align: center;\">Si vous pensez avoir des douleurs arthrosiques, il est important de parler de vos sympt\u00f4mes \u00e0 votre m\u00e9decin. Il sera en mesure d\u2019\u00e9tablir le bon diagnostic et vous proposer un traitement de l\u2019arthrose adapt\u00e9 \u00e0 votre situation. Si votre m\u00e9decin conclut que vous souffrez d\u2019arthrose, sachez qu\u2019il s\u2019agit d\u2019une affection de longue dur\u00e9e et que, m\u00eame si elle est actuellement incurable, il existe plusieurs moyens pour r\u00e9duire ses effets. Voici quelques mesures qui peuvent vous aider \u00e0 soulager la douleur li\u00e9e \u00e0 l\u2019arthrose\u00a0:<\/p>\r\n\r\n<ul class=\"listPara\">\r\n \t<li>Maintenir un poids sant\u00e9.<\/li>\r\n \t<li>Rester actif.<\/li>\r\n \t<li>Faire des \u00e9tirements.<\/li>\r\n \t<li>Prendre des m\u00e9dicaments, en vente libre ou sous ordonnance.<\/li>\r\n \t<li>Recevoir des traitements de physioth\u00e9rapie ou d\u2019ergoth\u00e9rapie.<\/li>\r\n<\/ul>\r\n<p style=\"text-align: center;\">Porter de semelles ou orth\u00e8ses pour soulager la douleur, si l\u2019arthrose affecte le bas du corps<\/p>\r\n<p class=\"legal-text legal-text-first\" style=\"text-align: center;\">Ces renseignements ne remplacent pas un diagnostic m\u00e9dical. \u00c0 titre indicatif seulement. Si vous \u00eates diab\u00e9tique, avez une mauvaise circulation sanguine ou une peau fragile, ou si les sympt\u00f4mes sont graves ou persistent, consultez votre podologue ou votre m\u00e9decin avant d\u2019utiliser ces produits.<\/p>\r\n<p class=\"source-Info legal-text\"><em>\u2020SOURCE: &#8220;What is Osteoarthritis?&#8221; Arthritis.org. Arthritis Foundation National Office, n.d. Web. 02 Feb. 2017. <a href=\"http:\/\/www.arthritis.org\/about-arthritis\/types\/osteoarthritis\/what-is-osteoarthritis.php\">http:\/\/www.arthritis.org\/about-arthritis\/types\/osteoarthritis\/what-is-osteoarthritis.php<\/a>.<\/em><\/p>\r\n[\/vc_column_text][\/vc_column][vc_column width=&#8221;1\/12&#8243;][\/vc_column][\/vc_row][\/vc_section][vc_section el_class=&#8221;yellow-gradient wavy py-5 my-5&#8243;][vc_row][vc_column width=&#8221;1\/6&#8243;][\/vc_column][vc_column width=&#8221;2\/3&#8243;][vc_custom_heading text=&#8221;TROUBLES DE SANT\u00c9 LI\u00c9S \u00c0 L\u2019ARTHROSE&#8221; font_container=&#8221;tag:h2|text_align:center&#8221; use_theme_fonts=&#8221;yes&#8221; el_class=&#8221;text-uppercase mb-4&#8243;][vc_row_inner equal_height=&#8221;yes&#8221; gap=&#8221;35&#8243; el_class=&#8221;mb-4&#8243;][vc_column_inner width=&#8221;1\/3&#8243; css=&#8221;.vc_custom_1592336241287{padding-top: 0px !important;background-color: #ffffff !important;}&#8221;][vc_single_image image=&#8221;659&#8243; img_size=&#8221;full&#8221; onclick=&#8221;custom_link&#8221; link=&#8221;https:\/\/www.drscholls.ca\/fr\/ca\/symptomes-et-problemes\/douleur-au-bas-du-dos-et-problemes-de-sante\/douleur-au-bas-du-dos\/&#8221;][vc_separator][vc_column_text el_class=&#8221;lg&#8221;]\r\n<p style=\"text-align: center;\"><a href=\"https:\/\/www.drscholls.ca\/fr\/ca\/symptomes-et-problemes\/douleur-au-bas-du-dos-et-problemes-de-sante\/douleur-au-bas-du-dos\/\">douleur au bas du dos<\/a><\/p>\r\n[\/vc_column_text][\/vc_column_inner][vc_column_inner width=&#8221;1\/3&#8243; css=&#8221;.vc_custom_1592336262621{padding-top: 0px !important;background-color: #ffffff !important;}&#8221;][vc_single_image image=&#8221;660&#8243; img_size=&#8221;full&#8221; onclick=&#8221;custom_link&#8221; link=&#8221;https:\/\/www.drscholls.ca\/fr\/ca\/symptomes-et-problemes\/douleur-au-bas-du-dos-et-problemes-de-sante\/douleur-a-la-hanche\/&#8221;][vc_separator][vc_column_text el_class=&#8221;lg&#8221;]\r\n<p style=\"text-align: center;\"><a href=\"https:\/\/www.drscholls.ca\/fr\/ca\/symptomes-et-problemes\/douleur-au-bas-du-dos-et-problemes-de-sante\/douleur-a-la-hanche\/\">douleur \u00e0 la hanche<\/a><\/p>\r\n[\/vc_column_text][\/vc_column_inner][vc_column_inner width=&#8221;1\/3&#8243; css=&#8221;.vc_custom_1592336255537{padding-top: 0px !important;background-color: #ffffff !important;}&#8221;][vc_single_image image=&#8221;661&#8243; img_size=&#8221;full&#8221; onclick=&#8221;custom_link&#8221; link=&#8221;https:\/\/www.drscholls.ca\/fr\/ca\/symptomes-et-problemes\/douleur-au-bas-du-dos-et-problemes-de-sante\/douleur-au-genou\/&#8221;][vc_separator][vc_column_text el_class=&#8221;lg&#8221;]\r\n<p style=\"text-align: center;\"><a href=\"https:\/\/www.drscholls.ca\/fr\/ca\/symptomes-et-problemes\/douleur-au-bas-du-dos-et-problemes-de-sante\/douleur-au-genou\/\">douleur au genou<\/a><\/p>\r\n[\/vc_column_text][\/vc_column_inner][\/vc_row_inner][vc_btn title=&#8221;Voir les autres sympt\u00f4mes et affections du pied&#8221; color=&#8221;btn-blue&#8221; colour=&#8221;btn-blue&#8221; el_class=&#8221;btn-wavy&#8221; link=&#8221;url:%2Ffr%2Fcc%2Fsymptomes-et-problemes-de-sante%2Fdouleur-aux-pieds-et-problemes-de-sante%2F|title:Foot%20Pain%20%26%20Conditions&#8221;][\/vc_column][vc_column width=&#8221;1\/6&#8243;][\/vc_column][\/vc_row][\/vc_section]<\/div>","protected":false},"excerpt":{"rendered":"<p>[vc_section full_width=&#8221;stretch_row&#8221; content_placement=&#8221;middle&#8221; el_class=&#8221;blue-gradient pt-5 pb-3 mb-5&#8243;][vc_row content_placement=&#8221;middle&#8221;][vc_column width=&#8221;2\/3&#8243;][vc_raw_html]JTNDaDElMjBjbGFzcyUzRCUyMnRleHQtdXBwZXJjYXNlJTIwbWItMCUyMiUzRUxFJTIwUE9JTlQlMjBTVVIlMjBMQSUyMERPVUxFVVIlMjBDQVVTJUMzJTg5RSUyMFBBUiUyMEwlRTIlODAlOTlBUlRIUk9TRSUzQ3NwYW4lMjBjbGFzcyUzRCUyMnllbGxvdyUyMiUzRSUzQSUzQyUyRnNwYW4lM0UlM0MlMkZoMSUzRQ==[\/vc_raw_html][\/vc_column][vc_column width=&#8221;1\/3&#8243;][vc_raw_html el_class=&#8221;yellow&#8221;]JTNDcCUzRSUzQ2ElMjBocmVmJTNEJTIyJTIzZGVmaW5pdGlvbiUyMiUyMGNsYXNzJTNEJTIyYW5jaG9yJTIyJTNFRGUlMjBxdW9pJTIwcyVFMiU4MCU5OWFnaXQtaWwlM0YlM0MlMkZhJTNFJTNDJTJGcCUzRSUwQSUzQ3AlM0UlM0NhJTIwaHJlZiUzRCUyMiUyM2NhdXNlcyUyMiUyMGNsYXNzJTNEJTIyYW5jaG9yJTIyJTNFUXVlbGxlcyUyMGVuJTIwc29udCUyMGxlcyUyMGNhdXNlcyUzRiUzQyUyRmElM0UlM0MlMkZwJTNFJTBBJTNDcCUzRSUzQ2ElMjBocmVmJTNEJTIyJTIzc29sdXRpb25zJTIyJTIwY2xhc3MlM0QlMjJhbmNob3IlMjIlM0VRdWUlMjBwdWlzLWplJTIwZmFpcmUlM0YlM0MlMkZhJTNFJTNDJTJGcCUzRSUwQSUwQQ==[\/vc_raw_html][\/vc_column][\/vc_row][\/vc_section][vc_section el_id=&#8221;definition&#8221; el_class=&#8221;mt-4 mb-5&#8243;][vc_row][vc_column width=&#8221;1\/12&#8243;][\/vc_column][vc_column width=&#8221;5\/6&#8243;][vc_custom_heading text=&#8221;QU\u2019EST-CE QUE L\u2019ARTHROSE?&#8221; font_container=&#8221;tag:h2|text_align:center&#8221; use_theme_fonts=&#8221;yes&#8221; el_class=&#8221;text-uppercase&#8221;][vc_column_text el_class=&#8221;lg&#8221;] Entre les articulations se trouve le cartilage, qui agit comme un coussin et donne de la fluidit\u00e9 aux mouvements entre les os. L\u2019arthrose s\u2019attaque au cartilage. Plus cet effet d\u2019amortissement diminue, plus&hellip;<\/p>\n","protected":false},"author":9,"featured_media":0,"parent":11625,"menu_order":0,"comment_status":"closed","ping_status":"closed","template":"","meta":{"_acf_changed":false,"footnotes":""},"class_list":["post-656","page","type-page","status-publish","hentry"],"acf":[],"_links":{"self":[{"href":"https:\/\/www.drscholls.ca\/fr\/wp-json\/wp\/v2\/pages\/656","targetHints":{"allow":["GET"]}}],"collection":[{"href":"https:\/\/www.drscholls.ca\/fr\/wp-json\/wp\/v2\/pages"}],"about":[{"href":"https:\/\/www.drscholls.ca\/fr\/wp-json\/wp\/v2\/types\/page"}],"author":[{"embeddable":true,"href":"https:\/\/www.drscholls.ca\/fr\/wp-json\/wp\/v2\/users\/9"}],"replies":[{"embeddable":true,"href":"https:\/\/www.drscholls.ca\/fr\/wp-json\/wp\/v2\/comments?post=656"}],"version-history":[{"count":0,"href":"https:\/\/www.drscholls.ca\/fr\/wp-json\/wp\/v2\/pages\/656\/revisions"}],"up":[{"embeddable":true,"href":"https:\/\/www.drscholls.ca\/fr\/wp-json\/wp\/v2\/pages\/11625"}],"wp:attachment":[{"href":"https:\/\/www.drscholls.ca\/fr\/wp-json\/wp\/v2\/media?parent=656"}],"curies":[{"name":"wp","href":"https:\/\/api.w.org\/{rel}","templated":true}]}}