{"id":531,"date":"2020-06-17T14:31:48","date_gmt":"2020-06-17T19:31:48","guid":{"rendered":"https:\/\/www.drscholls.ca\/fr\/?page_id=531"},"modified":"2022-07-08T09:18:28","modified_gmt":"2022-07-08T14:18:28","slug":"fasciite-plantaire","status":"publish","type":"page","link":"https:\/\/www.drscholls.ca\/fr\/ca\/symptomes-et-problemes\/douleur-aux-pieds-et-problemes-de-sante\/fasciite-plantaire\/","title":{"rendered":"Plantar Fasciitis"},"content":{"rendered":"<div class=\"wpb-content-wrapper\">[vc_section full_width=&#8221;stretch_row&#8221; content_placement=&#8221;middle&#8221; el_class=&#8221;blue-gradient pt-5 pb-3 mb-5&#8243;][vc_row content_placement=&#8221;middle&#8221;][vc_column width=&#8221;2\/3&#8243;][vc_raw_html]JTNDaDElMjBjbGFzcyUzRCUyMnRleHQtdXBwZXJjYXNlJTIwbWItMCUyMiUyMHN0eWxlJTNEJTIyZm9udC1zaXplJTNBNjBweCUzQiUyMiUzRUxFJTIwUE9JTlQlMjBTVVIlMjBMQSUyMEZBU0NJSVRFJTIwUExBTlRBSVJFJTNDc3BhbiUyMGNsYXNzJTNEJTIyeWVsbG93JTIyJTNFJTNBJTNDJTJGc3BhbiUzRSUzQyUyRmgxJTNF[\/vc_raw_html][\/vc_column][vc_column width=&#8221;1\/3&#8243;][vc_raw_html el_class=&#8221;yellow&#8221;]JTNDcCUzRSUzQ2ElMjBocmVmJTNEJTIyJTIzZGVmaW5pdGlvbiUyMiUyMGNsYXNzJTNEJTIyYW5jaG9yJTIyJTNFRGUlMjBxdW9pJTIwcyVFMiU4MCU5OWFnaXQtaWwlM0YlM0MlMkZhJTNFJTNDJTJGcCUzRSUwQSUzQ3AlM0UlM0NhJTIwaHJlZiUzRCUyMiUyM2NhdXNlcyUyMiUyMGNsYXNzJTNEJTIyYW5jaG9yJTIyJTNFUXVlbGxlcyUyMGVuJTIwc29udCUyMGxlcyUyMGNhdXNlcyUzRiUzQyUyRmElM0UlM0MlMkZwJTNFJTBBJTNDcCUzRSUzQ2ElMjBocmVmJTNEJTIyJTIzc29sdXRpb25zJTIyJTIwY2xhc3MlM0QlMjJhbmNob3IlMjIlM0VRdWUlMjBwdWlzLWplJTIwZmFpcmUlM0YlM0MlMkZhJTNFJTNDJTJGcCUzRSUwQSUwQQ==[\/vc_raw_html][\/vc_column][\/vc_row][\/vc_section][vc_section el_id=&#8221;definition&#8221; el_class=&#8221;mt-4 mb-5&#8243;][vc_row][vc_column width=&#8221;1\/12&#8243;][\/vc_column][vc_column width=&#8221;5\/6&#8243;][vc_custom_heading text=&#8221;FASCIITE PLANTAIRE&#8221; font_container=&#8221;tag:h2|text_align:center&#8221; use_theme_fonts=&#8221;yes&#8221; el_class=&#8221;text-uppercase&#8221;][vc_column_text el_class=&#8221;lg&#8221;]\r\n<p style=\"text-align: center;\">La fasciite plantaire est une douleur et une inflammation \u00e0 l\u2019endroit o\u00f9 la fine bande de tissus appel\u00e9e l\u2019apon\u00e9vrose plantaire relie l\u2019os du talon aux orteils. Ce tissu aide \u00e0 soutenir les os de la vo\u00fbte plantaire et absorbe une partie de la pression exerc\u00e9e sur le pied durant un exercice vigoureux, notamment la course.<\/p>\r\n[\/vc_column_text][\/vc_column][vc_column width=&#8221;1\/12&#8243;][\/vc_column][\/vc_row][\/vc_section][vc_section full_width=&#8221;stretch_row&#8221; el_class=&#8221;mb-5&#8243;][vc_row equal_height=&#8221;yes&#8221; content_placement=&#8221;middle&#8221; el_class=&#8221;no-padding&#8221;][vc_column width=&#8221;1\/2&#8243;][vc_single_image image=&#8221;532&#8243; img_size=&#8221;full&#8221; alignment=&#8221;centre&#8221; el_class=&#8221;no-padding&#8221; css=&#8221;.vc_custom_1592421833668{margin-bottom: 0px !important;}&#8221;][\/vc_column][vc_column width=&#8221;1\/2&#8243; el_class=&#8221;yellow-gradient&#8221;][vc_custom_heading text=&#8221;AI-JE UNE FASCIITE PLANTAIRE?&#8221; font_container=&#8221;tag:h2|text_align:center&#8221; use_theme_fonts=&#8221;yes&#8221; el_class=&#8221;text-uppercase&#8221;][vc_column_text el_class=&#8221;px-5 pt-5 pb-3&#8243;]\r\n<div class=\"whyitwork\">\r\n<div class=\"main-container primary-section\">\r\n<div class=\"wrapper\">\r\n<div class=\"txt\">\r\n<div class=\"inner\">\r\n<div class=\"abtTxt\">\r\n\r\nLe sympt\u00f4me le plus courant de la fasciite plantaire est la douleur, qui est normalement ressentie au niveau du talon et se produit \u00e0 l\u2019endroit o\u00f9 l\u2019apon\u00e9vrose plantaire s\u2019attache \u00e0 l\u2019os du talon. La douleur peut \u00eatre intense en sortant du lit le matin ou en se levant d\u2019une position stationnaire. La douleur diminue souvent lors de la marche, mais elle peut \u00eatre persistante.\r\n\r\nLa douleur qui est g\u00e9n\u00e9ralement intense en sortant du lit est un signe courant de fasciite plantaire, un type particulier de douleur au talon.\r\n\r\n<\/div>\r\n<\/div>\r\n<\/div>\r\n<\/div>\r\n<\/div>\r\n<\/div>\r\n[\/vc_column_text][\/vc_column][\/vc_row][\/vc_section][vc_section el_id=&#8221;causes&#8221; el_class=&#8221;mt-4&#8243;][vc_row][vc_column width=&#8221;1\/12&#8243;][\/vc_column][vc_column width=&#8221;5\/6&#8243;][vc_custom_heading text=&#8221;QUELLES SONT LES CAUSES DE LA FASCIITE PLANTAIRE?&#8221; font_container=&#8221;tag:h2|text_align:center&#8221; use_theme_fonts=&#8221;yes&#8221; el_class=&#8221;text-uppercase&#8221;][vc_column_text]\r\n<div id=\"main-2\" class=\"abtTxt\">\r\n<div class=\"main-container\">\r\n<div class=\"cont\">\r\n<div style=\"text-align: center;\">Pour les coureurs, une augmentation soudaine ou drastique des distances parcourues ainsi que le manque de soutien de la vo\u00fbte plantaire ou l\u2019utilisation de chaussures us\u00e9es peuvent \u00eatre des causes. Mais selon l\u2019Acad\u00e9mie am\u00e9ricaine des chirurgiens orthop\u00e9diques, la fasciite plantaire n\u2019a g\u00e9n\u00e9ralement pas de cause d\u00e9finitive.<\/div>\r\n<\/div>\r\n<div>\r\n<p class=\"head2\"><strong>\r\nCEPENDANT, L\u2019ACAD\u00c9MIE MENTIONNE CERTAINES CHOSES QUI PEUVENT AUGMENTER LA SUSCEPTIBILIT\u00c9 \u00c0 LA FASCIITE PLANTAIRE:<\/strong><\/p>\r\n\r\n<ul class=\"listPara\">\r\n \t<li>Muscles du mollet tendus, ce qui peut rendre la flexion du pied difficile;<\/li>\r\n \t<li>Surpoids, car il augmente la force des chocs \u00e0 chaque pas;<\/li>\r\n \t<li>Vo\u00fbtes plantaires tr\u00e8s hautes, car l\u2019apon\u00e9vrose subit d\u00e9j\u00e0 beaucoup de tensions;<\/li>\r\n \t<li>Activit\u00e9 ou sport \u00e0 impact r\u00e9p\u00e9titif comme la course \u00e0 pied, la randonn\u00e9e.<\/li>\r\n<\/ul>\r\n<\/div>\r\n<\/div>\r\n<\/div>\r\n[\/vc_column_text][\/vc_column][vc_column width=&#8221;1\/12&#8243;][\/vc_column][\/vc_row][vc_row][vc_column][vc_separator][\/vc_column][\/vc_row][\/vc_section][vc_section][vc_row content_placement=&#8221;top&#8221;][vc_column][vc_custom_heading text=&#8221;TROUVER DES PRODUITS POUR TRAITER LA FASCIITE PLANTAIRE&#8221; font_container=&#8221;tag:h2|text_align:center&#8221; use_theme_fonts=&#8221;yes&#8221; el_class=&#8221;text-uppercase&#8221;][vc_raw_html]JTVCcHJvZHVjdHNfc2xpZGVyJTIwY2F0cyUzRCUyMjE5MSUyMiUyMGF1dG9wbGF5JTNEJTIyZmFsc2UlMjIlMjBvcmRlcmJ5JTNEJTIybWVudV9vcmRlciUyMiU1RA==[\/vc_raw_html][\/vc_column][\/vc_row][\/vc_section][vc_section el_class=&#8221;mt-5&#8243; el_id=&#8221;solutions&#8221;][vc_row][vc_column width=&#8221;1\/12&#8243;][\/vc_column][vc_column width=&#8221;5\/6&#8243;][vc_custom_heading text=&#8221;TRAITER LA FASCIITE PLANTAIRE ET CONTINUER \u00c0 ALLER DE L\u2019AVANT&#8221; font_container=&#8221;tag:h2|text_align:center&#8221; use_theme_fonts=&#8221;yes&#8221; el_class=&#8221;text-uppercase&#8221;][vc_column_text]\r\n<p style=\"text-align: center;\">Avoir une fasciite plantaire est une exp\u00e9rience douloureuse et peut aller jusqu\u2019\u00e0 une intervention chirurgicale. C\u2019est pourquoi il est important de parler de vos sympt\u00f4mes avec votre m\u00e9decin. Il v\u00e9rifiera si vous n\u2019avez pas d\u2019autre maladie et \u00e9tablira avec vous le traitement de la douleur dont vous avez besoin, lequel peut comprendre les points suivants\u00a0:<\/p>\r\n\r\n<ul class=\"listPara\">\r\n \t<li>Faire une pause dans les activit\u00e9s qui causent la douleur.<\/li>\r\n \t<li>Appliquer de la glace pendant 20 minutes, maximum 3 \u00e0 4 fois par jour.<\/li>\r\n \t<li>Prendre des m\u00e9dicaments sous ordonnance.<\/li>\r\n \t<li>Faire des exercices ou th\u00e9rapies sp\u00e9ciales pour renforcer les muscles du mollet ou corriger un probl\u00e8me de d\u00e9marche.<\/li>\r\n<\/ul>\r\nPorter des<a href=\"\/fr\/pc\/semelles\/\"> semelles ou semelles orthop\u00e9diques<\/a> de Dr. Scholl\u2019s<sup>\u00ae<\/sup>, con\u00e7ues pour un soutien suppl\u00e9mentaire de la vo\u00fbte plantaire, selon l\u2019approbation de votre m\u00e9decin.\r\n<p class=\"legal-text legal-text-first\" style=\"text-align: center;\">Ces renseignements ne remplacent pas un diagnostic m\u00e9dical. \u00c0 titre indicatif seulement. Si vous \u00eates diab\u00e9tique, avez une mauvaise circulation sanguine ou une peau fragile, ou si les sympt\u00f4mes sont graves ou persistent, consultez votre podologue ou votre m\u00e9decin avant d\u2019utiliser ces produits.<\/p>\r\n<p class=\"source-Info legal-text\"><em>\u2020SOURCE: Kadakia, A. R., MD. (2010, June). Plantar Fasciitis and Bone Spurs-OrthoInfo \u2013 AAOS (S. J. Fischer MD &amp; S. L. Haddad MD, Eds.). Retrieved January 25, 2017, from<\/em>\r\n<em><a href=\"http:\/\/orthoinfo.aaos.org\/topic.cfm?topic=A00149\">http:\/\/orthoinfo.aaos.org\/topic.cfm?topic=A00149<\/a><\/em><\/p>\r\n[\/vc_column_text][\/vc_column][vc_column width=&#8221;1\/12&#8243;][\/vc_column][\/vc_row][\/vc_section][vc_section el_class=&#8221;yellow-gradient wavy py-5 my-5&#8243;][vc_row][vc_column width=&#8221;1\/6&#8243;][\/vc_column][vc_column width=&#8221;2\/3&#8243;][vc_custom_heading text=&#8221;TROUBLES DE SANT\u00c9 LI\u00c9S \u00c0 LA FASCIITE PLANTAIRE&#8221; font_container=&#8221;tag:h2|text_align:center&#8221; use_theme_fonts=&#8221;yes&#8221; el_class=&#8221;text-uppercase mb-4&#8243;][vc_row_inner equal_height=&#8221;yes&#8221; gap=&#8221;35&#8243; el_class=&#8221;mb-4&#8243;][vc_column_inner width=&#8221;1\/2&#8243; css=&#8221;.vc_custom_1592336241287{padding-top: 0px !important;background-color: #ffffff !important;}&#8221;][vc_single_image image=&#8221;447&#8243; img_size=&#8221;full&#8221; onclick=&#8221;custom_link&#8221; link=&#8221;\/fr\/ca\/symptomes-et-problemes\/douleur-aux-pieds-et-problemes-de-sante\/douleur-aux-talons\/&#8221;][vc_separator][vc_column_text el_class=&#8221;lg&#8221;]\r\n<p style=\"text-align: center;\"><a href=\"\/fr\/ca\/symptomes-et-problemes\/douleur-aux-pieds-et-problemes-de-sante\/douleur-aux-talons\/\">Douleurs Au Talon<\/a><\/p>\r\n[\/vc_column_text][\/vc_column_inner][vc_column_inner width=&#8221;1\/2&#8243; css=&#8221;.vc_custom_1592336262621{padding-top: 0px !important;background-color: #ffffff !important;}&#8221;][vc_single_image image=&#8221;529&#8243; img_size=&#8221;full&#8221; onclick=&#8221;custom_link&#8221; link=&#8221;\/fr\/ca\/symptomes-et-problemes\/douleur-aux-pieds-et-problemes-de-sante\/tendinite-dachille\/&#8221;][vc_separator][vc_column_text el_class=&#8221;lg&#8221;]\r\n<p style=\"text-align: center;\"><a href=\"\/fr\/ca\/symptomes-et-problemes\/douleur-aux-pieds-et-problemes-de-sante\/tendinite-dachille\/\">Tendinite Achill\u00e9enne<\/a><\/p>\r\n[\/vc_column_text][\/vc_column_inner][\/vc_row_inner][vc_btn title=&#8221;Voir les autres sympt\u00f4mes et affections du pied&#8221; color=&#8221;btn-blue&#8221; colour=&#8221;btn-blue&#8221; el_class=&#8221;btn-wavy&#8221; link=&#8221;url:%2Ffr%2Fcc%2Fsymptomes-et-problemes-de-sante%2Fdouleur-aux-pieds-et-problemes-de-sante%2F|title:Foot%20Pain%20%26%20Conditions&#8221;][\/vc_column][vc_column width=&#8221;1\/6&#8243;][\/vc_column][\/vc_row][\/vc_section]<\/div>","protected":false},"excerpt":{"rendered":"<p>[vc_section full_width=&#8221;stretch_row&#8221; content_placement=&#8221;middle&#8221; el_class=&#8221;blue-gradient pt-5 pb-3 mb-5&#8243;][vc_row content_placement=&#8221;middle&#8221;][vc_column width=&#8221;2\/3&#8243;][vc_raw_html]JTNDaDElMjBjbGFzcyUzRCUyMnRleHQtdXBwZXJjYXNlJTIwbWItMCUyMiUyMHN0eWxlJTNEJTIyZm9udC1zaXplJTNBNjBweCUzQiUyMiUzRUxFJTIwUE9JTlQlMjBTVVIlMjBMQSUyMEZBU0NJSVRFJTIwUExBTlRBSVJFJTNDc3BhbiUyMGNsYXNzJTNEJTIyeWVsbG93JTIyJTNFJTNBJTNDJTJGc3BhbiUzRSUzQyUyRmgxJTNF[\/vc_raw_html][\/vc_column][vc_column width=&#8221;1\/3&#8243;][vc_raw_html el_class=&#8221;yellow&#8221;]JTNDcCUzRSUzQ2ElMjBocmVmJTNEJTIyJTIzZGVmaW5pdGlvbiUyMiUyMGNsYXNzJTNEJTIyYW5jaG9yJTIyJTNFRGUlMjBxdW9pJTIwcyVFMiU4MCU5OWFnaXQtaWwlM0YlM0MlMkZhJTNFJTNDJTJGcCUzRSUwQSUzQ3AlM0UlM0NhJTIwaHJlZiUzRCUyMiUyM2NhdXNlcyUyMiUyMGNsYXNzJTNEJTIyYW5jaG9yJTIyJTNFUXVlbGxlcyUyMGVuJTIwc29udCUyMGxlcyUyMGNhdXNlcyUzRiUzQyUyRmElM0UlM0MlMkZwJTNFJTBBJTNDcCUzRSUzQ2ElMjBocmVmJTNEJTIyJTIzc29sdXRpb25zJTIyJTIwY2xhc3MlM0QlMjJhbmNob3IlMjIlM0VRdWUlMjBwdWlzLWplJTIwZmFpcmUlM0YlM0MlMkZhJTNFJTNDJTJGcCUzRSUwQSUwQQ==[\/vc_raw_html][\/vc_column][\/vc_row][\/vc_section][vc_section el_id=&#8221;definition&#8221; el_class=&#8221;mt-4 mb-5&#8243;][vc_row][vc_column width=&#8221;1\/12&#8243;][\/vc_column][vc_column width=&#8221;5\/6&#8243;][vc_custom_heading text=&#8221;FASCIITE PLANTAIRE&#8221; font_container=&#8221;tag:h2|text_align:center&#8221; use_theme_fonts=&#8221;yes&#8221; el_class=&#8221;text-uppercase&#8221;][vc_column_text el_class=&#8221;lg&#8221;] La fasciite plantaire est une douleur et une inflammation \u00e0 l\u2019endroit o\u00f9 la fine bande de tissus appel\u00e9e l\u2019apon\u00e9vrose plantaire relie l\u2019os du talon aux orteils. Ce tissu aide \u00e0 soutenir les os&hellip;<\/p>\n","protected":false},"author":432,"featured_media":0,"parent":11625,"menu_order":0,"comment_status":"closed","ping_status":"closed","template":"","meta":{"_acf_changed":false,"footnotes":""},"class_list":["post-531","page","type-page","status-publish","hentry"],"acf":[],"_links":{"self":[{"href":"https:\/\/www.drscholls.ca\/fr\/wp-json\/wp\/v2\/pages\/531","targetHints":{"allow":["GET"]}}],"collection":[{"href":"https:\/\/www.drscholls.ca\/fr\/wp-json\/wp\/v2\/pages"}],"about":[{"href":"https:\/\/www.drscholls.ca\/fr\/wp-json\/wp\/v2\/types\/page"}],"author":[{"embeddable":true,"href":"https:\/\/www.drscholls.ca\/fr\/wp-json\/wp\/v2\/users\/432"}],"replies":[{"embeddable":true,"href":"https:\/\/www.drscholls.ca\/fr\/wp-json\/wp\/v2\/comments?post=531"}],"version-history":[{"count":0,"href":"https:\/\/www.drscholls.ca\/fr\/wp-json\/wp\/v2\/pages\/531\/revisions"}],"up":[{"embeddable":true,"href":"https:\/\/www.drscholls.ca\/fr\/wp-json\/wp\/v2\/pages\/11625"}],"wp:attachment":[{"href":"https:\/\/www.drscholls.ca\/fr\/wp-json\/wp\/v2\/media?parent=531"}],"curies":[{"name":"wp","href":"https:\/\/api.w.org\/{rel}","templated":true}]}}