{"id":455,"date":"2020-06-16T14:41:22","date_gmt":"2020-06-16T19:41:22","guid":{"rendered":"https:\/\/www.drscholls.ca\/fr\/?page_id=455"},"modified":"2020-11-13T11:25:45","modified_gmt":"2020-11-13T16:25:45","slug":"douleur-au-bas-du-dos-et-problemes-de-sante","status":"publish","type":"page","link":"https:\/\/www.drscholls.ca\/fr\/cc\/symptomes-et-problemes-de-sante\/douleur-au-bas-du-dos-et-problemes-de-sante\/","title":{"rendered":"Douleur Au Bas du Dos et Probl\u00e8mes de Sant\u00e9"},"content":{"rendered":"<div class=\"wpb-content-wrapper\">[vc_section][vc_row full_width=&#8221;stretch_row&#8221; equal_height=&#8221;yes&#8221; content_placement=&#8221;middle&#8221; css=&#8221;.vc_custom_1605061350860{background-image: url(https:\/\/www.drscholls.ca\/fr\/wp-content\/uploads\/sites\/4\/d_SC_HERO_1440x410_2.4_Leg_Hero.png?id=1094) !important;background-position: center !important;background-repeat: no-repeat !important;background-size: contain !important;}&#8221; el_class=&#8221;section-background-485&#8243;][vc_column][vc_custom_heading text=&#8221;RENSEIGNEZ-VOUS SUR LES DOULEURS DU BAS DU CORPS&#8221; font_container=&#8221;tag:h1|text_align:left&#8221; use_theme_fonts=&#8221;yes&#8221; el_class=&#8221;text-uppercase pt-5&#8243;][vc_custom_heading text=&#8221;ET RECOMMENCEZ \u00c0 BOUGER AVEC AISANCE&#8221; font_container=&#8221;tag:h4|text_align:left&#8221; use_theme_fonts=&#8221;yes&#8221; el_class=&#8221;text-uppercase&#8221;][\/vc_column][\/vc_row][\/vc_section][vc_section el_class=&#8221;mt-5&#8243;][vc_row][vc_column width=&#8221;1\/12&#8243;][\/vc_column][vc_column width=&#8221;5\/6&#8243;][vc_custom_heading text=&#8221;SYMPT\u00d4MES ET TROUBLES DE DOULEUR DU BAS DU CORPS&#8221; font_container=&#8221;tag:h4|text_align:center&#8221; use_theme_fonts=&#8221;yes&#8221; el_class=&#8221;text-uppercase&#8221;][vc_column_text el_class=&#8221;pb-4&#8243;]\r\n<h5 style=\"text-align: center;\">Obtenez de l\u2019aide pour comprendre et r\u00e9duire vos sympt\u00f4mes.<\/h5>\r\n[\/vc_column_text][\/vc_column][vc_column width=&#8221;1\/12&#8243;][\/vc_column][\/vc_row][\/vc_section][vc_section][vc_row full_width=&#8221;stretch_row&#8221; equal_height=&#8221;yes&#8221; css=&#8221;.vc_custom_1605061353493{background-image: url(https:\/\/www.drscholls.ca\/fr\/wp-content\/uploads\/sites\/4\/d_SC_SUBCAT_MODULE_1_1440x885_2.3_Knee.png?id=1090) !important;background-position: center !important;background-repeat: no-repeat !important;background-size: contain !important;}&#8221; el_class=&#8221;section-background section-override&#8221; el_id=&#8221;mobile&#8221;][vc_column width=&#8221;1\/2&#8243; el_class=&#8221;absolute-position knee-pain&#8221;][vc_raw_html]JTNDaW1nJTIwc3JjJTNEJTIyJTJGc3RhdGljJTJGbWVkaWElMkZpbWFnZXMlMkZkcnNjaG9sbHMlMkZmb2N1cy1wb2ludGVyMS5wbmclMjIlMjBhbHQlM0QlMjJGb2N1cyUyMFBvaW50ZXIlMjIlMjB0aXRsZSUzRCUyMlN5bXB0b21zJTIwYW5kJTIwY29uZGl0aW9ucyUyMiUyMGNsYXNzJTNEJTIyZm9jdXMtcG9pbnRlciUyMiUyMGRhdGEtaWQlM0QlMjJmb2N1cy1wb2ludGVyJTIyJTNF[\/vc_raw_html][\/vc_column][vc_column width=&#8221;1\/2&#8243;][vc_custom_heading text=&#8221;OBTENEZ LES FAITS SUR LES DOULEURS DU BAS DU CORPS. REMETTEZ-VOUS \u00c0 BOUGER, SANS LIMITATION.&#8221; font_container=&#8221;tag:h4|text_align:left&#8221; use_theme_fonts=&#8221;yes&#8221; el_class=&#8221;pt-3&#8243; link=&#8221;url:https%3A%2F%2Fwww.drscholls.com%2Fsymptoms-and-conditions%2Ffoot-skin-conditions%2F|title:Foot%20Skin%20Conditions||&#8221;][vc_column_text el_class=&#8221;mb-2&#8243;]D\u00e9couvrez les types de douleurs et d\u2019affections courantes du bas du corps, leurs causes et leurs traitements pour vous permettre de retrouver votre mobilit\u00e9 optimale.[\/vc_column_text][vc_column_text el_class=&#8221;lg pb-3&#8243;]\r\n<ul class=\"symptoms-links\">\r\n \t<li data-num=\"0\"><a title=\"Click for details about ankle pain and how our products may help.\" href=\"\/fr\/ca\/symptomes-et-problemes\/douleur-au-bas-du-dos-et-problemes-de-sante\/douleurs-a-la-cheville\/\">Douleur \u00e0 la cheville<\/a>\r\n<p class=\"symptoms-problem-detail\"><a href=\"\/fr\/ca\/symptomes-et-problemes\/douleur-au-bas-du-dos-et-problemes-de-sante\/douleurs-a-la-cheville\/\">Douleur lancinante \u00e0 la cheville li\u00e9e aux activit\u00e9s quotidiennes. <\/a><\/p>\r\n<\/li>\r\n \t<li data-num=\"1\"><a title=\"Click for more information about general hip pain.\" href=\"\/fr\/ca\/symptomes-et-problemes\/douleur-au-bas-du-dos-et-problemes-de-sante\/douleur-a-la-hanche\/\">Douleur de la hanche<\/a>\r\n<p class=\"symptoms-problem-detail\"><a href=\"\/fr\/ca\/symptomes-et-problemes\/douleur-au-bas-du-dos-et-problemes-de-sante\/douleur-a-la-hanche\/\">Inconfort au niveau des articulations de la hanche.<\/a><\/p>\r\n<\/li>\r\n \t<li data-num=\"2\"><a title=\"Click for details about knee pain and how our products may help.\" href=\"\/fr\/ca\/symptomes-et-problemes\/douleur-au-bas-du-dos-et-problemes-de-sante\/douleur-au-genou\/\">Douleur au genou<\/a>\r\n<p class=\"symptoms-problem-detail\"><a href=\"\/fr\/ca\/symptomes-et-problemes\/douleur-au-bas-du-dos-et-problemes-de-sante\/douleur-au-genou\/\">Douleur entre la rotule et le f\u00e9mur (os de la cuisse).<\/a><\/p>\r\n<\/li>\r\n \t<li data-num=\"3\"><a title=\"Click for details about lower back pain and how our products may help.\" href=\"\/fr\/ca\/symptomes-et-problemes\/douleur-au-bas-du-dos-et-problemes-de-sante\/douleur-au-bas-du-dos\/\">Douleurs au bas du dos<\/a>\r\n<p class=\"symptoms-problem-detail\"><a href=\"\/fr\/ca\/symptomes-et-problemes\/douleur-au-bas-du-dos-et-problemes-de-sante\/douleur-au-bas-du-dos\/\">Douleur lancinante \u00e0 la r\u00e9gion lombaire li\u00e9e aux activit\u00e9s quotidiennes. <\/a><\/p>\r\n<\/li>\r\n<\/ul>\r\n<ul class=\"symptoms-links\">\r\n \t<li data-num=\"4\"><a title=\"\" href=\"\/fr\/ca\/symptomes-et-problemes\/douleur-au-bas-du-dos-et-problemes-de-sante\/fatigue-musculaire\/\">Fatigue musculaire<\/a>\r\n<p class=\"symptoms-problem-detail\"><a href=\"\/fr\/ca\/symptomes-et-problemes\/douleur-au-bas-du-dos-et-problemes-de-sante\/fatigue-musculaire\/\">Lorsque vos jambes ne peuvent pas bouger normalement et sont affaiblies.<\/a><\/p>\r\n<\/li>\r\n \t<li data-num=\"5\"><a title=\"Click to learn more about osteoarthritis pain.\" href=\"\/fr\/ca\/symptomes-et-problemes\/douleur-aux-pieds-et-problemes-de-sante\/arthrose\/\">Douleur arthrosique<\/a>\r\n<p class=\"symptoms-problem-detail\"><a href=\"\/fr\/ca\/symptomes-et-problemes\/douleur-aux-pieds-et-problemes-de-sante\/arthrose\/\">Douleur provoqu\u00e9e par l\u2019usure du cartilage &#8211; les tissus souples situ\u00e9s \u00e0 l\u2019extr\u00e9mit\u00e9 de certains os.<\/a><\/p>\r\n<\/li>\r\n \t<li data-num=\"6\"><a title=\"Click for more information on runner\u2019s knee.\" href=\"\/fr\/ca\/symptomes-et-problemes\/douleur-au-bas-du-dos-et-problemes-de-sante\/genou-du-coureur\/\">Genou du coureur<\/a>\r\n<p class=\"symptoms-problem-detail\"><a href=\"\/fr\/ca\/symptomes-et-problemes\/douleur-au-bas-du-dos-et-problemes-de-sante\/genou-du-coureur\/\">Douleur aigu\u00eb autour de la rotule. <\/a><\/p>\r\n<\/li>\r\n \t<li data-num=\"7\"><a title=\"\" href=\"\/fr\/ca\/symptomes-et-problemes\/douleur-au-bas-du-dos-et-problemes-de-sante\/syndrome-de-stress-tibial\/\">Fasciite tibiale<\/a>\r\n<p class=\"symptoms-problem-detail\"><a href=\"\/fr\/ca\/symptomes-et-problemes\/douleur-au-bas-du-dos-et-problemes-de-sante\/syndrome-de-stress-tibial\/\">Douleur le long du bord int\u00e9rieur du tibia. <\/a><\/p>\r\n<\/li>\r\n<\/ul>\r\n[\/vc_column_text][\/vc_column][\/vc_row][\/vc_section]<\/div>","protected":false},"excerpt":{"rendered":"<p>[vc_section][vc_row full_width=&#8221;stretch_row&#8221; equal_height=&#8221;yes&#8221; content_placement=&#8221;middle&#8221; css=&#8221;.vc_custom_1605061350860{background-image: url(https:\/\/www.drscholls.ca\/fr\/wp-content\/uploads\/sites\/4\/d_SC_HERO_1440x410_2.4_Leg_Hero.png?id=1094) !important;background-position: center !important;background-repeat: no-repeat !important;background-size: contain !important;}&#8221; el_class=&#8221;section-background-485&#8243;][vc_column][vc_custom_heading text=&#8221;RENSEIGNEZ-VOUS SUR LES DOULEURS DU BAS DU CORPS&#8221; font_container=&#8221;tag:h1|text_align:left&#8221; use_theme_fonts=&#8221;yes&#8221; el_class=&#8221;text-uppercase pt-5&#8243;][vc_custom_heading text=&#8221;ET RECOMMENCEZ \u00c0 BOUGER AVEC AISANCE&#8221; font_container=&#8221;tag:h4|text_align:left&#8221; use_theme_fonts=&#8221;yes&#8221; el_class=&#8221;text-uppercase&#8221;][\/vc_column][\/vc_row][\/vc_section][vc_section el_class=&#8221;mt-5&#8243;][vc_row][vc_column width=&#8221;1\/12&#8243;][\/vc_column][vc_column width=&#8221;5\/6&#8243;][vc_custom_heading text=&#8221;SYMPT\u00d4MES ET TROUBLES DE DOULEUR DU BAS DU CORPS&#8221; font_container=&#8221;tag:h4|text_align:center&#8221; use_theme_fonts=&#8221;yes&#8221; el_class=&#8221;text-uppercase&#8221;][vc_column_text el_class=&#8221;pb-4&#8243;] Obtenez de l\u2019aide pour&hellip;<\/p>\n","protected":false},"author":4,"featured_media":0,"parent":224,"menu_order":0,"comment_status":"closed","ping_status":"closed","template":"","meta":{"_acf_changed":false,"footnotes":""},"class_list":["post-455","page","type-page","status-publish","hentry"],"acf":[],"_links":{"self":[{"href":"https:\/\/www.drscholls.ca\/fr\/wp-json\/wp\/v2\/pages\/455","targetHints":{"allow":["GET"]}}],"collection":[{"href":"https:\/\/www.drscholls.ca\/fr\/wp-json\/wp\/v2\/pages"}],"about":[{"href":"https:\/\/www.drscholls.ca\/fr\/wp-json\/wp\/v2\/types\/page"}],"author":[{"embeddable":true,"href":"https:\/\/www.drscholls.ca\/fr\/wp-json\/wp\/v2\/users\/4"}],"replies":[{"embeddable":true,"href":"https:\/\/www.drscholls.ca\/fr\/wp-json\/wp\/v2\/comments?post=455"}],"version-history":[{"count":0,"href":"https:\/\/www.drscholls.ca\/fr\/wp-json\/wp\/v2\/pages\/455\/revisions"}],"up":[{"embeddable":true,"href":"https:\/\/www.drscholls.ca\/fr\/wp-json\/wp\/v2\/pages\/224"}],"wp:attachment":[{"href":"https:\/\/www.drscholls.ca\/fr\/wp-json\/wp\/v2\/media?parent=455"}],"curies":[{"name":"wp","href":"https:\/\/api.w.org\/{rel}","templated":true}]}}