{"id":454,"date":"2020-06-16T14:41:03","date_gmt":"2020-06-16T19:41:03","guid":{"rendered":"https:\/\/www.drscholls.ca\/fr\/?page_id=454"},"modified":"2020-11-13T11:17:12","modified_gmt":"2020-11-13T16:17:12","slug":"affections-cutanees-du-pied","status":"publish","type":"page","link":"https:\/\/www.drscholls.ca\/fr\/cc\/symptomes-et-problemes-de-sante\/affections-cutanees-du-pied\/","title":{"rendered":"Affections Cutan\u00e9es du Pied"},"content":{"rendered":"<div class=\"wpb-content-wrapper\">[vc_section][vc_row full_width=&#8221;stretch_row&#8221; equal_height=&#8221;yes&#8221; content_placement=&#8221;middle&#8221; css=&#8221;.vc_custom_1605061392408{background-image: url(https:\/\/www.drscholls.ca\/fr\/wp-content\/uploads\/sites\/4\/d_SC_HERO_1440x410_2.6_FootSkinCond_Hero.png?id=1067) !important;background-position: center !important;background-repeat: no-repeat !important;background-size: contain !important;}&#8221; el_class=&#8221;section-background-485&#8243;][vc_column][vc_custom_heading text=&#8221;RENSEIGNEZ-VOUS SUR LES AFFECTIONS DE LA PEAU DES PIEDS&#8221; use_theme_fonts=&#8221;yes&#8221; el_class=&#8221;text-uppercase pt-5&#8243;][vc_custom_heading text=&#8221;ET RECOMMENCEZ \u00c0 BOUGER AVEC AISANCE&#8221; font_container=&#8221;tag:h4|text_align:left&#8221; use_theme_fonts=&#8221;yes&#8221; el_class=&#8221;text-uppercase&#8221;][\/vc_column][\/vc_row][\/vc_section][vc_section el_class=&#8221;mt-5&#8243;][vc_row][vc_column width=&#8221;1\/12&#8243;][\/vc_column][vc_column width=&#8221;5\/6&#8243;][vc_custom_heading text=&#8221;TRAITEZ LES AFFECTIONS CUTAN\u00c9ES COURANTES DES PIEDS POUR MIEUX BOUGER&#8221; font_container=&#8221;tag:h4|text_align:center&#8221; use_theme_fonts=&#8221;yes&#8221; el_class=&#8221;text-uppercase&#8221;][vc_column_text el_class=&#8221;pb-4&#8243;]\r\n<h5 style=\"text-align: center;\">Voici de l\u2019aide pour les probl\u00e8mes de peau sur les pieds.<\/h5>\r\n[\/vc_column_text][\/vc_column][vc_column width=&#8221;1\/12&#8243;][\/vc_column][\/vc_row][\/vc_section][vc_section el_id=&#8221;mobile&#8221;][vc_row full_width=&#8221;stretch_row&#8221; css=&#8221;.vc_custom_1605061395466{background-image: url(https:\/\/www.drscholls.ca\/fr\/wp-content\/uploads\/sites\/4\/common-skin-problem.png?id=1068) !important;background-position: center !important;background-repeat: no-repeat !important;background-size: contain !important;}&#8221; el_class=&#8221;section-background section-override&#8221;][vc_column width=&#8221;1\/2&#8243; el_class=&#8221;absolute-position skin-conditions&#8221;][vc_raw_html]JTNDaW1nJTIwc3JjJTNEJTIyJTJGc3RhdGljJTJGbWVkaWElMkZpbWFnZXMlMkZkcnNjaG9sbHMlMkZmb2N1cy1wb2ludGVyMS5wbmclMjIlMjBhbHQlM0QlMjJGb2N1cyUyMFBvaW50ZXIlMjIlMjB0aXRsZSUzRCUyMlN5bXB0b21zJTIwYW5kJTIwY29uZGl0aW9ucyUyMiUyMGNsYXNzJTNEJTIyZm9jdXMtcG9pbnRlciUyMiUyMGRhdGEtaWQlM0QlMjJmb2N1cy1wb2ludGVyJTIyJTNF[\/vc_raw_html][\/vc_column][vc_column width=&#8221;1\/2&#8243;][vc_custom_heading text=&#8221;CONNA\u00ceTRE LES FAITS SUR LES MALADIES CUTAN\u00c9ES COURANTES DES PIEDS. SE REMETTRE \u00c0 BOUGER.&#8221; font_container=&#8221;tag:h4|text_align:left&#8221; use_theme_fonts=&#8221;yes&#8221; el_class=&#8221;pt-3&#8243; link=&#8221;title:Foot%20Skin%20Conditions&#8221;][vc_column_text el_class=&#8221;mb-2&#8243;]\r\n<p class=\"symptoms-problem-detail\">Certains probl\u00e8mes de peau sont simplement g\u00eanants. D\u2019autres sont douloureux. Obtenez de l\u2019aide pour traiter celui que vous affrontez et recommencez \u00e0 bouger avec confiance et confort!<\/p>\r\n[\/vc_column_text][vc_column_text el_class=&#8221;lg pb-3&#8243;]\r\n<ul class=\"symptoms-links\">\r\n \t<li data-num=\"0\"><a title=\"Click for information about Athlete's Foot\" href=\"\/fr\/ca\/symptomes-et-problemes\/affections-cutanees-du-pied\/pied-d-athlete\/\">Pied d\u2019athl\u00e8te<\/a>\r\n<p class=\"symptoms-problem-detail\"><a href=\"\/fr\/ca\/symptomes-et-problemes\/affections-cutanees-du-pied\/pied-d-athlete\/\">Infection cutan\u00e9e courante caus\u00e9e par des organismes fongiques qui se d\u00e9veloppent sur les pieds et commence g\u00e9n\u00e9ralement entre les orteils. <\/a><\/p>\r\n<\/li>\r\n \t<li data-num=\"1\"><a title=\"Click for information about warts\" href=\"\/fr\/ca\/symptomes-et-problemes\/affections-cutanees-du-pied\/verrues-vulgaires-et-plantaires\/\">Verrues communes et plantaires<\/a>\r\n<p class=\"symptoms-problem-detail\"><a href=\"\/fr\/ca\/symptomes-et-problemes\/affections-cutanees-du-pied\/verrues-vulgaires-et-plantaires\/\">Excroissance caus\u00e9e par un virus \u00e0 la surface de la peau.<\/a><\/p>\r\n<\/li>\r\n \t<li data-num=\"2\"><a title=\"Click for information about blisters\" href=\"\/fr\/ca\/symptomes-et-problemes\/affections-cutanees-du-pied\/ampoules\/\">Ampoules<\/a>\r\n<p class=\"symptoms-problem-detail\"><a href=\"\/fr\/ca\/symptomes-et-problemes\/affections-cutanees-du-pied\/ampoules\/\">Peau qui a form\u00e9 une cloque remplie de liquide en raison du frottement des chaussures ou d\u2019une irritation. <\/a><\/p>\r\n<\/li>\r\n \t<li data-num=\"3\"><a title=\"Click for information about bunions\" href=\"\/fr\/ca\/symptomes-et-problemes\/affections-cutanees-du-pied\/oignons\/\">Oignons<\/a>\r\n<p class=\"symptoms-problem-detail\"><a href=\"\/fr\/ca\/symptomes-et-problemes\/affections-cutanees-du-pied\/oignons\/\">Enflures douloureuses caus\u00e9es par le gonflement d\u2019une ou des deux articulations de votre gros orteil.<\/a><\/p>\r\n<\/li>\r\n \t<li data-num=\"4\"><a title=\"Click for information about calluses\" href=\"\/fr\/ca\/symptomes-et-problemes\/affections-cutanees-du-pied\/callosites\/\">Callosit\u00e9s<\/a>\r\n<p class=\"symptoms-problem-detail\"><a href=\"\/fr\/ca\/symptomes-et-problemes\/affections-cutanees-du-pied\/callosites\/\">Zone de peau \u00e9paisse et dure qui se forme en r\u00e9ponse \u00e0 des pressions et des frottements r\u00e9p\u00e9t\u00e9s sur le pied.<\/a><\/p>\r\n<\/li>\r\n \t<li data-num=\"5\"><a title=\"Click for information about corns\" href=\"\/fr\/ca\/symptomes-et-problemes\/affections-cutanees-du-pied\/cors\/\">Cors<\/a>\r\n<p class=\"symptoms-problem-detail\"><a href=\"\/fr\/ca\/symptomes-et-problemes\/affections-cutanees-du-pied\/cors\/\">Bosses en forme de c\u00f4ne sur les orteils, faites de peau dure et \u00e9paisse. <\/a><\/p>\r\n<\/li>\r\n \t<li data-num=\"6\"><a title=\"Click for information about foot odour &amp; perspiration\" href=\"\/fr\/ca\/symptomes-et-problemes\/affections-cutanees-du-pied\/odeurs-et-moiteur-des-pieds\/\">Odeur et transpiration du pied<\/a>\r\n<p class=\"symptoms-problem-detail\"><a href=\"\/fr\/ca\/symptomes-et-problemes\/affections-cutanees-du-pied\/odeurs-et-moiteur-des-pieds\/\">Transpiration des pieds entra\u00eenant la croissance de bact\u00e9ries dans les chaussures et des odeurs de pieds.<\/a><\/p>\r\n<\/li>\r\n \t<li data-num=\"7\"><a title=\"\" href=\"\/fr\/ca\/symptomes-et-problemes\/affections-cutanees-du-pied\/ongles-incarnes\/\">Ongles incarn\u00e9s<\/a>\r\n<p class=\"symptoms-problem-detail\"><a href=\"\/fr\/ca\/symptomes-et-problemes\/affections-cutanees-du-pied\/ongles-incarnes\/\">Douleur caus\u00e9e par la croissance du bord de l\u2019ongle dans la partie charnue de l\u2019orteil. <\/a><\/p>\r\n<\/li>\r\n \t<li data-num=\"8\"><a title=\"\" href=\"\/fr\/ca\/symptomes-et-problemes\/affections-cutanees-du-pied\/pieds-rugueux-secs-et-fendilles\/\">Talons rugueux, secs ou crevass\u00e9<\/a>\r\n<p class=\"symptoms-problem-detail\"><a href=\"\/fr\/ca\/symptomes-et-problemes\/affections-cutanees-du-pied\/pieds-rugueux-secs-et-fendilles\/\">Peau d\u2019aspect et de texture rugueuse et\/ou qui d\u00e9mange, desquame, p\u00e8le ou qui est rouge. <\/a><\/p>\r\n<\/li>\r\n \t<li data-num=\"9\"><a title=\"\" href=\"\/fr\/ca\/symptomes-et-problemes\/affections-cutanees-du-pied\/acrochordons\/\">Acrochordons<\/a>\r\n<p class=\"symptoms-problem-detail\"><a href=\"\/fr\/ca\/symptomes-et-problemes\/affections-cutanees-du-pied\/acrochordons\/\">Les acrochordons sont des excroissances de peau molles, petites, de couleur chair (ou l\u00e9g\u00e8rement plus fonc\u00e9es). <\/a><\/p>\r\n<\/li>\r\n<\/ul>\r\n[\/vc_column_text][\/vc_column][\/vc_row][\/vc_section]<\/div>","protected":false},"excerpt":{"rendered":"<p>[vc_section][vc_row full_width=&#8221;stretch_row&#8221; equal_height=&#8221;yes&#8221; content_placement=&#8221;middle&#8221; css=&#8221;.vc_custom_1605061392408{background-image: url(https:\/\/www.drscholls.ca\/fr\/wp-content\/uploads\/sites\/4\/d_SC_HERO_1440x410_2.6_FootSkinCond_Hero.png?id=1067) !important;background-position: center !important;background-repeat: no-repeat !important;background-size: contain !important;}&#8221; el_class=&#8221;section-background-485&#8243;][vc_column][vc_custom_heading text=&#8221;RENSEIGNEZ-VOUS SUR LES AFFECTIONS DE LA PEAU DES PIEDS&#8221; use_theme_fonts=&#8221;yes&#8221; el_class=&#8221;text-uppercase pt-5&#8243;][vc_custom_heading text=&#8221;ET RECOMMENCEZ \u00c0 BOUGER AVEC AISANCE&#8221; font_container=&#8221;tag:h4|text_align:left&#8221; use_theme_fonts=&#8221;yes&#8221; el_class=&#8221;text-uppercase&#8221;][\/vc_column][\/vc_row][\/vc_section][vc_section el_class=&#8221;mt-5&#8243;][vc_row][vc_column width=&#8221;1\/12&#8243;][\/vc_column][vc_column width=&#8221;5\/6&#8243;][vc_custom_heading text=&#8221;TRAITEZ LES AFFECTIONS CUTAN\u00c9ES COURANTES DES PIEDS POUR MIEUX BOUGER&#8221; font_container=&#8221;tag:h4|text_align:center&#8221; use_theme_fonts=&#8221;yes&#8221; el_class=&#8221;text-uppercase&#8221;][vc_column_text el_class=&#8221;pb-4&#8243;] Voici de l\u2019aide&hellip;<\/p>\n","protected":false},"author":4,"featured_media":0,"parent":224,"menu_order":0,"comment_status":"closed","ping_status":"closed","template":"","meta":{"_acf_changed":false,"footnotes":""},"class_list":["post-454","page","type-page","status-publish","hentry"],"acf":[],"_links":{"self":[{"href":"https:\/\/www.drscholls.ca\/fr\/wp-json\/wp\/v2\/pages\/454","targetHints":{"allow":["GET"]}}],"collection":[{"href":"https:\/\/www.drscholls.ca\/fr\/wp-json\/wp\/v2\/pages"}],"about":[{"href":"https:\/\/www.drscholls.ca\/fr\/wp-json\/wp\/v2\/types\/page"}],"author":[{"embeddable":true,"href":"https:\/\/www.drscholls.ca\/fr\/wp-json\/wp\/v2\/users\/4"}],"replies":[{"embeddable":true,"href":"https:\/\/www.drscholls.ca\/fr\/wp-json\/wp\/v2\/comments?post=454"}],"version-history":[{"count":0,"href":"https:\/\/www.drscholls.ca\/fr\/wp-json\/wp\/v2\/pages\/454\/revisions"}],"up":[{"embeddable":true,"href":"https:\/\/www.drscholls.ca\/fr\/wp-json\/wp\/v2\/pages\/224"}],"wp:attachment":[{"href":"https:\/\/www.drscholls.ca\/fr\/wp-json\/wp\/v2\/media?parent=454"}],"curies":[{"name":"wp","href":"https:\/\/api.w.org\/{rel}","templated":true}]}}