{"id":226,"date":"2020-06-11T08:42:28","date_gmt":"2020-06-11T13:42:28","guid":{"rendered":"https:\/\/www.drscholls.ca\/fr\/?page_id=226"},"modified":"2020-11-24T11:21:49","modified_gmt":"2020-11-24T16:21:49","slug":"douleur-a-la-voute-plantaire","status":"publish","type":"page","link":"https:\/\/www.drscholls.ca\/fr\/ca\/symptomes-et-problemes\/douleur-aux-pieds-et-problemes-de-sante\/douleur-a-la-voute-plantaire\/","title":{"rendered":"Douleur \u00c0 la Vo\u00fbte Plantaire"},"content":{"rendered":"<div class=\"wpb-content-wrapper\">[vc_section full_width=&#8221;stretch_row&#8221; content_placement=&#8221;middle&#8221; el_class=&#8221;blue-gradient pt-5 pb-3 mb-5&#8243;][vc_row content_placement=&#8221;middle&#8221;][vc_column width=&#8221;2\/3&#8243;][vc_raw_html]JTNDaDElMjBjbGFzcyUzRCUyMnRleHQtdXBwZXJjYXNlJTIwbWItMCUyMiUzRUxlJTIwUG9pbnQlMjBTdXIlMjBsYSUyMERvdWxldXIlMjAlQzMlODAlMjBsYSUyMFZvJUMzJUJCdGUlMjBQbGFudGFpcmUlM0NzcGFuJTIwY2xhc3MlM0QlMjJ5ZWxsb3clMjIlM0UlM0ElM0MlMkZzcGFuJTNFJTNDJTJGaDElM0U=[\/vc_raw_html][\/vc_column][vc_column width=&#8221;1\/3&#8243;][vc_raw_html el_class=&#8221;yellow&#8221;]JTNDcCUzRSUzQ2ElMjBocmVmJTNEJTIyJTIzZGVmaW5pdGlvbiUyMiUyMGNsYXNzJTNEJTIyYW5jaG9yJTIyJTNFRGUlMjBxdW9pJTIwcyVFMiU4MCU5OWFnaXQtaWwlM0YlM0MlMkZhJTNFJTNDJTJGcCUzRSUwQSUzQ3AlM0UlM0NhJTIwaHJlZiUzRCUyMiUyM2NhdXNlcyUyMiUyMGNsYXNzJTNEJTIyYW5jaG9yJTIyJTNFUXVlbGxlcyUyMGVuJTIwc29udCUyMGxlcyUyMGNhdXNlcyUzRiUzQyUyRmElM0UlM0MlMkZwJTNFJTBBJTNDcCUzRSUzQ2ElMjBocmVmJTNEJTIyJTIzc29sdXRpb25zJTIyJTIwY2xhc3MlM0QlMjJhbmNob3IlMjIlM0VRdWUlMjBwdWlzLWplJTIwZmFpcmUlM0YlM0MlMkZhJTNFJTNDJTJGcCUzRQ==[\/vc_raw_html][\/vc_column][\/vc_row][\/vc_section][vc_section el_id=&#8221;definition&#8221; el_class=&#8221;mt-4 mb-5&#8243;][vc_row][vc_column width=&#8221;1\/12&#8243;][\/vc_column][vc_column width=&#8221;5\/6&#8243;][vc_custom_heading text=&#8221;Douleur \u00c0 la Vo\u00fbte Plantaire 101&#8243; font_container=&#8221;tag:h2|text_align:center&#8221; use_theme_fonts=&#8221;yes&#8221; el_class=&#8221;text-uppercase&#8221;][vc_column_text el_class=&#8221;lg&#8221;]\r\n<p style=\"text-align: center;\">La douleur \u00e0 la vo\u00fbte plantaire est due \u00e0 l\u2019affaiblissement ou \u00e0 la tension des ligaments associ\u00e9s aux os de la vo\u00fbte plantaire.<\/p>\r\n[\/vc_column_text][\/vc_column][vc_column width=&#8221;1\/12&#8243;][\/vc_column][\/vc_row][\/vc_section][vc_section full_width=&#8221;stretch_row&#8221; el_class=&#8221;mb-5&#8243;][vc_row equal_height=&#8221;yes&#8221; content_placement=&#8221;middle&#8221; el_class=&#8221;no-padding&#8221;][vc_column width=&#8221;1\/2&#8243;][vc_single_image image=&#8221;446&#8243; img_size=&#8221;full&#8221; alignment=&#8221;centre&#8221; el_class=&#8221;no-padding&#8221; css=&#8221;.vc_custom_1592336019913{margin-bottom: 0px !important;}&#8221;][\/vc_column][vc_column width=&#8221;1\/2&#8243; el_class=&#8221;yellow-gradient&#8221;][vc_column_text el_class=&#8221;px-5 pt-5 pb-3&#8243;]Une douleur dans la vo\u00fbte plantaire peut survenir en raison d\u2019une particularit\u00e9 dans la fa\u00e7on de marcher ou de se tenir debout. Par exemple, lors de la marche, si vos pieds ne se d\u00e9placent pas en ligne droite, certains muscles de la vo\u00fbte plantaire tenteront de compenser, ce qui peut entra\u00eener des douleurs.\r\n\r\nVous pouvez ressentir une douleur \u00e0 la vo\u00fbte plantaire pendant des p\u00e9riodes prolong\u00e9es de marche ou debout.[\/vc_column_text][\/vc_column][\/vc_row][\/vc_section][vc_section el_id=&#8221;causes&#8221; el_class=&#8221;mt-4&#8243;][vc_row][vc_column width=&#8221;1\/12&#8243;][\/vc_column][vc_column width=&#8221;5\/6&#8243;][vc_custom_heading text=&#8221;Quelles Sont Les Causes De La Douleur \u00c0 La Vo\u00fbte Plantaire?&#8221; font_container=&#8221;tag:h2|text_align:center&#8221; use_theme_fonts=&#8221;yes&#8221; el_class=&#8221;text-uppercase&#8221;][vc_column_text]\r\n<p style=\"text-align: center;\">Les douleurs \u00e0 la vo\u00fbte plantaire sont principalement caus\u00e9es par des chaussures n\u2019offrant pas un soutien ad\u00e9quat, de longues p\u00e9riodes debout ou de marche, ou la surutilisation des pieds au travail ou dans le sport. Le surpoids apporte aussi un stress suppl\u00e9mentaire aux pieds, en particulier \u00e0 la vo\u00fbte plantaire.<\/p>\r\n[\/vc_column_text][\/vc_column][vc_column width=&#8221;1\/12&#8243;][\/vc_column][\/vc_row][\/vc_section][vc_row full_width=&#8221;stretch_row&#8221; el_class=&#8221;my-5&#8243;][vc_column][vc_separator][\/vc_column][\/vc_row][vc_section][vc_row content_placement=&#8221;top&#8221;][vc_column el_id=&#8221;conditions-products&#8221;][vc_custom_heading text=&#8221;Trouver Des Produits Pour Traiter La Douleur \u00c0 La Vo\u00fbte Plantaire&#8221; font_container=&#8221;tag:h2|text_align:center&#8221; use_theme_fonts=&#8221;yes&#8221; el_class=&#8221;text-uppercase&#8221;][vc_raw_html]JTVCcHJvZHVjdHNfc2xpZGVyJTIwY2F0cyUzRCUyMjE3NyUyMiUyMGF1dG9wbGF5JTNEJTIyZmFsc2UlMjIlMjBvcmRlcmJ5JTNEJTIybWVudV9vcmRlciUyMiU1RA==[\/vc_raw_html][\/vc_column][\/vc_row][\/vc_section][vc_section el_class=&#8221;mt-5&#8243; el_id=&#8221;solutions&#8221;][vc_row][vc_column width=&#8221;1\/12&#8243;][\/vc_column][vc_column width=&#8221;5\/6&#8243;][vc_custom_heading text=&#8221;Ne Laissez Pas La Douleur \u00c0 La Vo\u00fbte Plantaire Vous Ralentir&#8221; font_container=&#8221;tag:h2|text_align:center&#8221; use_theme_fonts=&#8221;yes&#8221; el_class=&#8221;text-uppercase&#8221;][vc_column_text]\r\n<p style=\"text-align: left;\">Il existe des solutions pour vous soulager de la douleur \u00e0 la vo\u00fbte plantaire, par exemple:<\/p>\r\n\r\n<ul>\r\n \t<li>Utiliser des semelles adapt\u00e9es<\/li>\r\n \t<li>Maintenir un poids sant\u00e9<\/li>\r\n \t<li>Porter de bonnes chaussures, surtout lors d\u2019exercice, qui r\u00e9partissent uniform\u00e9ment le poids.<\/li>\r\n<\/ul>\r\n<p style=\"text-align: center;\"><em>Ces renseignements ne remplacent pas un diagnostic m\u00e9dical. \u00c0 titre indicatif seulement. Si vous \u00eates diab\u00e9tique, avez une mauvaise circulation sanguine ou une peau fragile, ou si les sympt\u00f4mes sont graves ou persistent, consultez votre podologue ou votre m\u00e9decin avant d\u2019utiliser ces produits.<\/em><\/p>\r\n[\/vc_column_text][\/vc_column][vc_column width=&#8221;1\/12&#8243;][\/vc_column][\/vc_row][\/vc_section][vc_section el_class=&#8221;yellow-gradient wavy py-5 my-5&#8243;][vc_row][vc_column width=&#8221;1\/6&#8243;][\/vc_column][vc_column width=&#8221;2\/3&#8243;][vc_custom_heading text=&#8221;Troubles De Sant\u00e9 Li\u00e9s \u00c0 La Douleur \u00c0 La Vo\u00fbte Plantaire&#8221; font_container=&#8221;tag:h2|text_align:center&#8221; use_theme_fonts=&#8221;yes&#8221; el_class=&#8221;text-uppercase mb-4&#8243;][vc_row_inner equal_height=&#8221;yes&#8221; gap=&#8221;35&#8243; el_class=&#8221;mb-4&#8243;][vc_column_inner width=&#8221;1\/3&#8243; css=&#8221;.vc_custom_1592336241287{padding-top: 0px !important;background-color: #ffffff !important;}&#8221;][vc_single_image image=&#8221;448&#8243; img_size=&#8221;full&#8221; onclick=&#8221;custom_link&#8221; link=&#8221;\/fr\/ca\/symptomes-et-problemes\/douleur-aux-pieds-et-problemes-de-sante\/fasciite-plantaire\/&#8221;][vc_separator][vc_column_text el_class=&#8221;lg&#8221;]\r\n<p style=\"text-align: center;\"><a href=\"https:\/\/www.drscholls.ca\/fr\/ca\/symptomes-et-problemes\/douleur-aux-pieds-et-problemes-de-sante\/fasciite-plantaire\/\">Fasciite Plantaire<\/a><\/p>\r\n[\/vc_column_text][\/vc_column_inner][vc_column_inner width=&#8221;1\/3&#8243; css=&#8221;.vc_custom_1592336262621{padding-top: 0px !important;background-color: #ffffff !important;}&#8221;][vc_single_image image=&#8221;447&#8243; img_size=&#8221;full&#8221; onclick=&#8221;custom_link&#8221; link=&#8221;\/fr\/ca\/symptomes-et-problemes\/douleur-aux-pieds-et-problemes-de-sante\/douleur-aux-talons\/&#8221;][vc_separator][vc_column_text el_class=&#8221;lg&#8221;]\r\n<p style=\"text-align: center;\"><a href=\"https:\/\/www.drscholls.ca\/fr\/ca\/symptomes-et-problemes\/douleur-aux-pieds-et-problemes-de-sante\/douleur-aux-talons\/\">Douleur au Talon<\/a><\/p>\r\n[\/vc_column_text][\/vc_column_inner][vc_column_inner width=&#8221;1\/3&#8243; css=&#8221;.vc_custom_1592336255537{padding-top: 0px !important;background-color: #ffffff !important;}&#8221;][vc_single_image image=&#8221;449&#8243; img_size=&#8221;full&#8221; onclick=&#8221;custom_link&#8221; link=&#8221;\/fr\/ca\/symptomes-et-problemes\/douleur-aux-pieds-et-problemes-de-sante\/fatigue-et-douleur-aux-pieds\/&#8221;][vc_separator][vc_column_text el_class=&#8221;lg&#8221;]\r\n<p style=\"text-align: center;\"><a href=\"https:\/\/www.drscholls.ca\/fr\/ca\/symptomes-et-problemes\/douleur-aux-pieds-et-problemes-de-sante\/fatigue-et-douleur-aux-pieds\/\">Fatigue, Coloration Aux Pieds<\/a><\/p>\r\n[\/vc_column_text][\/vc_column_inner][\/vc_row_inner][vc_btn title=&#8221;Voir les autres sympt\u00f4mes et affections du pied&#8221; color=&#8221;btn-blue&#8221; colour=&#8221;btn-blue&#8221; el_class=&#8221;btn-wavy&#8221; link=&#8221;url:%2Ffr%2Fcc%2Fsymptomes-et-problemes-de-sante-symptomes-et-problemes-de-sante%2Fdouleur-aux-pieds-et-problemes-de-sante%2F|title:Sant%C3%A9%20%C3%A0%20Vos%20Pieds&#8221;][\/vc_column][vc_column width=&#8221;1\/6&#8243;][\/vc_column][\/vc_row][\/vc_section]<\/div>","protected":false},"excerpt":{"rendered":"<p>[vc_section full_width=&#8221;stretch_row&#8221; content_placement=&#8221;middle&#8221; el_class=&#8221;blue-gradient pt-5 pb-3 mb-5&#8243;][vc_row content_placement=&#8221;middle&#8221;][vc_column width=&#8221;2\/3&#8243;][vc_raw_html]JTNDaDElMjBjbGFzcyUzRCUyMnRleHQtdXBwZXJjYXNlJTIwbWItMCUyMiUzRUxlJTIwUG9pbnQlMjBTdXIlMjBsYSUyMERvdWxldXIlMjAlQzMlODAlMjBsYSUyMFZvJUMzJUJCdGUlMjBQbGFudGFpcmUlM0NzcGFuJTIwY2xhc3MlM0QlMjJ5ZWxsb3clMjIlM0UlM0ElM0MlMkZzcGFuJTNFJTNDJTJGaDElM0U=[\/vc_raw_html][\/vc_column][vc_column width=&#8221;1\/3&#8243;][vc_raw_html el_class=&#8221;yellow&#8221;]JTNDcCUzRSUzQ2ElMjBocmVmJTNEJTIyJTIzZGVmaW5pdGlvbiUyMiUyMGNsYXNzJTNEJTIyYW5jaG9yJTIyJTNFRGUlMjBxdW9pJTIwcyVFMiU4MCU5OWFnaXQtaWwlM0YlM0MlMkZhJTNFJTNDJTJGcCUzRSUwQSUzQ3AlM0UlM0NhJTIwaHJlZiUzRCUyMiUyM2NhdXNlcyUyMiUyMGNsYXNzJTNEJTIyYW5jaG9yJTIyJTNFUXVlbGxlcyUyMGVuJTIwc29udCUyMGxlcyUyMGNhdXNlcyUzRiUzQyUyRmElM0UlM0MlMkZwJTNFJTBBJTNDcCUzRSUzQ2ElMjBocmVmJTNEJTIyJTIzc29sdXRpb25zJTIyJTIwY2xhc3MlM0QlMjJhbmNob3IlMjIlM0VRdWUlMjBwdWlzLWplJTIwZmFpcmUlM0YlM0MlMkZhJTNFJTNDJTJGcCUzRQ==[\/vc_raw_html][\/vc_column][\/vc_row][\/vc_section][vc_section el_id=&#8221;definition&#8221; el_class=&#8221;mt-4 mb-5&#8243;][vc_row][vc_column width=&#8221;1\/12&#8243;][\/vc_column][vc_column width=&#8221;5\/6&#8243;][vc_custom_heading text=&#8221;Douleur \u00c0 la Vo\u00fbte Plantaire 101&#8243; font_container=&#8221;tag:h2|text_align:center&#8221; use_theme_fonts=&#8221;yes&#8221; el_class=&#8221;text-uppercase&#8221;][vc_column_text el_class=&#8221;lg&#8221;] La douleur \u00e0 la vo\u00fbte plantaire est due \u00e0 l\u2019affaiblissement ou \u00e0 la tension des ligaments associ\u00e9s aux os de la vo\u00fbte plantaire. [\/vc_column_text][\/vc_column][vc_column width=&#8221;1\/12&#8243;][\/vc_column][\/vc_row][\/vc_section][vc_section full_width=&#8221;stretch_row&#8221; el_class=&#8221;mb-5&#8243;][vc_row equal_height=&#8221;yes&#8221; content_placement=&#8221;middle&#8221;&hellip;<\/p>\n","protected":false},"author":4,"featured_media":0,"parent":11625,"menu_order":0,"comment_status":"closed","ping_status":"closed","template":"","meta":{"_acf_changed":false,"footnotes":""},"class_list":["post-226","page","type-page","status-publish","hentry"],"acf":[],"_links":{"self":[{"href":"https:\/\/www.drscholls.ca\/fr\/wp-json\/wp\/v2\/pages\/226","targetHints":{"allow":["GET"]}}],"collection":[{"href":"https:\/\/www.drscholls.ca\/fr\/wp-json\/wp\/v2\/pages"}],"about":[{"href":"https:\/\/www.drscholls.ca\/fr\/wp-json\/wp\/v2\/types\/page"}],"author":[{"embeddable":true,"href":"https:\/\/www.drscholls.ca\/fr\/wp-json\/wp\/v2\/users\/4"}],"replies":[{"embeddable":true,"href":"https:\/\/www.drscholls.ca\/fr\/wp-json\/wp\/v2\/comments?post=226"}],"version-history":[{"count":0,"href":"https:\/\/www.drscholls.ca\/fr\/wp-json\/wp\/v2\/pages\/226\/revisions"}],"up":[{"embeddable":true,"href":"https:\/\/www.drscholls.ca\/fr\/wp-json\/wp\/v2\/pages\/11625"}],"wp:attachment":[{"href":"https:\/\/www.drscholls.ca\/fr\/wp-json\/wp\/v2\/media?parent=226"}],"curies":[{"name":"wp","href":"https:\/\/api.w.org\/{rel}","templated":true}]}}