{"id":224,"date":"2020-06-11T08:40:45","date_gmt":"2020-06-11T13:40:45","guid":{"rendered":"https:\/\/www.drscholls.ca\/fr\/?page_id=224"},"modified":"2025-06-18T13:50:15","modified_gmt":"2025-06-18T18:50:15","slug":"symptomes-et-problemes-de-sante","status":"publish","type":"page","link":"https:\/\/www.drscholls.ca\/fr\/cc\/symptomes-et-problemes-de-sante\/","title":{"rendered":"Sympt\u00f4mes et Probl\u00e8mes"},"content":{"rendered":"<div class=\"wpb-content-wrapper\">[vc_section el_id=&#8221;symtoms-conditions&#8221; el_class=&#8221;mobile&#8221;][vc_row full_width=&#8221;stretch_row&#8221; equal_height=&#8221;yes&#8221; css=&#8221;.vc_custom_1603372925826{background-image: url(https:\/\/www.drscholls.ca\/fr\/wp-content\/uploads\/sites\/4\/bkg-hero-symptoms-conditions.jpg?id=811) !important;background-position: center !important;background-repeat: no-repeat !important;background-size: contain !important;}&#8221; el_class=&#8221;section-background-485&#8243;][vc_column width=&#8221;1\/2&#8243; el_class=&#8221;yellow-gradient gradient&#8221;][vc_custom_heading text=&#8221;FAITES DISPARA\u00ceTRE CE QUI VOUS EMP\u00caCHE&#8221; font_container=&#8221;tag:h1|text_align:left&#8221; use_theme_fonts=&#8221;yes&#8221; el_class=&#8221;text-uppercase pt-1&#8243;][vc_custom_heading text=&#8221;DE BOUGER AU MIEUX DE VOTRE CAPACIT\u00c9&#8221; font_container=&#8221;tag:h4|text_align:left&#8221; use_theme_fonts=&#8221;yes&#8221; el_class=&#8221;text-uppercase&#8221;][\/vc_column][vc_column width=&#8221;1\/2&#8243;][\/vc_column][\/vc_row][\/vc_section][vc_section el_class=&#8221;mt-5&#8243;][vc_row][vc_column width=&#8221;1\/12&#8243;][\/vc_column][vc_column width=&#8221;5\/6&#8243;][vc_custom_heading text=&#8221;LES AFFECTIONS COURANTES DU PIED, DE LA PEAU ET DU BAS DU CORPS&#8221; font_container=&#8221;tag:h2|text_align:center&#8221; use_theme_fonts=&#8221;yes&#8221; el_class=&#8221;text-uppercase&#8221;][vc_column_text el_class=&#8221;pb-4&#8243;]Des douleurs aux jambes aux probl\u00e8mes de peau sur les pieds et plus encore, d\u00e9couvrez ce qui peut vous emp\u00eacher de mieux bouger et voyez comment le Dr Scholl\u2019s<sup>\u00ae<\/sup> peut vous aider.[\/vc_column_text][\/vc_column][vc_column width=&#8221;1\/12&#8243;][\/vc_column][\/vc_row][\/vc_section][vc_section][vc_row full_width=&#8221;stretch_row&#8221; css=&#8221;.vc_custom_1750272574914{background-image: url(https:\/\/www.drscholls.ca\/fr\/wp-content\/uploads\/sites\/4\/bkg-sc-foot.jpg?id=812) !important;background-position: center !important;background-repeat: no-repeat !important;background-size: contain !important;}&#8221; el_class=&#8221;section-background ds-overlay-light&#8221; el_id=&#8221;mobile&#8221;][vc_column width=&#8221;4\/12&#8243; offset=&#8221;vc_hidden-sm vc_hidden-xs&#8221;][\/vc_column][vc_column width=&#8221;8\/12&#8243; offset=&#8221;vc_hidden-sm vc_hidden-xs&#8221;][vc_custom_heading text=&#8221;DOULEURS ET AFFECTIONS DES PIEDS&#8221; font_container=&#8221;tag:h3|text_align:left&#8221; use_theme_fonts=&#8221;yes&#8221; el_class=&#8221;pt-3&#8243; link=&#8221;url:https%3A%2F%2Fwww.drscholls.ca%2Ffr%2Fcc%2Fsymptomes-et-problemes-de-sante%2Fdouleur-aux-pieds-et-problemes-de-sante%2F|title:Foot%20Pain%20%26%20Conditions&#8221;][vc_column_text el_class=&#8221;mb-2&#8243;]\r\n<p style=\"text-align: left;\">D\u00e9couvrez ce qui peut vous emp\u00eacher de vous d\u00e9placer confortablement et obtenez des conseils pour y rem\u00e9dier.<\/p>\r\n[\/vc_column_text][vc_row_inner][vc_column_inner width=&#8221;1\/3&#8243;][vc_column_text el_class=&#8221;lg pb-3&#8243;]<a href=\"\/fr\/ca\/symptomes-et-problemes\/douleur-aux-pieds-et-problemes-de-sante\/douleur-a-lavant-pied\/\">Douleur \u00e0 l\u2019avant-pied<\/a>\r\n<a href=\"\/fr\/ca\/symptomes-et-problemes\/douleur-aux-pieds-et-problemes-de-sante\/douleur-a-la-voute-plantaire\/\">Douleur \u00e0 la vo\u00fbte plantaire<\/a>\r\n<a href=\"\/fr\/ca\/symptomes-et-problemes\/douleur-au-bas-du-dos-et-problemes-de-sante\/douleur-arthrosique\/\">Douleur arthrosique<\/a>\r\n<a href=\"\/fr\/ca\/symptomes-et-problemes\/douleur-aux-pieds-et-problemes-de-sante\/douleur-aux-talons\/\">Douleur au talon<\/a>[\/vc_column_text][\/vc_column_inner][vc_column_inner width=&#8221;1\/3&#8243;][vc_column_text el_class=&#8221;lg pb-3&#8243;]<a href=\"\/fr\/ca\/symptomes-et-problemes\/douleur-aux-pieds-et-problemes-de-sante\/epine-de-lenoir\/\">\u00c9pine de Lenoir<\/a>\r\n<a href=\"\/fr\/ca\/symptomes-et-problemes\/douleur-aux-pieds-et-problemes-de-sante\/fasciite-plantaire\/\">Fasciite plantaire<\/a>\r\n<a href=\"\/fr\/ca\/symptomes-et-problemes\/douleur-aux-pieds-et-problemes-de-sante\/inconforts-lies-au-port-de-chaussures\/\">Inconfort li\u00e9 \u00e0 la chaussure<\/a>\r\n<a href=\"\/fr\/ca\/symptomes-et-problemes\/douleur-aux-pieds-et-problemes-de-sante\/fatigue-et-douleur-aux-pieds\/\">Pieds fatigu\u00e9s et endoloris<\/a>\r\n[\/vc_column_text][\/vc_column_inner][vc_column_inner width=&#8221;1\/3&#8243;][vc_column_text el_class=&#8221;lg pb-3 shoe-related-margin&#8221;]<a href=\"\/fr\/ca\/symptomes-et-problemes\/douleur-aux-pieds-et-problemes-de-sante\/pieds-plat\/\">Pieds plats<\/a>\r\n<a href=\"\/fr\/ca\/symptomes-et-problemes\/douleur-aux-pieds-et-problemes-de-sante\/tendinite-dachille\/\">Tendinite achill\u00e9enne<\/a>[\/vc_column_text][\/vc_column_inner][\/vc_row_inner][\/vc_column][\/vc_row][\/vc_section][vc_section full_width=&#8221;stretch_row_content&#8221; el_id=&#8221;mobile&#8221;][vc_row][vc_column offset=&#8221;vc_hidden-lg vc_hidden-md&#8221;][vc_single_image image=&#8221;812&#8243; img_size=&#8221;full&#8221; alignment=&#8221;centre&#8221;][vc_custom_heading text=&#8221;DOULEURS ET AFFECTIONS DES PIEDS&#8221; font_container=&#8221;tag:h3|text_align:left&#8221; use_theme_fonts=&#8221;yes&#8221; el_class=&#8221;pt-3&#8243; link=&#8221;url:https%3A%2F%2Fwww.drscholls.ca%2Ffr%2Fcc%2Fsymptomes-et-problemes-de-sante%2Fdouleur-aux-pieds-et-problemes-de-sante%2F|title:Foot%20Pain%20%26%20Conditions&#8221;][vc_column_text el_class=&#8221;mb-2&#8243;]\r\n<p style=\"text-align: left;\">D\u00e9couvrez ce qui peut vous emp\u00eacher de vous d\u00e9placer confortablement et obtenez des conseils pour y rem\u00e9dier.<\/p>\r\n[\/vc_column_text][vc_row_inner][vc_column_inner width=&#8221;1\/3&#8243;][vc_column_text el_class=&#8221;lg pb-3&#8243;]<a href=\"\/fr\/ca\/symptomes-et-problemes\/douleur-aux-pieds-et-problemes-de-sante\/douleur-a-lavant-pied\/\">Douleur \u00e0 l\u2019avant-pied<\/a>\r\n<a href=\"\/fr\/ca\/symptomes-et-problemes\/douleur-aux-pieds-et-problemes-de-sante\/douleur-a-la-voute-plantaire\/\">Douleur \u00e0 la vo\u00fbte plantaire<\/a>\r\n<a href=\"\/fr\/ca\/symptomes-et-problemes\/douleur-au-bas-du-dos-et-problemes-de-sante\/douleur-arthrosique\/\">Douleur arthrosique<\/a>\r\n<a href=\"\/fr\/ca\/symptomes-et-problemes\/douleur-aux-pieds-et-problemes-de-sante\/douleur-aux-talons\/\">Douleur au talon<\/a>[\/vc_column_text][\/vc_column_inner][vc_column_inner width=&#8221;1\/3&#8243;][vc_column_text el_class=&#8221;lg pb-3&#8243;]<a href=\"\/fr\/ca\/symptomes-et-problemes\/douleur-aux-pieds-et-problemes-de-sante\/epine-de-lenoir\/\">\u00c9pine de Lenoir<\/a>\r\n<a href=\"\/fr\/ca\/symptomes-et-problemes\/douleur-aux-pieds-et-problemes-de-sante\/fasciite-plantaire\/\">Fasciite plantaire<\/a>\r\n<a href=\"\/fr\/ca\/symptomes-et-problemes\/douleur-aux-pieds-et-problemes-de-sante\/inconforts-lies-au-port-de-chaussures\/\">Inconfort li\u00e9 \u00e0 la chaussure<\/a>\r\n<a href=\"\/fr\/ca\/symptomes-et-problemes\/douleur-aux-pieds-et-problemes-de-sante\/fatigue-et-douleur-aux-pieds\/\">Pieds fatigu\u00e9s et endoloris<\/a>[\/vc_column_text][\/vc_column_inner][vc_column_inner width=&#8221;1\/3&#8243;][vc_column_text el_class=&#8221;lg pb-3&#8243;]<a href=\"\/fr\/ca\/symptomes-et-problemes\/douleur-aux-pieds-et-problemes-de-sante\/pieds-plat\/\">Pieds plats<\/a>\r\n<a href=\"\/fr\/ca\/symptomes-et-problemes\/douleur-aux-pieds-et-problemes-de-sante\/tendinite-dachille\/\">Tendinite achill\u00e9enne<\/a>[\/vc_column_text][\/vc_column_inner][\/vc_row_inner][\/vc_column][\/vc_row][\/vc_section][vc_section][vc_row full_width=&#8221;stretch_row&#8221; css=&#8221;.vc_custom_1750272597586{background-image: url(https:\/\/www.drscholls.ca\/fr\/wp-content\/uploads\/sites\/4\/bkg-hero-sc-leg.jpg?id=815) !important;background-position: center !important;background-repeat: no-repeat !important;background-size: contain !important;}&#8221; el_class=&#8221;section-background ds-overlay-light&#8221; el_id=&#8221;mobile&#8221;][vc_column width=&#8221;1\/2&#8243; offset=&#8221;vc_hidden-sm vc_hidden-xs&#8221;][vc_custom_heading text=&#8221;DOULEURS ET AFFECTIONS DU BAS DU CORPS&#8221; font_container=&#8221;tag:h3|text_align:left&#8221; use_theme_fonts=&#8221;yes&#8221; el_class=&#8221;pt-3&#8243; link=&#8221;url:https%3A%2F%2Fwww.drscholls.ca%2Ffr%2Fcc%2Fsymptomes-et-problemes-de-sante%2Fdouleur-au-bas-du-dos-et-problemes-de-sante%2F|title:Lower%20Body%20Pain%20%26%20Conditions&#8221;][vc_column_text el_class=&#8221;mb-2&#8243;]La source de votre douleur au bas du corps pourrait vous surprendre[\/vc_column_text][vc_row_inner][vc_column_inner width=&#8221;1\/2&#8243;][vc_column_text el_class=&#8221;lg pb-3&#8243;]<a href=\"\/fr\/ca\/symptomes-et-problemes\/douleur-au-bas-du-dos-et-problemes-de-sante\/douleurs-a-la-cheville\/\">Douleur \u00e0 la cheville<\/a>\r\n<a href=\"\/fr\/ca\/symptomes-et-problemes\/douleur-au-bas-du-dos-et-problemes-de-sante\/douleur-au-bas-du-dos\/\">Douleurs au bas du dos<\/a>\r\n<a href=\"\/fr\/ca\/symptomes-et-problemes\/douleur-au-bas-du-dos-et-problemes-de-sante\/douleur-au-genou\/\">Douleur au genou<\/a>\r\n<a href=\"\/fr\/ca\/symptomes-et-problemes\/douleur-au-bas-du-dos-et-problemes-de-sante\/douleur-a-la-hanche\/\">Douleur de la hanche<\/a>\r\n[\/vc_column_text][\/vc_column_inner][vc_column_inner width=&#8221;1\/2&#8243;][vc_column_text el_class=&#8221;lg pb-3&#8243;]<a href=\"\/fr\/ca\/symptomes-et-problemes\/douleur-au-bas-du-dos-et-problemes-de-sante\/syndrome-de-stress-tibial\/\">Fasciite tibiale<\/a>\r\n<a href=\"\/fr\/ca\/symptomes-et-problemes\/douleur-aux-pieds-et-problemes-de-sante\/fatigue-musculaire\/\">Fatigue musculaire<\/a>\r\n<a href=\"\/fr\/ca\/symptomes-et-problemes\/douleur-au-bas-du-dos-et-problemes-de-sante\/genou-du-coureur\/\">Genou du coureur<\/a>\r\n[\/vc_column_text][\/vc_column_inner][\/vc_row_inner][\/vc_column][vc_column width=&#8221;1\/2&#8243; offset=&#8221;vc_hidden-sm vc_hidden-xs&#8221;][\/vc_column][\/vc_row][\/vc_section][vc_section full_width=&#8221;stretch_row_content&#8221; el_id=&#8221;mobile&#8221;][vc_row][vc_column offset=&#8221;vc_hidden-lg vc_hidden-md&#8221;][vc_single_image image=&#8221;815&#8243; img_size=&#8221;full&#8221; alignment=&#8221;centre&#8221;][vc_custom_heading text=&#8221;DOULEURS ET AFFECTIONS DU BAS DU CORPS&#8221; font_container=&#8221;tag:h3|text_align:left&#8221; use_theme_fonts=&#8221;yes&#8221; el_class=&#8221;pt-3&#8243; link=&#8221;url:https%3A%2F%2Fwww.drscholls.ca%2Ffr%2Fcc%2Fsymptomes-et-problemes-de-sante%2Fdouleur-au-bas-du-dos-et-problemes-de-sante%2F|title:Lower%20Body%20Pain%20%26%20Conditions&#8221;][vc_column_text el_class=&#8221;mb-2&#8243;]La source de votre douleur au bas du corps pourrait vous surprendre[\/vc_column_text][vc_row_inner][vc_column_inner width=&#8221;1\/2&#8243;][vc_column_text el_class=&#8221;lg pb-3&#8243;]<a href=\"\/fr\/ca\/symptomes-et-problemes\/douleur-au-bas-du-dos-et-problemes-de-sante\/douleurs-a-la-cheville\/\">Douleur \u00e0 la cheville<\/a>\r\n<a href=\"\/fr\/ca\/symptomes-et-problemes\/douleur-au-bas-du-dos-et-problemes-de-sante\/douleur-au-bas-du-dos\/\">Douleurs au bas du dos<\/a>\r\n<a href=\"\/fr\/ca\/symptomes-et-problemes\/douleur-au-bas-du-dos-et-problemes-de-sante\/douleur-au-genou\/\">Douleur au genou<\/a>\r\n<a href=\"\/fr\/ca\/symptomes-et-problemes\/douleur-au-bas-du-dos-et-problemes-de-sante\/douleur-a-la-hanche\/\">Douleur de la hanche<\/a>[\/vc_column_text][\/vc_column_inner][vc_column_inner width=&#8221;1\/2&#8243;][vc_column_text el_class=&#8221;lg pb-3&#8243;]<a href=\"\/fr\/ca\/symptomes-et-problemes\/douleur-au-bas-du-dos-et-problemes-de-sante\/syndrome-de-stress-tibial\/\">Fasciite tibiale<\/a>\r\n<a href=\"\/fr\/ca\/symptomes-et-problemes\/douleur-aux-pieds-et-problemes-de-sante\/fatigue-musculaire\/\">Fatigue musculaire<\/a>\r\n<a href=\"\/fr\/ca\/symptomes-et-problemes\/douleur-au-bas-du-dos-et-problemes-de-sante\/genou-du-coureur\/\">Genou du coureur<\/a>[\/vc_column_text][\/vc_column_inner][\/vc_row_inner][\/vc_column][\/vc_row][\/vc_section][vc_section][vc_row full_width=&#8221;stretch_row&#8221; equal_height=&#8221;yes&#8221; css=&#8221;.vc_custom_1750272607981{background-image: url(https:\/\/www.drscholls.ca\/fr\/wp-content\/uploads\/sites\/4\/bkg-hero-sc-skin-1024&#215;284-1.jpg?id=11488) !important;background-position: center !important;background-repeat: no-repeat !important;background-size: contain !important;}&#8221; el_class=&#8221;section-background mb-4 ds-overlay-light&#8221; el_id=&#8221;mobile&#8221;][vc_column width=&#8221;5\/12&#8243; offset=&#8221;vc_hidden-sm vc_hidden-xs&#8221;][\/vc_column][vc_column width=&#8221;7\/12&#8243; offset=&#8221;vc_hidden-sm vc_hidden-xs&#8221;][vc_custom_heading text=&#8221;PROBL\u00c8MES DE PEAU&#8221; font_container=&#8221;tag:h3|text_align:left&#8221; use_theme_fonts=&#8221;yes&#8221; el_class=&#8221;pt-3&#8243; link=&#8221;url:https%3A%2F%2Fwww.drscholls.ca%2Ffr%2Fcc%2Fsymptomes-et-problemes-de-sante%2Faffections-cutanees-du-pied%2F|title:Foot%20Skin%20Conditions&#8221;][vc_column_text el_class=&#8221;mb-2&#8243;]Plus qu\u2019un simple inconv\u00e9nient, une affection de la peau du pied peut \u00eatre persistante et inconfortable si elle n\u2019est pas trait\u00e9e.[\/vc_column_text][vc_row_inner][vc_column_inner width=&#8221;1\/2&#8243;][vc_column_text el_class=&#8221;lg pb-3&#8243;]<a href=\"\/fr\/ca\/symptomes-et-problemes\/affections-cutanees-du-pied\/acrochordons\/\">Acrochordons<\/a>\r\n<a href=\"\/fr\/ca\/symptomes-et-problemes\/affections-cutanees-du-pied\/ampoules\/\">Ampoules<\/a>\r\n<a href=\"\/fr\/ca\/symptomes-et-problemes\/affections-cutanees-du-pied\/callosites\/\">Callosit\u00e9s<\/a>\r\n<a href=\"\/fr\/ca\/symptomes-et-problemes\/affections-cutanees-du-pied\/cors\/\">Cors<\/a>\r\n<a href=\"\/fr\/ca\/symptomes-et-problemes\/affections-cutanees-du-pied\/odeurs-et-moiteur-des-pieds\/\">Odeur et transpiration du pied<\/a>\r\n[\/vc_column_text][\/vc_column_inner][vc_column_inner width=&#8221;1\/2&#8243;][vc_column_text el_class=&#8221;lg pb-3&#8243;]<a href=\"\/fr\/ca\/symptomes-et-problemes\/affections-cutanees-du-pied\/oignons\/\">Oignons<\/a>\r\n<a href=\"\/fr\/ca\/symptomes-et-problemes\/affections-cutanees-du-pied\/ongles-incarnes\/\">Ongles incarn\u00e9s<\/a>\r\n<a href=\"\/fr\/ca\/symptomes-et-problemes\/affections-cutanees-du-pied\/pied-d-athlete\/\">Pied d\u2019athl\u00e8te<\/a>\r\n<a href=\"https:\/\/www.drscholls.ca\/fr\/ca\/symptomes-et-problemes\/affections-cutanees-du-pied\/pieds-rugueux-secs-et-fendilles\/\">Pieds ruguex, secs et fendill\u00e9s<\/a>\r\n<a href=\"\/fr\/ca\/symptomes-et-problemes\/affections-cutanees-du-pied\/verrues-vulgaires-et-plantaires\/\">Verrues communes et plantaires<\/a>[\/vc_column_text][\/vc_column_inner][\/vc_row_inner][\/vc_column][\/vc_row][\/vc_section][vc_section full_width=&#8221;stretch_row_content&#8221; el_id=&#8221;mobile&#8221;][vc_row][vc_column offset=&#8221;vc_hidden-lg vc_hidden-md&#8221;][vc_single_image image=&#8221;11488&#8243; img_size=&#8221;full&#8221; alignment=&#8221;centre&#8221;][vc_custom_heading text=&#8221;PROBL\u00c8MES DE PEAU&#8221; font_container=&#8221;tag:h3|text_align:left&#8221; use_theme_fonts=&#8221;yes&#8221; el_class=&#8221;pt-3&#8243; link=&#8221;url:https%3A%2F%2Fwww.drscholls.ca%2Ffr%2Fcc%2Fsymptomes-et-problemes-de-sante%2Faffections-cutanees-du-pied%2F|title:Foot%20Skin%20Conditions&#8221;][vc_column_text el_class=&#8221;mb-2&#8243;]Plus qu\u2019un simple inconv\u00e9nient, une affection de la peau du pied peut \u00eatre persistante et inconfortable si elle n\u2019est pas trait\u00e9e.[\/vc_column_text][vc_row_inner][vc_column_inner width=&#8221;1\/2&#8243;][vc_column_text el_class=&#8221;lg pb-3&#8243;]<a href=\"\/fr\/ca\/symptomes-et-problemes\/affections-cutanees-du-pied\/acrochordons\/\">Acrochordons<\/a>\r\n<a href=\"\/fr\/ca\/symptomes-et-problemes\/affections-cutanees-du-pied\/ampoules\/\">Ampoules<\/a>\r\n<a href=\"\/fr\/ca\/symptomes-et-problemes\/affections-cutanees-du-pied\/callosites\/\">Callosit\u00e9s<\/a>\r\n<a href=\"\/fr\/ca\/symptomes-et-problemes\/affections-cutanees-du-pied\/cors\/\">Cors<\/a>\r\n<a href=\"\/fr\/ca\/symptomes-et-problemes\/affections-cutanees-du-pied\/odeurs-et-moiteur-des-pieds\/\">Odeur et transpiration du pied<\/a>[\/vc_column_text][\/vc_column_inner][vc_column_inner width=&#8221;1\/2&#8243;][vc_column_text el_class=&#8221;lg pb-3&#8243;]<a href=\"\/fr\/ca\/symptomes-et-problemes\/affections-cutanees-du-pied\/oignons\/\">Oignons<\/a>\r\n<a href=\"\/fr\/ca\/symptomes-et-problemes\/affections-cutanees-du-pied\/ongles-incarnes\/\">Ongles incarn\u00e9s<\/a>\r\n<a href=\"\/fr\/ca\/symptomes-et-problemes\/affections-cutanees-du-pied\/pied-d-athlete\/\">Pied d\u2019athl\u00e8te<\/a>\r\n<a href=\"https:\/\/www.drscholls.ca\/fr\/ca\/symptomes-et-problemes\/affections-cutanees-du-pied\/pieds-rugueux-secs-et-fendilles\/\">Pieds ruguex, secs et fendill\u00e9s<\/a>\r\n<a href=\"\/fr\/ca\/symptomes-et-problemes\/affections-cutanees-du-pied\/verrues-vulgaires-et-plantaires\/\">Verrues communes et plantaires<\/a>[\/vc_column_text][\/vc_column_inner][\/vc_row_inner][\/vc_column][\/vc_row][\/vc_section]<\/div>","protected":false},"excerpt":{"rendered":"<p>[vc_section el_id=&#8221;symtoms-conditions&#8221; el_class=&#8221;mobile&#8221;][vc_row full_width=&#8221;stretch_row&#8221; equal_height=&#8221;yes&#8221; css=&#8221;.vc_custom_1603372925826{background-image: url(https:\/\/www.drscholls.ca\/fr\/wp-content\/uploads\/sites\/4\/bkg-hero-symptoms-conditions.jpg?id=811) !important;background-position: center !important;background-repeat: no-repeat !important;background-size: contain !important;}&#8221; el_class=&#8221;section-background-485&#8243;][vc_column width=&#8221;1\/2&#8243; el_class=&#8221;yellow-gradient gradient&#8221;][vc_custom_heading text=&#8221;FAITES DISPARA\u00ceTRE CE QUI VOUS EMP\u00caCHE&#8221; font_container=&#8221;tag:h1|text_align:left&#8221; use_theme_fonts=&#8221;yes&#8221; el_class=&#8221;text-uppercase pt-1&#8243;][vc_custom_heading text=&#8221;DE BOUGER AU MIEUX DE VOTRE CAPACIT\u00c9&#8221; font_container=&#8221;tag:h4|text_align:left&#8221; use_theme_fonts=&#8221;yes&#8221; el_class=&#8221;text-uppercase&#8221;][\/vc_column][vc_column width=&#8221;1\/2&#8243;][\/vc_column][\/vc_row][\/vc_section][vc_section el_class=&#8221;mt-5&#8243;][vc_row][vc_column width=&#8221;1\/12&#8243;][\/vc_column][vc_column width=&#8221;5\/6&#8243;][vc_custom_heading text=&#8221;LES AFFECTIONS COURANTES DU PIED, DE LA PEAU ET DU BAS DU CORPS&#8221;&hellip;<\/p>\n","protected":false},"author":432,"featured_media":0,"parent":11610,"menu_order":0,"comment_status":"closed","ping_status":"closed","template":"","meta":{"_acf_changed":false,"footnotes":""},"class_list":["post-224","page","type-page","status-publish","hentry"],"acf":[],"_links":{"self":[{"href":"https:\/\/www.drscholls.ca\/fr\/wp-json\/wp\/v2\/pages\/224","targetHints":{"allow":["GET"]}}],"collection":[{"href":"https:\/\/www.drscholls.ca\/fr\/wp-json\/wp\/v2\/pages"}],"about":[{"href":"https:\/\/www.drscholls.ca\/fr\/wp-json\/wp\/v2\/types\/page"}],"author":[{"embeddable":true,"href":"https:\/\/www.drscholls.ca\/fr\/wp-json\/wp\/v2\/users\/432"}],"replies":[{"embeddable":true,"href":"https:\/\/www.drscholls.ca\/fr\/wp-json\/wp\/v2\/comments?post=224"}],"version-history":[{"count":0,"href":"https:\/\/www.drscholls.ca\/fr\/wp-json\/wp\/v2\/pages\/224\/revisions"}],"up":[{"embeddable":true,"href":"https:\/\/www.drscholls.ca\/fr\/wp-json\/wp\/v2\/pages\/11610"}],"wp:attachment":[{"href":"https:\/\/www.drscholls.ca\/fr\/wp-json\/wp\/v2\/media?parent=224"}],"curies":[{"name":"wp","href":"https:\/\/api.w.org\/{rel}","templated":true}]}}