{"id":1658,"date":"2020-07-13T16:02:02","date_gmt":"2020-07-13T21:02:02","guid":{"rendered":"https:\/\/www.drscholls.ca\/fr\/?page_id=1658"},"modified":"2020-11-11T13:42:57","modified_gmt":"2020-11-11T18:42:57","slug":"offres-speciales-bondereduction","status":"publish","type":"page","link":"https:\/\/www.drscholls.ca\/fr\/t\/offres-speciales-bondereduction\/","title":{"rendered":"Offres sp\u00e9ciales et bons de r\u00e9duction"},"content":{"rendered":"<div class=\"wpb-content-wrapper\">[vc_section][vc_row][vc_column][vc_column_text]\r\n<h2 class=\"heading\"><strong>Offres sp\u00e9ciales et bons de r\u00e9duction<\/strong><\/h2>\r\nPour imprimer, s\u00e9lectionner le(s) bon(s) de r\u00e9duction souhait\u00e9(s) en cochant la bo\u00eete \u00ab D\u00c9COUPER \u00bb. Une fois le(s) coupon(s) \u00e0 d\u00e9couper s\u00e9lectionn\u00e9(s), cliquez sur le bouton \u00ab IMPRIMER BONS DE R\u00c9DUCTION \u00bb dans le coin sup\u00e9rieur droit.\r\n\r\nRemarque : Le contenu de cette page est fourni par News Marketing Canada SmartSource, un tiers, et est par cons\u00e9quent assujetti aux modalit\u00e9s et \u00e0 la politique de confidentialit\u00e9 de SmartSource.[\/vc_column_text][\/vc_column][\/vc_row][\/vc_section][vc_section][vc_row][vc_column width=&#8221;1\/4&#8243;][\/vc_column][vc_column width=&#8221;1\/2&#8243;][vc_raw_html]JTNDaWZyYW1lJTIwc3JjJTNEJTIyJTJGJTJGd3d3LnNtYXJ0c291cmNlLmNhJTJGc21hcnRzb3VyY2UyJTJGaW5kZXguanNwJTNGTGluayUzRE9EVjMyVlNMWTRNMlUlMjIlMjBzdHlsZSUzRCUyMmJvcmRlciUzQW5vbmUlM0IlMjBvdmVyZmxvdyUzQWhpZGRlbiUzQiUyMHdpZHRoJTNBNjIwcHglM0IlMjBoZWlnaHQlM0E4NzhweCUzQiUyMiUyMGlkJTNEJTIyY291cG9uLWlkJTIyJTNFJTNDJTJGaWZyYW1lJTNF[\/vc_raw_html][\/vc_column][vc_column width=&#8221;1\/4&#8243;][\/vc_column][\/vc_row][\/vc_section]<\/div>","protected":false},"excerpt":{"rendered":"<p>[vc_section][vc_row][vc_column][vc_column_text] Offres sp\u00e9ciales et bons de r\u00e9duction Pour imprimer, s\u00e9lectionner le(s) bon(s) de r\u00e9duction souhait\u00e9(s) en cochant la bo\u00eete \u00ab D\u00c9COUPER \u00bb. Une fois le(s) coupon(s) \u00e0 d\u00e9couper s\u00e9lectionn\u00e9(s), cliquez sur le bouton \u00ab IMPRIMER BONS DE R\u00c9DUCTION \u00bb dans le coin sup\u00e9rieur droit. Remarque : Le contenu de cette page est fourni par News&hellip;<\/p>\n","protected":false},"author":4,"featured_media":0,"parent":11744,"menu_order":0,"comment_status":"closed","ping_status":"closed","template":"","meta":{"_acf_changed":false,"footnotes":""},"class_list":["post-1658","page","type-page","status-publish","hentry"],"acf":[],"_links":{"self":[{"href":"https:\/\/www.drscholls.ca\/fr\/wp-json\/wp\/v2\/pages\/1658","targetHints":{"allow":["GET"]}}],"collection":[{"href":"https:\/\/www.drscholls.ca\/fr\/wp-json\/wp\/v2\/pages"}],"about":[{"href":"https:\/\/www.drscholls.ca\/fr\/wp-json\/wp\/v2\/types\/page"}],"author":[{"embeddable":true,"href":"https:\/\/www.drscholls.ca\/fr\/wp-json\/wp\/v2\/users\/4"}],"replies":[{"embeddable":true,"href":"https:\/\/www.drscholls.ca\/fr\/wp-json\/wp\/v2\/comments?post=1658"}],"version-history":[{"count":0,"href":"https:\/\/www.drscholls.ca\/fr\/wp-json\/wp\/v2\/pages\/1658\/revisions"}],"up":[{"embeddable":true,"href":"https:\/\/www.drscholls.ca\/fr\/wp-json\/wp\/v2\/pages\/11744"}],"wp:attachment":[{"href":"https:\/\/www.drscholls.ca\/fr\/wp-json\/wp\/v2\/media?parent=1658"}],"curies":[{"name":"wp","href":"https:\/\/api.w.org\/{rel}","templated":true}]}}