{"id":1657,"date":"2020-07-13T16:06:13","date_gmt":"2020-07-13T21:06:13","guid":{"rendered":"https:\/\/www.drscholls.ca\/fr\/?page_id=1657"},"modified":"2020-11-24T11:24:46","modified_gmt":"2020-11-24T16:24:46","slug":"pied-d-athlete","status":"publish","type":"page","link":"https:\/\/www.drscholls.ca\/fr\/ca\/symptomes-et-problemes\/affections-cutanees-du-pied\/pied-d-athlete\/","title":{"rendered":"Pied D\u2019athl\u00e8te"},"content":{"rendered":"<div class=\"wpb-content-wrapper\">[vc_section full_width=&#8221;stretch_row&#8221; content_placement=&#8221;middle&#8221; el_class=&#8221;blue-gradient pt-5 pb-3 mb-5&#8243;][vc_row content_placement=&#8221;middle&#8221;][vc_column width=&#8221;2\/3&#8243;][vc_raw_html]JTNDaDElMjBjbGFzcyUzRCUyMnRleHQtdXBwZXJjYXNlJTIwbWItMCUyMiUzRUxlJTIwUG9pbnQlMjBTdXIlMjBMZSUyMFBpZWQlMjBEJUUyJTgwJTk5YXRobCVDMyVBOHRlJTNDc3BhbiUyMGNsYXNzJTNEJTIyeWVsbG93JTIyJTNFJTNBJTNDJTJGc3BhbiUzRSUzQyUyRmgxJTNF[\/vc_raw_html][\/vc_column][vc_column width=&#8221;1\/3&#8243;][vc_raw_html el_class=&#8221;yellow&#8221;]JTNDcCUzRSUzQ2ElMjBocmVmJTNEJTIyJTIzd2hhdC1pcy1pdCUyMiUyMGNsYXNzJTNEJTIyYW5jaG9yJTIyJTNFRCVDMyVBOWZpbml0aW9uJTNGJTNDJTJGYSUzRSUzQyUyRnAlM0UlMEElM0NwJTNFJTNDYSUyMGhyZWYlM0QlMjIlMjN3aGF0LWNhdXNlcy1pdCUyMiUyMGNsYXNzJTNEJTIyYW5jaG9yJTIyJTNFQ2F1c2VzJTNGJTNDJTJGYSUzRSUzQyUyRnAlM0UlMEElM0NwJTNFJTNDYSUyMGhyZWYlM0QlMjIlMjN3aGF0LWNhbi1pLWRvJTIyJTIwY2xhc3MlM0QlMjJhbmNob3IlMjIlM0VTb2x1dGlvbnMlM0YlM0MlMkZhJTNFJTNDJTJGcCUzRQ==[\/vc_raw_html][\/vc_column][\/vc_row][\/vc_section][vc_section el_id=&#8221;what-is-it&#8221; el_class=&#8221;mt-4 mb-5&#8243;][vc_row][vc_column width=&#8221;1\/12&#8243;][\/vc_column][vc_column width=&#8221;5\/6&#8243;][vc_custom_heading text=&#8221;Qu\u2019est-Ce Que Le Pied D\u2019athl\u00e8te?&#8221; font_container=&#8221;tag:h2|text_align:center&#8221; use_theme_fonts=&#8221;yes&#8221; el_class=&#8221;text-uppercase&#8221;][vc_column_text el_class=&#8221;lg&#8221;]\r\n<p style=\"text-align: center;\">Le pied d\u2019athl\u00e8te est une infection cutan\u00e9e courante caus\u00e9e par la prolif\u00e9ration de champignons microscopiques aux pieds, et qui commence g\u00e9n\u00e9ralement entre les orteils. Les champignons prolif\u00e8rent dans des environnements chauds et humides et se propagent par contact direct avec une personne infect\u00e9e ou en touchant des surfaces contamin\u00e9es.<\/p>\r\n[\/vc_column_text][\/vc_column][vc_column width=&#8221;1\/12&#8243;][\/vc_column][\/vc_row][\/vc_section][vc_section full_width=&#8221;stretch_row&#8221; el_class=&#8221;mb-5&#8243;][vc_row equal_height=&#8221;yes&#8221; content_placement=&#8221;middle&#8221; el_class=&#8221;no-padding&#8221;][vc_column width=&#8221;1\/2&#8243;][vc_single_image image=&#8221;11613&#8243; img_size=&#8221;full&#8221; alignment=&#8221;centre&#8221; el_class=&#8221;no-padding&#8221; css=&#8221;.vc_custom_1595344109969{margin-bottom: 0px !important;}&#8221;][\/vc_column][vc_column width=&#8221;1\/2&#8243; el_class=&#8221;yellow-gradient&#8221;][vc_column_text el_class=&#8221;px-5 pt-5 pb-3&#8243;]Les signes et sympt\u00f4mes du pied d\u2019athl\u00e8te comprennent une \u00e9ruption cutan\u00e9e squameuse qui provoque g\u00e9n\u00e9ralement des d\u00e9mangeaisons, des picotements et des br\u00fblures. Les d\u00e9mangeaisons sont souvent pires apr\u00e8s avoir enlev\u00e9 les chaussures et les chaussettes.\r\n\r\nCertains types de pied d\u2019athl\u00e8te produisent des ampoules ou des ulc\u00e8res. D\u2019autres infections peuvent provoquer une s\u00e9cheresse chronique et une desquamation qui s\u2019\u00e9tend sur le c\u00f4t\u00e9 du pied. Le pied d\u2019athl\u00e8te est parfois confondu avec de l\u2019ecz\u00e9ma ou une peau s\u00e8che.\r\n\r\nL\u2019infection peut toucher un seul pied ou les deux, et peut se propager aux mains, en particulier si vous grattez les zones infect\u00e9es.[\/vc_column_text][\/vc_column][\/vc_row][\/vc_section][vc_section el_id=&#8221;what-causes-it&#8221; el_class=&#8221;mt-4&#8243;][vc_row][vc_column width=&#8221;1\/12&#8243;][\/vc_column][vc_column width=&#8221;5\/6&#8243;][vc_custom_heading text=&#8221;Quelles Sont Les Causes Du Pied D\u2019athl\u00e8te?&#8221; font_container=&#8221;tag:h2|text_align:center&#8221; use_theme_fonts=&#8221;yes&#8221; el_class=&#8221;text-uppercase&#8221;][vc_column_text]\r\n<p style=\"text-align: center;\">Le pied d\u2019athl\u00e8te est \u00e9troitement li\u00e9 \u00e0 d\u2019autres infections fongiques, notamment la dermatophytose et l\u2019ecz\u00e9ma margin\u00e9. Il est contagieux et peut se propager par la contamination du plancher, des serviettes ou des v\u00eatements.<\/p>\r\nOn trouve habituellement les champignons responsables du pied d\u2019athl\u00e8te:\r\n<ul>\r\n \t<li>Dans les douches<\/li>\r\n \t<li>Sur les planchers de vestiaires<\/li>\r\n \t<li>Autour des piscines<\/li>\r\n \t<li>Des chaussettes et des chaussures humides, et un climat chaud et humide favorisent la prolif\u00e9ration du champignon sur les pieds.<\/li>\r\n<\/ul>\r\nLe pied d\u2019athl\u00e8te peut souvent \u00eatre trait\u00e9 ou pr\u00e9venu efficacement avec des vaporisateurs et des poudres antifongiques en vente libre.\r\n\r\nDes m\u00e9dicaments sur ordonnance peuvent \u00eatre n\u00e9cessaires, en particulier si l\u2019infection n\u2019a pas disparu apr\u00e8s un traitement complet \u00e0 partir d\u2019un produit en vente libre. Si vous \u00eates diab\u00e9tique et que vous pensez avoir le pied d\u2019athl\u00e8te, vous devez consulter votre m\u00e9decin, surtout si vous remarquez des signes d\u2019infection bact\u00e9rienne: rougeur excessive, enflure, \u00e9coulement ou fi\u00e8vre.[\/vc_column_text][\/vc_column][vc_column width=&#8221;1\/12&#8243;][\/vc_column][\/vc_row][vc_row][vc_column][vc_separator][\/vc_column][\/vc_row][\/vc_section][vc_section el_class=&#8221;mt-5&#8243; el_id=&#8221;what-can-i-do&#8221;][vc_row][vc_column width=&#8221;1\/12&#8243;][\/vc_column][vc_column width=&#8221;5\/6&#8243;][vc_custom_heading text=&#8221;\u00c9liminez le pied de l\u2019athl\u00e8te et continuez \u00e0 aller de l\u2019avant&#8221; font_container=&#8221;tag:h2|text_align:center&#8221; use_theme_fonts=&#8221;yes&#8221;][vc_column_text]\r\n<p style=\"text-align: center;\">Voici des moyens pour soulager et pr\u00e9venir le pied d\u2019athl\u00e8te:<\/p>\r\n\r\n<ul>\r\n \t<li>Essayez des vaporisateurs antifongiques en vente libre qui absorbent l\u2019exc\u00e8s d\u2019humidit\u00e9 et traitent et pr\u00e9viennent le pied d\u2019athl\u00e8te<\/li>\r\n \t<li>\u00c9vitez de porter des chaussettes humides ou des chaussures trop serr\u00e9es<\/li>\r\n \t<li>Ne partagez pas les tapis, les carpettes, les draps, les v\u00eatements ou les chaussures avec une personne atteinte d\u2019une infection fongique<\/li>\r\n \t<li>Ne marchez pas pieds nus dans les endroits o\u00f9 l\u2019infection peut se propager, tels que les vestiaires, les piscines, les bains et les douches communautaires<\/li>\r\n<\/ul>\r\n<p class=\"legal-text legal-text-first\" style=\"text-align: center;\"><em>Ces renseignements ne remplacent pas un diagnostic m\u00e9dical. \u00c0 titre indicatif seulement. Si vous \u00eates diab\u00e9tique, avez une mauvaise circulation sanguine ou une peau fragile, ou si les sympt\u00f4mes sont graves ou persistent, consultez votre podologue ou votre m\u00e9decin avant d\u2019utiliser ces produits.<\/em><\/p>\r\n[\/vc_column_text][\/vc_column][vc_column width=&#8221;1\/12&#8243;][\/vc_column][\/vc_row][\/vc_section][vc_section el_class=&#8221;yellow-gradient wavy py-5 my-5&#8243;][vc_row][vc_column width=&#8221;1\/6&#8243;][\/vc_column][vc_column width=&#8221;2\/3&#8243;][vc_custom_heading text=&#8221;TROUBLES DE SANT\u00c9 LI\u00c9S AU PIED D\u2019ATHL\u00c8TE&#8221; font_container=&#8221;tag:h2|text_align:center&#8221; use_theme_fonts=&#8221;yes&#8221; el_class=&#8221;text-uppercase mb-4&#8243;][vc_row_inner equal_height=&#8221;yes&#8221; gap=&#8221;35&#8243; el_class=&#8221;mb-4&#8243;][vc_column_inner width=&#8221;1\/3&#8243; css=&#8221;.vc_custom_1595712258778{padding-top: 0px !important;}&#8221;][\/vc_column_inner][vc_column_inner width=&#8221;1\/3&#8243; css=&#8221;.vc_custom_1592336262621{padding-top: 0px !important;background-color: #ffffff !important;}&#8221;][vc_single_image image=&#8221;671&#8243; img_size=&#8221;full&#8221; alignment=&#8221;center&#8221; onclick=&#8221;custom_link&#8221; link=&#8221;\/fr\/ca\/symptomes-et-problemes\/affections-cutanees-du-pied\/odeurs-et-moiteur-des-pieds\/&#8221;][vc_separator][vc_column_text el_class=&#8221;lg&#8221;]\r\n<p style=\"text-align: center;\"><a href=\"\/fr\/ca\/symptomes-et-problemes\/affections-cutanees-du-pied\/odeurs-et-moiteur-des-pieds\/\">Odeur et transpiration du pied<\/a><\/p>\r\n[\/vc_column_text][\/vc_column_inner][vc_column_inner width=&#8221;1\/3&#8243; css=&#8221;.vc_custom_1595712263888{padding-top: 0px !important;}&#8221;][\/vc_column_inner][\/vc_row_inner][vc_btn title=&#8221;Voir les autres sympt\u00f4mes et affections du pied&#8221; color=&#8221;btn-blue&#8221; align=&#8221;center&#8221; colour=&#8221;btn-blue&#8221; el_class=&#8221;btn-wavy&#8221; link=&#8221;url:%2Ffr%2Fcc%2Fsymptomes-et-problemes-de-sante%2Faffections-cutanees-du-pied%2F|title:Foot%20Skin%20Conditions&#8221;][\/vc_column][vc_column width=&#8221;1\/6&#8243;][\/vc_column][\/vc_row][\/vc_section]<\/div>","protected":false},"excerpt":{"rendered":"<p>[vc_section full_width=&#8221;stretch_row&#8221; content_placement=&#8221;middle&#8221; el_class=&#8221;blue-gradient pt-5 pb-3 mb-5&#8243;][vc_row content_placement=&#8221;middle&#8221;][vc_column width=&#8221;2\/3&#8243;][vc_raw_html]JTNDaDElMjBjbGFzcyUzRCUyMnRleHQtdXBwZXJjYXNlJTIwbWItMCUyMiUzRUxlJTIwUG9pbnQlMjBTdXIlMjBMZSUyMFBpZWQlMjBEJUUyJTgwJTk5YXRobCVDMyVBOHRlJTNDc3BhbiUyMGNsYXNzJTNEJTIyeWVsbG93JTIyJTNFJTNBJTNDJTJGc3BhbiUzRSUzQyUyRmgxJTNF[\/vc_raw_html][\/vc_column][vc_column width=&#8221;1\/3&#8243;][vc_raw_html el_class=&#8221;yellow&#8221;]JTNDcCUzRSUzQ2ElMjBocmVmJTNEJTIyJTIzd2hhdC1pcy1pdCUyMiUyMGNsYXNzJTNEJTIyYW5jaG9yJTIyJTNFRCVDMyVBOWZpbml0aW9uJTNGJTNDJTJGYSUzRSUzQyUyRnAlM0UlMEElM0NwJTNFJTNDYSUyMGhyZWYlM0QlMjIlMjN3aGF0LWNhdXNlcy1pdCUyMiUyMGNsYXNzJTNEJTIyYW5jaG9yJTIyJTNFQ2F1c2VzJTNGJTNDJTJGYSUzRSUzQyUyRnAlM0UlMEElM0NwJTNFJTNDYSUyMGhyZWYlM0QlMjIlMjN3aGF0LWNhbi1pLWRvJTIyJTIwY2xhc3MlM0QlMjJhbmNob3IlMjIlM0VTb2x1dGlvbnMlM0YlM0MlMkZhJTNFJTNDJTJGcCUzRQ==[\/vc_raw_html][\/vc_column][\/vc_row][\/vc_section][vc_section el_id=&#8221;what-is-it&#8221; el_class=&#8221;mt-4 mb-5&#8243;][vc_row][vc_column width=&#8221;1\/12&#8243;][\/vc_column][vc_column width=&#8221;5\/6&#8243;][vc_custom_heading text=&#8221;Qu\u2019est-Ce Que Le Pied D\u2019athl\u00e8te?&#8221; font_container=&#8221;tag:h2|text_align:center&#8221; use_theme_fonts=&#8221;yes&#8221; el_class=&#8221;text-uppercase&#8221;][vc_column_text el_class=&#8221;lg&#8221;] Le pied d\u2019athl\u00e8te est une infection cutan\u00e9e courante caus\u00e9e par la prolif\u00e9ration de champignons microscopiques aux pieds, et qui commence g\u00e9n\u00e9ralement entre les orteils. Les champignons prolif\u00e8rent dans des environnements&hellip;<\/p>\n","protected":false},"author":10,"featured_media":0,"parent":11627,"menu_order":0,"comment_status":"closed","ping_status":"closed","template":"","meta":{"_acf_changed":false,"footnotes":""},"class_list":["post-1657","page","type-page","status-publish","hentry"],"acf":[],"_links":{"self":[{"href":"https:\/\/www.drscholls.ca\/fr\/wp-json\/wp\/v2\/pages\/1657","targetHints":{"allow":["GET"]}}],"collection":[{"href":"https:\/\/www.drscholls.ca\/fr\/wp-json\/wp\/v2\/pages"}],"about":[{"href":"https:\/\/www.drscholls.ca\/fr\/wp-json\/wp\/v2\/types\/page"}],"author":[{"embeddable":true,"href":"https:\/\/www.drscholls.ca\/fr\/wp-json\/wp\/v2\/users\/10"}],"replies":[{"embeddable":true,"href":"https:\/\/www.drscholls.ca\/fr\/wp-json\/wp\/v2\/comments?post=1657"}],"version-history":[{"count":0,"href":"https:\/\/www.drscholls.ca\/fr\/wp-json\/wp\/v2\/pages\/1657\/revisions"}],"up":[{"embeddable":true,"href":"https:\/\/www.drscholls.ca\/fr\/wp-json\/wp\/v2\/pages\/11627"}],"wp:attachment":[{"href":"https:\/\/www.drscholls.ca\/fr\/wp-json\/wp\/v2\/media?parent=1657"}],"curies":[{"name":"wp","href":"https:\/\/api.w.org\/{rel}","templated":true}]}}