{"id":13038,"date":"2020-09-08T14:25:14","date_gmt":"2020-09-08T19:25:14","guid":{"rendered":"https:\/\/www.drscholls.ca\/fr\/?page_id=13038"},"modified":"2020-11-24T11:24:54","modified_gmt":"2020-11-24T16:24:54","slug":"pieds-rugueux-secs-et-fendilles","status":"publish","type":"page","link":"https:\/\/www.drscholls.ca\/fr\/ca\/symptomes-et-problemes\/affections-cutanees-du-pied\/pieds-rugueux-secs-et-fendilles\/","title":{"rendered":"Les Pieds Rugueux, Secs et Fendill\u00e9s"},"content":{"rendered":"<div class=\"wpb-content-wrapper\">[vc_section full_width=&#8221;stretch_row&#8221; content_placement=&#8221;middle&#8221; el_class=&#8221;blue-gradient pt-5 pb-3 mb-5&#8243;][vc_row content_placement=&#8221;middle&#8221;][vc_column width=&#8221;2\/3&#8243;][vc_raw_html]JTNDaDElMjBjbGFzcyUzRCUyMnRleHQtdXBwZXJjYXNlJTIwbWItMCUyMiUzRUxFUyUyMEZBSVRTJTIwU1VSJTIwbGVzJTIwcGllZHMlMjBydWd1ZXV4JTJDJTIwc2VjcyUyMGV0JTIwZmVuZGlsbCVDMyVBOXMuJTNDc3BhbiUyMGNsYXNzJTNEJTIyeWVsbG93JTIyJTNFJTNBJTNDJTJGc3BhbiUzRSUzQyUyRmgxJTNFJTBBJTBBJTBB[\/vc_raw_html][\/vc_column][vc_column width=&#8221;1\/3&#8243;][vc_raw_html el_class=&#8221;yellow&#8221;]JTNDcCUzRSUzQ2ElMjBocmVmJTNEJTIyJTIzZGVmaW5pdGlvbiUyMiUyMGNsYXNzJTNEJTIyYW5jaG9yJTIyJTNFRGUlMjBxdW9pJTIwcyVFMiU4MCU5OWFnaXQtaWwlM0YlM0MlMkZhJTNFJTNDJTJGcCUzRSUwQSUzQ3AlM0UlM0NhJTIwaHJlZiUzRCUyMiUyM2NhdXNlcyUyMiUyMGNsYXNzJTNEJTIyYW5jaG9yJTIyJTNFUXVlbGxlcyUyMGVuJTIwc29udCUyMGxlcyUyMGNhdXNlcyUzRiUzQyUyRmElM0UlM0MlMkZwJTNFJTBBJTNDcCUzRSUzQ2ElMjBocmVmJTNEJTIyJTIzc29sdXRpb25zJTIyJTIwY2xhc3MlM0QlMjJhbmNob3IlMjIlM0VRdWUlMjBwdWlzLWplJTIwZmFpcmUlM0YlM0MlMkZhJTNFJTNDJTJGcCUzRQ==[\/vc_raw_html][\/vc_column][\/vc_row][\/vc_section][vc_section el_id=&#8221;definition&#8221; el_class=&#8221;mt-4 mb-5&#8243;][vc_row][vc_column width=&#8221;1\/12&#8243;][\/vc_column][vc_column width=&#8221;5\/6&#8243;][vc_custom_heading text=&#8221;QUE SONT des pieds rugueux, secs et fendill\u00e9s?&#8221; font_container=&#8221;tag:h2|text_align:center&#8221; use_theme_fonts=&#8221;yes&#8221; el_class=&#8221;text-uppercase&#8221;][\/vc_column][vc_column width=&#8221;1\/12&#8243;][\/vc_column][\/vc_row][\/vc_section][vc_section full_width=&#8221;stretch_row&#8221; el_class=&#8221;mb-5&#8243;][vc_row equal_height=&#8221;yes&#8221; content_placement=&#8221;middle&#8221; el_class=&#8221;no-padding&#8221;][vc_column width=&#8221;1\/2&#8243;][vc_single_image image=&#8221;13220&#8243; img_size=&#8221;full&#8221; el_class=&#8221;no-padding&#8221; css=&#8221;.vc_custom_1603297444253{margin-bottom: 0px !important;}&#8221;][\/vc_column][vc_column width=&#8221;1\/2&#8243; el_class=&#8221;yellow-gradient&#8221;][vc_column_text el_class=&#8221;px-5 pt-5 pb-3&#8243;]Dans la plupart des cas, la peau s\u00e8che n\u2019est pas une affection grave, mais elle peut \u00eatre g\u00eanante et inconfortable selon l\u2019endroit o\u00f9 elle se trouve.\r\n\r\nVoici quelques-uns des signes et sympt\u00f4mes de la peau s\u00e8che, en particulier lorsqu\u2019il s\u2019agit de pieds secs et fendill\u00e9s :\r\n<ul>\r\n \t<li>Une peau rugueuse, \u00e0 l\u2019\u0153il et au touch\u00e9.<\/li>\r\n \t<li>Une sensation de resserrement de la peau apr\u00e8s un bain.<\/li>\r\n \t<li>Pelage ou \u00e9caillage (l\u00e9ger \u00e0 grave).<\/li>\r\n \t<li>Fines fentes ou fentes profondes avec saignement<\/li>\r\n \t<li>D\u00e9mangeaisons ou rougeurs<\/li>\r\n \t<li>Sur une peau fonc\u00e9e, peau grise ou cendr\u00e9e.<\/li>\r\n<\/ul>\r\n[\/vc_column_text][\/vc_column][\/vc_row][\/vc_section][vc_section el_id=&#8221;causes&#8221; el_class=&#8221;mt-4&#8243;][vc_row][vc_column width=&#8221;1\/12&#8243;][\/vc_column][vc_column width=&#8221;5\/6&#8243;][vc_custom_heading text=&#8221;QUELLES SONT LES CAUSES de pieds rugueux, secs et fendill\u00e9s?&#8221; font_container=&#8221;tag:h2|text_align:center&#8221; use_theme_fonts=&#8221;yes&#8221; el_class=&#8221;text-uppercase&#8221;][vc_empty_space][vc_column_text]\r\n<p style=\"text-align: center;\">En g\u00e9n\u00e9ral, la peau s\u00e8che est caus\u00e9e par des facteurs environnementaux que vous pouvez contr\u00f4ler, et n\u2019est g\u00e9n\u00e9ralement que temporaire. Cependant, il existe quelques facteurs contributifs sp\u00e9cifiques aux pieds secs et aux talons fendill\u00e9s :<\/p>\r\n\r\n<ul>\r\n \t<li>Des chaussures au talon ouvert.<\/li>\r\n \t<li>Des chaussures qui provoquent beaucoup de frottements au niveau des talons.<\/li>\r\n \t<li>\u00catre en surpoids.<\/li>\r\n<\/ul>\r\n[\/vc_column_text][\/vc_column][vc_column width=&#8221;1\/12&#8243;][\/vc_column][\/vc_row][vc_row][vc_column][vc_separator][\/vc_column][\/vc_row][\/vc_section][vc_section el_class=&#8221;mt-5&#8243; el_id=&#8221;solutions&#8221;][vc_row][vc_column width=&#8221;1\/12&#8243;][\/vc_column][vc_column width=&#8221;5\/6&#8243;][vc_custom_heading text=&#8221;SOULAGEMENT ET PR\u00c9VENTION des pieds rugueux, secs et fendill\u00e9s&#8221; font_container=&#8221;tag:h2|text_align:center&#8221; use_theme_fonts=&#8221;yes&#8221; el_class=&#8221;text-uppercase&#8221;][vc_empty_space][vc_column_text]Il existe plusieurs moyens simples pour traiter peau s\u00e8che aux pieds, ou n\u2019importe o\u00f9 ailleurs :\r\n<ul>\r\n \t<li><em>Hydratation <\/em>: Les hydratants cr\u00e9ent une barri\u00e8re qui emp\u00eache l\u2019humidit\u00e9 de s\u2019\u00e9chapper de la peau. Hydrater la zone affect\u00e9e plusieurs fois par jour, en particulier lorsque la peau est encore humide, comme apr\u00e8s une douche. Essuyer la peau puis appliquer l\u2019hydratant. Les cr\u00e8mes hydratantes \u00e9paisses et lourdes sont les plus efficaces, ou les huiles procurent une barri\u00e8re encore plus durable.<\/li>\r\n \t<li><em>Bains ti\u00e8des et courts<\/em> : De longs bains ou de longues douches \u00e0 l\u2019eau chaude enl\u00e8vent les huiles naturelles de la peau, ce qui explique la sensation d\u2019avoir une peau s\u00e8che. Limiter vos bains \u00e0 5-10 minutes et les prendre \u00e0 l\u2019eau ti\u00e8de (pas chaude!).<\/li>\r\n \t<li><em>Savons doux : <\/em>\u00c9viter les savons agressifs et dess\u00e9chants, et opter plut\u00f4t pour des savons doux. Certains savons sont enrichis d\u2019huiles ou de graisses pour am\u00e9liorer l\u2019hydratation. Les savons antibact\u00e9riens, les parfums et l\u2019alcool sont dess\u00e9chants.<\/li>\r\n \t<li><em> Humidificateur <\/em>: L\u2019air int\u00e9rieur peut \u00eatre chaud et sec, ce qui peut aggraver les d\u00e9mangeaisons et l\u2019\u00e9caillage.<\/li>\r\n \t<li><em> Choisir les fibres naturelles<\/em> : Les fibres comme le coton et la soie laissent votre peau respirer et sont peu irritantes.<\/li>\r\n \t<li><em> \u00c9liminer la d\u00e9mangeaison<\/em> : Une cr\u00e8me d\u2019hydrocortisone en vente libre (pas plus de 1 %) peut \u00eatre utilis\u00e9e pour r\u00e9duire les d\u00e9mangeaisons ou l\u2019inflammation. Une compresse froide peut aussi soulager.<\/li>\r\n<\/ul>\r\n<p class=\"legal-text legal-text-first\" style=\"text-align: center;\"><em>Not a medical diagnosis. For information purposes only. If you have diabetes, poor blood circulation, or fragile skin, or symptoms are severe or persist, consult your podiatrist or<\/em> physician before using products.<\/p>\r\n[\/vc_column_text][\/vc_column][vc_column width=&#8221;1\/12&#8243;][\/vc_column][\/vc_row][\/vc_section][vc_section el_class=&#8221;yellow-gradient wavy py-5 my-5&#8243;][vc_row][vc_column width=&#8221;1\/6&#8243;][\/vc_column][vc_column width=&#8221;2\/3&#8243;][vc_custom_heading text=&#8221;TROUBLES DE SANT\u00c9 LI\u00c9S aux pieds rugueux, secs et fendill\u00e9s.&#8221; font_container=&#8221;tag:h2|text_align:center&#8221; use_theme_fonts=&#8221;yes&#8221; el_class=&#8221;text-uppercase mb-4&#8243;][vc_row_inner equal_height=&#8221;yes&#8221; gap=&#8221;35&#8243; el_class=&#8221;mb-4&#8243;][vc_column_inner width=&#8221;1\/4&#8243; css=&#8221;.vc_custom_1592336241287{padding-top: 0px !important;background-color: #ffffff !important;}&#8221;][vc_single_image image=&#8221;448&#8243; img_size=&#8221;full&#8221; onclick=&#8221;custom_link&#8221; link=&#8221;\/fr\/ca\/symptomes-et-problemes\/affections-cutanees-du-pied\/cors\/&#8221;][vc_separator][vc_column_text el_class=&#8221;lg&#8221;]\r\n<p style=\"text-align: center;\"><a href=\"https:\/\/www.drscholls.ca\/fr\/ca\/symptomes-et-problemes\/affections-cutanees-du-pied\/cors\/\">Cors<\/a><\/p>\r\n[\/vc_column_text][\/vc_column_inner][vc_column_inner width=&#8221;1\/4&#8243; css=&#8221;.vc_custom_1592336262621{padding-top: 0px !important;background-color: #ffffff !important;}&#8221;][vc_single_image image=&#8221;672&#8243; img_size=&#8221;full&#8221; onclick=&#8221;custom_link&#8221; link=&#8221;\/fr\/ca\/symptomes-et-problemes\/affections-cutanees-du-pied\/callosites\/&#8221;][vc_separator][vc_column_text el_class=&#8221;lg&#8221;]\r\n<p style=\"text-align: center;\"><a href=\"https:\/\/www.drscholls.ca\/fr\/ca\/symptomes-et-problemes\/affections-cutanees-du-pied\/callosites\/\">Callosit\u00e9s<\/a><\/p>\r\n[\/vc_column_text][\/vc_column_inner][vc_column_inner width=&#8221;1\/4&#8243; css=&#8221;.vc_custom_1592336255537{padding-top: 0px !important;background-color: #ffffff !important;}&#8221;][vc_single_image image=&#8221;671&#8243; img_size=&#8221;full&#8221; onclick=&#8221;custom_link&#8221; link=&#8221;\/fr\/ca\/symptomes-et-problemes\/affections-cutanees-du-pied\/oignons\/&#8221;][vc_separator][vc_column_text el_class=&#8221;lg&#8221;]\r\n<p style=\"text-align: center;\"><a href=\"https:\/\/www.drscholls.ca\/fr\/ca\/symptomes-et-problemes\/affections-cutanees-du-pied\/oignons\/\">Oignons<\/a><\/p>\r\n[\/vc_column_text][\/vc_column_inner][vc_column_inner width=&#8221;1\/4&#8243; css=&#8221;.vc_custom_1602524911419{padding-top: 0px !important;background-color: #ffffff !important;}&#8221;][vc_single_image image=&#8221;681&#8243; img_size=&#8221;full&#8221; alignment=&#8221;center&#8221; onclick=&#8221;custom_link&#8221; link=&#8221;\/fr\/ca\/symptomes-et-problemes\/affections-cutanees-du-pied\/pied-d-athlete\/&#8221;][vc_separator][vc_column_text el_class=&#8221;lg&#8221;]\r\n<p style=\"text-align: center;\"><a href=\"https:\/\/www.drscholls.ca\/fr\/ca\/symptomes-et-problemes\/affections-cutanees-du-pied\/pied-d-athlete\/\">Pied d\u2019athl\u00e8te <\/a><\/p>\r\n[\/vc_column_text][\/vc_column_inner][\/vc_row_inner][vc_btn title=&#8221;Voir les autres sympt\u00f4mes et affections du pied&#8221; color=&#8221;btn-blue&#8221; colour=&#8221;btn-blue&#8221; el_class=&#8221;btn-wavy&#8221; link=&#8221;url:https%3A%2F%2Fwww.drscholls.ca%2Ffr%2Fcc%2Fsymptomes-et-problemes-de-sante%2Fdouleur-aux-pieds-et-problemes-de-sante%2F|title:Foot%20Pain%20%26%20Conditions&#8221;][\/vc_column][vc_column width=&#8221;1\/6&#8243;][\/vc_column][\/vc_row][\/vc_section]<\/div>","protected":false},"excerpt":{"rendered":"<p>[vc_section full_width=&#8221;stretch_row&#8221; content_placement=&#8221;middle&#8221; el_class=&#8221;blue-gradient pt-5 pb-3 mb-5&#8243;][vc_row content_placement=&#8221;middle&#8221;][vc_column width=&#8221;2\/3&#8243;][vc_raw_html]JTNDaDElMjBjbGFzcyUzRCUyMnRleHQtdXBwZXJjYXNlJTIwbWItMCUyMiUzRUxFUyUyMEZBSVRTJTIwU1VSJTIwbGVzJTIwcGllZHMlMjBydWd1ZXV4JTJDJTIwc2VjcyUyMGV0JTIwZmVuZGlsbCVDMyVBOXMuJTNDc3BhbiUyMGNsYXNzJTNEJTIyeWVsbG93JTIyJTNFJTNBJTNDJTJGc3BhbiUzRSUzQyUyRmgxJTNFJTBBJTBBJTBB[\/vc_raw_html][\/vc_column][vc_column width=&#8221;1\/3&#8243;][vc_raw_html el_class=&#8221;yellow&#8221;]JTNDcCUzRSUzQ2ElMjBocmVmJTNEJTIyJTIzZGVmaW5pdGlvbiUyMiUyMGNsYXNzJTNEJTIyYW5jaG9yJTIyJTNFRGUlMjBxdW9pJTIwcyVFMiU4MCU5OWFnaXQtaWwlM0YlM0MlMkZhJTNFJTNDJTJGcCUzRSUwQSUzQ3AlM0UlM0NhJTIwaHJlZiUzRCUyMiUyM2NhdXNlcyUyMiUyMGNsYXNzJTNEJTIyYW5jaG9yJTIyJTNFUXVlbGxlcyUyMGVuJTIwc29udCUyMGxlcyUyMGNhdXNlcyUzRiUzQyUyRmElM0UlM0MlMkZwJTNFJTBBJTNDcCUzRSUzQ2ElMjBocmVmJTNEJTIyJTIzc29sdXRpb25zJTIyJTIwY2xhc3MlM0QlMjJhbmNob3IlMjIlM0VRdWUlMjBwdWlzLWplJTIwZmFpcmUlM0YlM0MlMkZhJTNFJTNDJTJGcCUzRQ==[\/vc_raw_html][\/vc_column][\/vc_row][\/vc_section][vc_section el_id=&#8221;definition&#8221; el_class=&#8221;mt-4 mb-5&#8243;][vc_row][vc_column width=&#8221;1\/12&#8243;][\/vc_column][vc_column width=&#8221;5\/6&#8243;][vc_custom_heading text=&#8221;QUE SONT des pieds rugueux, secs et fendill\u00e9s?&#8221; font_container=&#8221;tag:h2|text_align:center&#8221; use_theme_fonts=&#8221;yes&#8221; el_class=&#8221;text-uppercase&#8221;][\/vc_column][vc_column width=&#8221;1\/12&#8243;][\/vc_column][\/vc_row][\/vc_section][vc_section full_width=&#8221;stretch_row&#8221; el_class=&#8221;mb-5&#8243;][vc_row equal_height=&#8221;yes&#8221; content_placement=&#8221;middle&#8221; el_class=&#8221;no-padding&#8221;][vc_column width=&#8221;1\/2&#8243;][vc_single_image image=&#8221;13220&#8243; img_size=&#8221;full&#8221; el_class=&#8221;no-padding&#8221; css=&#8221;.vc_custom_1603297444253{margin-bottom: 0px !important;}&#8221;][\/vc_column][vc_column width=&#8221;1\/2&#8243; el_class=&#8221;yellow-gradient&#8221;][vc_column_text el_class=&#8221;px-5 pt-5 pb-3&#8243;]Dans la plupart des cas, la peau s\u00e8che n\u2019est pas une&hellip;<\/p>\n","protected":false},"author":10,"featured_media":0,"parent":11627,"menu_order":9,"comment_status":"closed","ping_status":"closed","template":"","meta":{"_acf_changed":false,"footnotes":""},"class_list":["post-13038","page","type-page","status-publish","hentry"],"acf":[],"_links":{"self":[{"href":"https:\/\/www.drscholls.ca\/fr\/wp-json\/wp\/v2\/pages\/13038","targetHints":{"allow":["GET"]}}],"collection":[{"href":"https:\/\/www.drscholls.ca\/fr\/wp-json\/wp\/v2\/pages"}],"about":[{"href":"https:\/\/www.drscholls.ca\/fr\/wp-json\/wp\/v2\/types\/page"}],"author":[{"embeddable":true,"href":"https:\/\/www.drscholls.ca\/fr\/wp-json\/wp\/v2\/users\/10"}],"replies":[{"embeddable":true,"href":"https:\/\/www.drscholls.ca\/fr\/wp-json\/wp\/v2\/comments?post=13038"}],"version-history":[{"count":0,"href":"https:\/\/www.drscholls.ca\/fr\/wp-json\/wp\/v2\/pages\/13038\/revisions"}],"up":[{"embeddable":true,"href":"https:\/\/www.drscholls.ca\/fr\/wp-json\/wp\/v2\/pages\/11627"}],"wp:attachment":[{"href":"https:\/\/www.drscholls.ca\/fr\/wp-json\/wp\/v2\/media?parent=13038"}],"curies":[{"name":"wp","href":"https:\/\/api.w.org\/{rel}","templated":true}]}}