{"id":11562,"date":"2020-07-17T14:44:05","date_gmt":"2020-07-17T19:44:05","guid":{"rendered":"https:\/\/www.drscholls.ca\/fr\/?page_id=11562"},"modified":"2020-11-11T13:33:08","modified_gmt":"2020-11-11T18:33:08","slug":"accessibilite","status":"publish","type":"page","link":"https:\/\/www.drscholls.ca\/fr\/t\/accessibilite\/","title":{"rendered":"Accessibilit\u00e9"},"content":{"rendered":"<div class=\"wpb-content-wrapper\">[vc_section][vc_row][vc_column][vc_column_text]\r\n<h3 style=\"text-align: center;\">Accessibilit\u00e9<\/h3>\r\nScholl\u2019s Wellness Company s\u2019engage \u00e0 offrir des communications accessibles, y compris ce site Web. Cette version (2016) a \u00e9t\u00e9 con\u00e7ue en respectant les R\u00e8gles pour l\u2019accessibilit\u00e9 des contenus Web (WCAG) 2.0, niveau AA. Cela signifie que le contenu est plus accessible aux personnes handicap\u00e9es, y compris celles qui utilisent des lecteurs d\u2019\u00e9cran ou un clavier pour l\u2019entr\u00e9e de donn\u00e9es.\r\n<h4>Contenu non conforme<\/h4>\r\nLe contenu de ce site Web a \u00e9t\u00e9 mis en ligne au moyen d\u2019applications fournies par des soci\u00e9t\u00e9s tierces. Malgr\u00e9 tous nos efforts pour choisir des applications conformes aux R\u00e8gles pour l\u2019accessibilit\u00e9 des contenus Web (WCAG), nous ne pouvons en garantir la conformit\u00e9.\r\n\r\nExemples d\u2019applications :\r\n<ul>\r\n \t<li>Outils de localisation de magasins ou de centres de l\u2019orth\u00e8se<\/li>\r\n \t<li>Bons de r\u00e9duction<\/li>\r\n \t<li>Outil de lecture de codes de produits<\/li>\r\n<\/ul>\r\n<h4>Que sont les WCAG?<\/h4>\r\nLes R\u00e8gles pour l\u2019accessibilit\u00e9 des contenus Web (<a href=\"https:\/\/www.w3.org\/TR\/WCAG20\/\">Web Content Accessibility Guidelines [WCAG] 2.0<\/a>) sont des normes internationales qui visent \u00e0 rendre les sites Web et leur contenu accessibles au plus grand nombre d\u2019usagers handicap\u00e9s.\r\n<h4>Assistance<\/h4>\r\nSi vous avez des difficult\u00e9s \u00e0 acc\u00e9der au contenu de ce site, ou si vous avez des questions au sujet de notre engagement \u00e0 offrir des communications accessibles, veuillez nous joindre par le site Web www.drscholls.ca\/fr\/[\/vc_column_text][\/vc_column][\/vc_row][\/vc_section]<\/div>","protected":false},"excerpt":{"rendered":"<p>[vc_section][vc_row][vc_column][vc_column_text] Accessibilit\u00e9 Scholl\u2019s Wellness Company s\u2019engage \u00e0 offrir des communications accessibles, y compris ce site Web. Cette version (2016) a \u00e9t\u00e9 con\u00e7ue en respectant les R\u00e8gles pour l\u2019accessibilit\u00e9 des contenus Web (WCAG) 2.0, niveau AA. Cela signifie que le contenu est plus accessible aux personnes handicap\u00e9es, y compris celles qui utilisent des lecteurs d\u2019\u00e9cran ou&hellip;<\/p>\n","protected":false},"author":4,"featured_media":0,"parent":11744,"menu_order":0,"comment_status":"closed","ping_status":"closed","template":"","meta":{"_acf_changed":false,"footnotes":""},"class_list":["post-11562","page","type-page","status-publish","hentry"],"acf":[],"_links":{"self":[{"href":"https:\/\/www.drscholls.ca\/fr\/wp-json\/wp\/v2\/pages\/11562","targetHints":{"allow":["GET"]}}],"collection":[{"href":"https:\/\/www.drscholls.ca\/fr\/wp-json\/wp\/v2\/pages"}],"about":[{"href":"https:\/\/www.drscholls.ca\/fr\/wp-json\/wp\/v2\/types\/page"}],"author":[{"embeddable":true,"href":"https:\/\/www.drscholls.ca\/fr\/wp-json\/wp\/v2\/users\/4"}],"replies":[{"embeddable":true,"href":"https:\/\/www.drscholls.ca\/fr\/wp-json\/wp\/v2\/comments?post=11562"}],"version-history":[{"count":0,"href":"https:\/\/www.drscholls.ca\/fr\/wp-json\/wp\/v2\/pages\/11562\/revisions"}],"up":[{"embeddable":true,"href":"https:\/\/www.drscholls.ca\/fr\/wp-json\/wp\/v2\/pages\/11744"}],"wp:attachment":[{"href":"https:\/\/www.drscholls.ca\/fr\/wp-json\/wp\/v2\/media?parent=11562"}],"curies":[{"name":"wp","href":"https:\/\/api.w.org\/{rel}","templated":true}]}}