{"id":11555,"date":"2020-07-17T14:12:27","date_gmt":"2020-07-17T19:12:27","guid":{"rendered":"https:\/\/www.drscholls.ca\/fr\/?page_id=11555"},"modified":"2020-11-17T19:14:39","modified_gmt":"2020-11-18T00:14:39","slug":"souliers-chaussettes","status":"publish","type":"page","link":"https:\/\/www.drscholls.ca\/fr\/t\/souliers-chaussettes\/","title":{"rendered":"Chaussures et chaussettes Dr. Scholl\u00ae"},"content":{"rendered":"<div class=\"wpb-content-wrapper\">[vc_section][vc_row][vc_column][vc_custom_heading text=&#8221;Chaussures, chaussettes et autres partenaires de Dr. Scholl\u2018s&#8221; font_container=&#8221;tag:h3|text_align:center&#8221; use_theme_fonts=&#8221;yes&#8221;][vc_column_text]\r\n<h6 style=\"text-align: center;\">Pour en savoir plus sur les autres produits du Dr Scholl.<\/h6>\r\n[\/vc_column_text][vc_separator][vc_empty_space height=&#8221;16px&#8221;][\/vc_column][\/vc_row][vc_row content_placement=&#8221;middle&#8221; el_class=&#8221;licensing&#8221;][vc_column width=&#8221;1\/2&#8243; offset=&#8221;vc_hidden-sm vc_hidden-xs&#8221;][vc_custom_heading text=&#8221;Chaussures Dr. Scholl\u2018s\u00ae&#8221; font_container=&#8221;tag:h4|text_align:center&#8221; use_theme_fonts=&#8221;yes&#8221;][vc_empty_space height=&#8221;16px&#8221;][vc_column_text]\r\n<p style=\"text-align: center;\">Les chaussures Dr Scholl\u2018s s\u2019est donn\u00e9 pour mandat de fabriquer des chaussures pour hommes, femmes et enfants qui sont non seulement belles et confortables, mais aussi fabriqu\u00e9es de mani\u00e8re \u00e9cologique avec des mat\u00e9riaux durables et d\u2019origine responsable. Dans les ann\u00e9es\u00a01960, le Dr William Scholl a chang\u00e9 la donne avec une sandale d\u2019exercice en bois, aujourd\u2019hui devenue une ic\u00f4ne, qui a lanc\u00e9 un mouvement de fabrication de chaussures \u00e9tonnantes au confort incroyable. Aujourd\u2019hui, Dr. les chaussures Scholl\u2018s maintiennent cet enthousiasme en offrant des produits de confort absolu.<\/p>\r\n[\/vc_column_text][vc_empty_space height=&#8221;16px&#8221;][vc_btn title=&#8221;POUR EN SAVOIR PLUS&#8221; color=&#8221;btn-blue&#8221; align=&#8221;center&#8221; button_block=&#8221;true&#8221; colour=&#8221;btn-yellow&#8221; el_class=&#8221;btn-wavy&#8221; link=&#8221;url:https%3A%2F%2Fwww.drschollsshoes.com%2Fcollections%2Famerican-lifestyle-collection|||rel:nofollow&#8221;][\/vc_column][vc_column width=&#8221;1\/2&#8243; offset=&#8221;vc_hidden-sm vc_hidden-xs&#8221;][vc_single_image image=&#8221;12087&#8243; img_size=&#8221;full&#8221; alignment=&#8221;right&#8221;][\/vc_column][\/vc_row][vc_row content_placement=&#8221;middle&#8221; el_class=&#8221;licensing&#8221;][vc_column width=&#8221;1\/2&#8243; offset=&#8221;vc_hidden-lg vc_hidden-md&#8221;][vc_custom_heading text=&#8221;Chaussures Dr. Scholl\u2018s<sup>\u00ae<\/sup>&#8221; font_container=&#8221;tag:h4|text_align:center&#8221; use_theme_fonts=&#8221;yes&#8221;][vc_empty_space height=&#8221;16px&#8221;][vc_single_image image=&#8221;12087&#8243; img_size=&#8221;full&#8221; alignment=&#8221;right&#8221;][vc_empty_space height=&#8221;16px&#8221;][vc_column_text]\r\n<p style=\"text-align: center;\">Les chaussures Dr Scholl\u2018s s\u2019est donn\u00e9 pour mandat de fabriquer des chaussures pour hommes, femmes et enfants qui sont non seulement belles et confortables, mais aussi fabriqu\u00e9es de mani\u00e8re \u00e9cologique avec des mat\u00e9riaux durables et d\u2019origine responsable. Dans les ann\u00e9es 1960, le Dr William Scholl a chang\u00e9 la donne avec une sandale d\u2019exercice en bois, aujourd\u2019hui devenue une ic\u00f4ne, qui a lanc\u00e9 un mouvement de fabrication de chaussures \u00e9tonnantes au confort incroyable. Aujourd\u2019hui, Dr. les chaussures Scholl\u2018s maintiennent cet enthousiasme en offrant des produits de confort absolu.<\/p>\r\n[\/vc_column_text][vc_empty_space height=&#8221;16px&#8221;][vc_btn title=&#8221;POUR EN SAVOI PLUS&#8221; color=&#8221;btn-blue&#8221; size=&#8221;lg&#8221; align=&#8221;center&#8221; button_block=&#8221;true&#8221; colour=&#8221;btn-yellow&#8221; el_class=&#8221;btn-wavy&#8221; link=&#8221;url:https%3A%2F%2Fwww.drschollsshoes.com%2Fcollections%2Famerican-lifestyle-collection|rel:nofollow&#8221;][\/vc_column][vc_column width=&#8221;1\/2&#8243; offset=&#8221;vc_hidden-lg vc_hidden-md&#8221;][\/vc_column][\/vc_row][vc_row][vc_column][vc_empty_space height=&#8221;16px&#8221;][\/vc_column][\/vc_row][vc_row content_placement=&#8221;middle&#8221;][vc_column width=&#8221;1\/2&#8243;][vc_single_image image=&#8221;11558&#8243; img_size=&#8221;full&#8221;][\/vc_column][vc_column width=&#8221;1\/2&#8243;][vc_custom_heading text=&#8221;Chaussettes Dr. Scholl\u2019s\u00ae&#8221; font_container=&#8221;tag:h4|text_align:center&#8221; use_theme_fonts=&#8221;yes&#8221;][vc_empty_space height=&#8221;16px&#8221;][vc_column_text]\r\n<p style=\"text-align: center;\">En tant que chef de file du march\u00e9 des chaussettes sant\u00e9, Dr Scholl fabrique ses chaussettes en utilisant des technologies de pointe con\u00e7ues pour apporter confort et soulagement toute la journ\u00e9e. Fils Blister Guard\u00ae, technologie TempRite\u2122, amortissement de protection, chaussettes pour diab\u00e9tique ultra-confortables, chaussettes aux coutures douces et plus encore, Dr Sholl\u2019s\u00ae se d\u00e9marque par ses chaussettes de qualit\u00e9 que vous constaterez \u00e0 chaque pas. Vivez en bonne sant\u00e9 et bougez confortablement gr\u00e2ce aux chaussettes Dr Scholl!<\/p>\r\n[\/vc_column_text][vc_empty_space height=&#8221;16px&#8221;][vc_btn title=&#8221;POUR EN SAVOIR PLUS&#8221; color=&#8221;btn-blue&#8221; align=&#8221;center&#8221; button_block=&#8221;true&#8221; colour=&#8221;btn-yellow&#8221; el_class=&#8221;btn-wavy&#8221; link=&#8221;url:https%3A%2F%2Fwww.renfrosocks.com%2Fdrscholls-all-socks.aspx|||rel:nofollow&#8221;][\/vc_column][\/vc_row][\/vc_section]<\/div>","protected":false},"excerpt":{"rendered":"<p>[vc_section][vc_row][vc_column][vc_custom_heading text=&#8221;Chaussures, chaussettes et autres partenaires de Dr. Scholl\u2018s&#8221; font_container=&#8221;tag:h3|text_align:center&#8221; use_theme_fonts=&#8221;yes&#8221;][vc_column_text] Pour en savoir plus sur les autres produits du Dr Scholl. [\/vc_column_text][vc_separator][vc_empty_space height=&#8221;16px&#8221;][\/vc_column][\/vc_row][vc_row content_placement=&#8221;middle&#8221; el_class=&#8221;licensing&#8221;][vc_column width=&#8221;1\/2&#8243; offset=&#8221;vc_hidden-sm vc_hidden-xs&#8221;][vc_custom_heading text=&#8221;Chaussures Dr. Scholl\u2018s\u00ae&#8221; font_container=&#8221;tag:h4|text_align:center&#8221; use_theme_fonts=&#8221;yes&#8221;][vc_empty_space height=&#8221;16px&#8221;][vc_column_text] Les chaussures Dr Scholl\u2018s s\u2019est donn\u00e9 pour mandat de fabriquer des chaussures pour hommes, femmes et enfants qui sont non&hellip;<\/p>\n","protected":false},"author":10,"featured_media":0,"parent":11744,"menu_order":0,"comment_status":"closed","ping_status":"closed","template":"","meta":{"_acf_changed":false,"footnotes":""},"class_list":["post-11555","page","type-page","status-publish","hentry"],"acf":[],"_links":{"self":[{"href":"https:\/\/www.drscholls.ca\/fr\/wp-json\/wp\/v2\/pages\/11555","targetHints":{"allow":["GET"]}}],"collection":[{"href":"https:\/\/www.drscholls.ca\/fr\/wp-json\/wp\/v2\/pages"}],"about":[{"href":"https:\/\/www.drscholls.ca\/fr\/wp-json\/wp\/v2\/types\/page"}],"author":[{"embeddable":true,"href":"https:\/\/www.drscholls.ca\/fr\/wp-json\/wp\/v2\/users\/10"}],"replies":[{"embeddable":true,"href":"https:\/\/www.drscholls.ca\/fr\/wp-json\/wp\/v2\/comments?post=11555"}],"version-history":[{"count":0,"href":"https:\/\/www.drscholls.ca\/fr\/wp-json\/wp\/v2\/pages\/11555\/revisions"}],"up":[{"embeddable":true,"href":"https:\/\/www.drscholls.ca\/fr\/wp-json\/wp\/v2\/pages\/11744"}],"wp:attachment":[{"href":"https:\/\/www.drscholls.ca\/fr\/wp-json\/wp\/v2\/media?parent=11555"}],"curies":[{"name":"wp","href":"https:\/\/api.w.org\/{rel}","templated":true}]}}