{"id":11547,"date":"2020-07-17T13:00:50","date_gmt":"2020-07-17T18:00:50","guid":{"rendered":"https:\/\/www.drscholls.ca\/fr\/?page_id=11547"},"modified":"2020-11-09T20:17:10","modified_gmt":"2020-11-10T01:17:10","slug":"notre-objectif","status":"publish","type":"page","link":"https:\/\/www.drscholls.ca\/fr\/t\/notre-objectif\/","title":{"rendered":"Notre Mission"},"content":{"rendered":"<div class=\"wpb-content-wrapper\">[vc_section full_width=&#8221;stretch_row&#8221;][vc_row][vc_column][vc_custom_heading text=&#8221;Notre Mission&#8221; font_container=&#8221;tag:h2|text_align:center&#8221; use_theme_fonts=&#8221;yes&#8221;][vc_empty_space height=&#8221;16px&#8221;][\/vc_column][\/vc_row][vc_row][vc_column][vc_column_text]Notre marque, Dr. Scholl\u2019s\u00ae, est synonyme de soins des pieds depuis plus de 110\u00a0ans et reste la marque la plus fiable en mati\u00e8re de soins des pieds.\r\n\r\nAujourd\u2019hui, nous travaillons toujours \u00e0 faire avancer la mission de notre fondateur, le docteur William Mathias Scholl, dont la passion pour le soutien scientifique des pieds afin d\u2019am\u00e9liorer la mobilit\u00e9 a permis \u00e0 son entreprise de devenir un nom connu de tous. Bouger, c\u2019est sant\u00e9! C\u2019est pourquoi nous nous sommes engag\u00e9s \u00e0 vous aider \u00e0 am\u00e9liorer votre mobilit\u00e9 \u00e0 partir de la base. Nos produits sont con\u00e7us pour aider \u00e0 \u00e9liminer la fatigue, l\u2019inconfort et la douleur \u00e0 la source, afin que vous puissiez continuer \u00e0 bouger et profiter d\u2019une vie encore plus active et saine.\r\n<ul>\r\n \t<li>Nos semelles procurent confort, r\u00e9duisent la fatigue, et r\u00e9duisent ou pr\u00e9viennent les douleurs du bas du dos associ\u00e9es \u00e0 de longues p\u00e9riodes debout, preuves cliniques \u00e0 l\u2019appui. En soutenant correctement les pieds, et par cons\u00e9quent tout le corps, nos semelles aident \u00e0 stabiliser les pieds et \u00e0 absorber l\u2019impact des pieds sur le sol &#8211; lequel peut atteindre jusqu\u2019\u00e0 2 \u00e0 3\u00a0fois votre poids corporel. Ce mart\u00e8lement constant peut entra\u00eener une fatigue des pieds, une fatigue musculaire et des douleurs dans le bas du corps.<\/li>\r\n \t<li>Nous proposons \u00e9galement une gamme compl\u00e8te de produits de traitement de la peau des pieds pour aider \u00e0 traiter facilement et discr\u00e8tement les affections courantes \u00e0 la maison, notamment des coussinets et des traitements pour les verrues, les cors, les callosit\u00e9s, les ampoules et les oignons, ainsi qu\u2019un traitement pour les ongles incarn\u00e9s.<\/li>\r\n \t<li>Nos vaporisateurs\/poudres contre les odeurs de pieds et la moiteur \u00e9liminent odeur, transpiration et pied d\u2019athl\u00e8te, et nos semelles d\u00e9sodorisantes s\u2019occupent des odeurs, gardent les pieds au frais et servent aussi d\u2019amortissement.<\/li>\r\n<\/ul>\r\nNous aimons les pieds, et nous sommes l\u00e0 pour vous aider \u00e0 donner le meilleur de vous-m\u00eame et \u00e0 faire davantage de ce que vous aimez faire![\/vc_column_text][vc_empty_space height=&#8221;16px&#8221;][\/vc_column][\/vc_row][vc_row content_placement=&#8221;middle&#8221; css=&#8221;.vc_custom_1595008886521{background-image: url(https:\/\/www.drscholls.ca\/fr\/wp-content\/uploads\/sites\/4\/d_AboutDRS_13.0_1440x595_SOM.png?id=11548) !important;}&#8221; el_class=&#8221;section-background-485&#8243;][vc_column][vc_custom_heading text=&#8221;EN SAVOIR PLUS SUR LA SCIENCE DU MOUVEMENT.&#8221; font_container=&#8221;tag:h2|text_align:center&#8221; use_theme_fonts=&#8221;yes&#8221; el_class=&#8221;white&#8221; link=&#8221;url:%2Fscience-of-movement%2F|title:Science%20of%20Movement||&#8221;][vc_custom_heading text=&#8221;\u00caTRE ACTIF SANS SOUCI SIGNIFIE BOUGER PLUS. ET BOUGER PLUS C\u2019EST \u00caTRE EN MEILLEURE SANT\u00c9.&#8221; font_container=&#8221;tag:h6|text_align:center&#8221; use_theme_fonts=&#8221;yes&#8221; el_class=&#8221;white&#8221; link=&#8221;|||&#8221;][\/vc_column][\/vc_row][\/vc_section]<\/div>","protected":false},"excerpt":{"rendered":"<p>[vc_section full_width=&#8221;stretch_row&#8221;][vc_row][vc_column][vc_custom_heading text=&#8221;Notre Mission&#8221; font_container=&#8221;tag:h2|text_align:center&#8221; use_theme_fonts=&#8221;yes&#8221;][vc_empty_space height=&#8221;16px&#8221;][\/vc_column][\/vc_row][vc_row][vc_column][vc_column_text]Notre marque, Dr. Scholl\u2019s\u00ae, est synonyme de soins des pieds depuis plus de 110\u00a0ans et reste la marque la plus fiable en mati\u00e8re de soins des pieds. Aujourd\u2019hui, nous travaillons toujours \u00e0 faire avancer la mission de notre fondateur, le docteur William Mathias Scholl, dont la passion pour le&hellip;<\/p>\n","protected":false},"author":10,"featured_media":0,"parent":11744,"menu_order":0,"comment_status":"closed","ping_status":"closed","template":"","meta":{"_acf_changed":false,"footnotes":""},"class_list":["post-11547","page","type-page","status-publish","hentry"],"acf":[],"_links":{"self":[{"href":"https:\/\/www.drscholls.ca\/fr\/wp-json\/wp\/v2\/pages\/11547","targetHints":{"allow":["GET"]}}],"collection":[{"href":"https:\/\/www.drscholls.ca\/fr\/wp-json\/wp\/v2\/pages"}],"about":[{"href":"https:\/\/www.drscholls.ca\/fr\/wp-json\/wp\/v2\/types\/page"}],"author":[{"embeddable":true,"href":"https:\/\/www.drscholls.ca\/fr\/wp-json\/wp\/v2\/users\/10"}],"replies":[{"embeddable":true,"href":"https:\/\/www.drscholls.ca\/fr\/wp-json\/wp\/v2\/comments?post=11547"}],"version-history":[{"count":0,"href":"https:\/\/www.drscholls.ca\/fr\/wp-json\/wp\/v2\/pages\/11547\/revisions"}],"up":[{"embeddable":true,"href":"https:\/\/www.drscholls.ca\/fr\/wp-json\/wp\/v2\/pages\/11744"}],"wp:attachment":[{"href":"https:\/\/www.drscholls.ca\/fr\/wp-json\/wp\/v2\/media?parent=11547"}],"curies":[{"name":"wp","href":"https:\/\/api.w.org\/{rel}","templated":true}]}}