{"id":11541,"date":"2020-07-17T10:01:10","date_gmt":"2020-07-17T15:01:10","guid":{"rendered":"https:\/\/www.drscholls.ca\/fr\/?page_id=11541"},"modified":"2020-11-09T15:24:40","modified_gmt":"2020-11-09T20:24:40","slug":"a-propos-du-dr-william-scholl","status":"publish","type":"page","link":"https:\/\/www.drscholls.ca\/fr\/t\/a-propos-du-dr-william-scholl\/","title":{"rendered":"\u00c0 Propos du Dr William Mathias Scholl"},"content":{"rendered":"<div class=\"wpb-content-wrapper\">[vc_section][vc_row][vc_column][vc_custom_heading text=&#8221;\u00c0 Propos du Dr William Mathias Scholl&#8221; font_container=&#8221;tag:h3|text_align:center&#8221; use_theme_fonts=&#8221;yes&#8221;][vc_empty_space][\/vc_column][\/vc_row][vc_row][vc_column width=&#8221;1\/2&#8243;][vc_single_image image=&#8221;11545&#8243; img_size=&#8221;full&#8221;][\/vc_column][vc_column width=&#8221;1\/2&#8243;][vc_column_text]Le Dr William Mathias Scholl est n\u00e9 le 22 juin 1882 \u00e0 La Porte, dans l\u2019Indiana. L\u2019un des 13\u00a0enfants et fils d\u2019un fabricant de carrosses et producteur laitier, le Dr Scholl a appris l\u2019importance d\u2019une solide \u00e9thique de travail en grandissant sur la ferme familiale.\r\n\r\nIl a aussi appris les soins des pieds et des chaussures gr\u00e2ce \u00e0 son grand-p\u00e8re, qui \u00e9tait cordonnier en Allemagne. Le jeune William Scholl empruntait souvent des outils \u00e0 son grand-p\u00e8re pour r\u00e9parer ses propres chaussures, et il est graduellement devenu le cordonnier de la famille.\r\n\r\nWilliam Scholl a quitt\u00e9 la ferme familiale \u00e0 16\u00a0ans pour travailler comme apprenti dans une cordonnerie de Chicago, o\u00f9 il a rapidement d\u00e9couvert que les citadins souffraient de douleurs aux pieds tout comme les gens de la ferme. Fascin\u00e9 par les affections des pieds et la mani\u00e8re de les traiter, il a suivi des cours du soir et a \u00e9tudi\u00e9 la m\u00e9decine \u00e0 l\u2019universit\u00e9 Loyola de Chicago pour obtenir son doctorat en m\u00e9decine.[\/vc_column_text][\/vc_column][\/vc_row][vc_row][vc_column width=&#8221;1\/2&#8243;][vc_column_text]En 1904, alors qu\u2019il \u00e9tait encore \u00e0 l\u2019\u00e9cole, William Scholl a invent\u00e9 et brevet\u00e9 son premier support pour la vo\u00fbte plantaire. Pour commercialiser et vendre son invention, il a fond\u00e9 la soci\u00e9t\u00e9 Dr. Scholl\u2019s<sup>\u00ae<\/sup> en 1906 et a ensuite travaill\u00e9 avec son fr\u00e8re, Frank, pour d\u00e9velopper la soci\u00e9t\u00e9 \u00e0 l\u2019\u00e9tranger. Au cours des d\u00e9cennies suivantes, le Dr Scholl\u2018s a b\u00e2ti une entreprise sur la simple conviction que &#8220;quand on a mal aux pieds, on a mal partout&#8221;.\r\n\r\nL\u2019expertise du Dr Scholl dans le domaine des chaussures, combin\u00e9e \u00e0 sa formation m\u00e9dicale, l\u2019a aid\u00e9 \u00e0 mettre au point beaucoup des solutions innovantes propos\u00e9es aujourd\u2019hui par son entreprise. Au cours de sa vie, le Dr Scholl&#8217;s<sup>\u00ae<\/sup> a contribu\u00e9 \u00e0 la mise sur le march\u00e9 de plus de 1000\u00a0produits de soins des pieds dans le monde entier.\r\n\r\nTout en cr\u00e9ant l\u2019une des marques les plus connues au monde, William Scholl a r\u00e9alis\u00e9 que sa bonne fortune pouvait \u00eatre utilis\u00e9e pour aider les autres. En 1947, il a cr\u00e9\u00e9 la Fondation Dr. Scholl pour poursuivre son \u0153uvre de bienfaisance. Le Dr Scholl est d\u00e9c\u00e9d\u00e9 le 29 mars 1968, laissant la majeure partie de sa succession \u00e0 la fondation.[\/vc_column_text][\/vc_column][vc_column width=&#8221;1\/2&#8243;][vc_single_image image=&#8221;11546&#8243; img_size=&#8221;full&#8221; alignment=&#8221;right&#8221;][\/vc_column][\/vc_row][\/vc_section]<\/div>","protected":false},"excerpt":{"rendered":"<p>[vc_section][vc_row][vc_column][vc_custom_heading text=&#8221;\u00c0 Propos du Dr William Mathias Scholl&#8221; font_container=&#8221;tag:h3|text_align:center&#8221; use_theme_fonts=&#8221;yes&#8221;][vc_empty_space][\/vc_column][\/vc_row][vc_row][vc_column width=&#8221;1\/2&#8243;][vc_single_image image=&#8221;11545&#8243; img_size=&#8221;full&#8221;][\/vc_column][vc_column width=&#8221;1\/2&#8243;][vc_column_text]Le Dr William Mathias Scholl est n\u00e9 le 22 juin 1882 \u00e0 La Porte, dans l\u2019Indiana. L\u2019un des 13\u00a0enfants et fils d\u2019un fabricant de carrosses et producteur laitier, le Dr Scholl a appris l\u2019importance d\u2019une solide \u00e9thique de travail en grandissant sur&hellip;<\/p>\n","protected":false},"author":10,"featured_media":0,"parent":11744,"menu_order":0,"comment_status":"closed","ping_status":"closed","template":"","meta":{"_acf_changed":false,"footnotes":""},"class_list":["post-11541","page","type-page","status-publish","hentry"],"acf":[],"_links":{"self":[{"href":"https:\/\/www.drscholls.ca\/fr\/wp-json\/wp\/v2\/pages\/11541","targetHints":{"allow":["GET"]}}],"collection":[{"href":"https:\/\/www.drscholls.ca\/fr\/wp-json\/wp\/v2\/pages"}],"about":[{"href":"https:\/\/www.drscholls.ca\/fr\/wp-json\/wp\/v2\/types\/page"}],"author":[{"embeddable":true,"href":"https:\/\/www.drscholls.ca\/fr\/wp-json\/wp\/v2\/users\/10"}],"replies":[{"embeddable":true,"href":"https:\/\/www.drscholls.ca\/fr\/wp-json\/wp\/v2\/comments?post=11541"}],"version-history":[{"count":0,"href":"https:\/\/www.drscholls.ca\/fr\/wp-json\/wp\/v2\/pages\/11541\/revisions"}],"up":[{"embeddable":true,"href":"https:\/\/www.drscholls.ca\/fr\/wp-json\/wp\/v2\/pages\/11744"}],"wp:attachment":[{"href":"https:\/\/www.drscholls.ca\/fr\/wp-json\/wp\/v2\/media?parent=11541"}],"curies":[{"name":"wp","href":"https:\/\/api.w.org\/{rel}","templated":true}]}}